{"id":10440,"date":"2024-11-13T15:17:32","date_gmt":"2024-11-13T07:17:32","guid":{"rendered":"https:\/\/chemneo.com\/product\/10440.html"},"modified":"2024-11-13T15:17:32","modified_gmt":"2024-11-13T07:17:32","slug":"lithocholic-acid-cas-434-13-9-2","status":"publish","type":"product","link":"https:\/\/chemneo.com\/es\/product\/10440.html","title":{"rendered":"\u00c1cido litoc\u00f3lico CAS 434-13-9"},"content":{"rendered":"<p>Descripci\u00f3n<\/p>\n<p>\tLithocholic Acid Quick Details<br \/>\nNombre qu\u00edmico: \u00c1cido litoc\u00f3lico<br \/>\nN\u00ba CAS: 434-13-9<br \/>\nF\u00f3mula molecular: C24H40O3<br \/>\nEstructura qu\u00edmica:<\/p>\n<p>Peso molecular: 376,57<br \/>\nAspecto: Polvo<br \/>\nLithocholic Acid Typical Properties<\/p>\n<p>ITEMS<br \/>\nSPECIFICATION<\/p>\n<p>Melting point<br \/>\n183-188 \u00b0C (lit.)<\/p>\n<p>Solubilidad<br \/>\nChloroform (slightly soluble), dichloromethane (slightly soluble, heated), DMSO (slightly soluble, heated)<\/p>\n<p>Densidad<br \/>\n1.0454 (rough estimate)<\/p>\n<p>\u00a0<br \/>\nLithocholic Acid application:<br \/>\nLithocholic acid can kill glioma cells and is harmless to normal nerve cells.<br \/>\nLithocholic Acid Packaging and Shipping\u00a0<br \/>\ncustomized according to customer needs.<br \/>\nLithocholic Acid Storage<br \/>\nIt should be stored in a clean, dry and cool place, preventing from sunlight, rain.<\/p>","protected":false},"excerpt":{"rendered":"<p>Nombre qu\u00edmico: \u00c1cido litoc\u00f3lico<br \/>\nN\u00ba CAS: 434-13-9<br \/>\nF\u00f3mula molecular: C24H40O3<br \/>\nPeso molecular: 376,57<br \/>\nAspecto: Polvo<\/p>","protected":false},"featured_media":6779,"comment_status":"open","ping_status":"closed","template":"","meta":[],"product_brand":[],"product_cat":[17],"product_tag":[],"class_list":{"0":"post-10440","1":"product","2":"type-product","3":"status-publish","4":"has-post-thumbnail","6":"product_cat-uncategorized","8":"first","9":"instock","10":"shipping-taxable","11":"product-type-simple"},"_links":{"self":[{"href":"https:\/\/chemneo.com\/es\/wp-json\/wp\/v2\/product\/10440","targetHints":{"allow":["GET"]}}],"collection":[{"href":"https:\/\/chemneo.com\/es\/wp-json\/wp\/v2\/product"}],"about":[{"href":"https:\/\/chemneo.com\/es\/wp-json\/wp\/v2\/types\/product"}],"replies":[{"embeddable":true,"href":"https:\/\/chemneo.com\/es\/wp-json\/wp\/v2\/comments?post=10440"}],"wp:featuredmedia":[{"embeddable":true,"href":"https:\/\/chemneo.com\/es\/wp-json\/wp\/v2\/media\/6779"}],"wp:attachment":[{"href":"https:\/\/chemneo.com\/es\/wp-json\/wp\/v2\/media?parent=10440"}],"wp:term":[{"taxonomy":"product_brand","embeddable":true,"href":"https:\/\/chemneo.com\/es\/wp-json\/wp\/v2\/product_brand?post=10440"},{"taxonomy":"product_cat","embeddable":true,"href":"https:\/\/chemneo.com\/es\/wp-json\/wp\/v2\/product_cat?post=10440"},{"taxonomy":"product_tag","embeddable":true,"href":"https:\/\/chemneo.com\/es\/wp-json\/wp\/v2\/product_tag?post=10440"}],"curies":[{"name":"wp","href":"https:\/\/api.w.org\/{rel}","templated":true}]}}