{"id":10494,"date":"2024-11-13T15:17:40","date_gmt":"2024-11-13T07:17:40","guid":{"rendered":"https:\/\/chemneo.com\/product\/10494.html"},"modified":"2024-11-13T15:17:40","modified_gmt":"2024-11-13T07:17:40","slug":"aminotrimethylenephosphonic-acid-potassium-salt-cas-27794-93-0-2","status":"publish","type":"product","link":"https:\/\/chemneo.com\/es\/product\/10494.html","title":{"rendered":"Sal pot\u00e1sica del \u00e1cido aminotrimetilenofosf\u00f3nico CAS 27794-93-0"},"content":{"rendered":"<p>Descripci\u00f3n<\/p>\n<p>\tAminotrimethylenephosphonic acid potassium salt Quick Details<br \/>\nNombre qu\u00edmico: Sal pot\u00e1sica del \u00e1cido aminotrimetilenofosf\u00f3nico<br \/>\nN\u00ba CAS: 27794-93-0<br \/>\nF\u00f3mula molecular: C3H7K4NO6P2<br \/>\nEstructura qu\u00edmica:<br \/>\nPeso molecular: 371,43<br \/>\nAspecto: L\u00edquido transparente incoloro o amarillo claro<br \/>\nEnsayo: 35-40%<br \/>\nAminotrimethylenephosphonic acid potassium salt Typical Properties<\/p>\n<p>Item<br \/>\nSpecifications<\/p>\n<p>Apariencia<br \/>\nColorless or light yellow transparent liquid<\/p>\n<p>Active content (As ATMP) %<br \/>\n35-40<\/p>\n<p>PH (1% water)<br \/>\n2.0-2.5<\/p>\n<p>Total phosphoric acid %<br \/>\n34.8-36.8<\/p>\n<p>Density(20\u2103)g\/cm3<br \/>\n1.25-1.35<\/p>\n<p>Iron ppm<br \/>\n35max<\/p>\n<p>\u00a0<br \/>\nAminotrimethylenephosphonic acid potassium salt application:<br \/>\nCompounded with other organic phosphoric acids, polycarboxylic acids or salts to form organic water treatment agents, which can be used in circulating cooling water systems under various water quality conditions.<br \/>\nAminotrimethylenephosphonic acid potassium salt Packaging and Shipping\u00a0<br \/>\n250kg\/drum, customized according to customer needs.<br \/>\nAminotrimethylenephosphonic acid potassium salt Storage<br \/>\nIt should be stored in a clean, dry and cool place, preventing from sunlight, rain.<\/p>","protected":false},"excerpt":{"rendered":"<p>Nombre qu\u00edmico: Sal pot\u00e1sica del \u00e1cido aminotrimetilenofosf\u00f3nico<br \/>\nN\u00ba CAS: 27794-93-0<br \/>\nF\u00f3mula molecular: C3H7K4NO6P2<br \/>\nPeso molecular: 371,43<br \/>\nAspecto: L\u00edquido transparente incoloro o amarillo claro<br \/>\nEnsayo: 35-40%<\/p>","protected":false},"featured_media":6886,"comment_status":"open","ping_status":"closed","template":"","meta":[],"product_brand":[],"product_cat":[17],"product_tag":[],"class_list":{"0":"post-10494","1":"product","2":"type-product","3":"status-publish","4":"has-post-thumbnail","6":"product_cat-uncategorized","8":"first","9":"instock","10":"shipping-taxable","11":"product-type-simple"},"_links":{"self":[{"href":"https:\/\/chemneo.com\/es\/wp-json\/wp\/v2\/product\/10494","targetHints":{"allow":["GET"]}}],"collection":[{"href":"https:\/\/chemneo.com\/es\/wp-json\/wp\/v2\/product"}],"about":[{"href":"https:\/\/chemneo.com\/es\/wp-json\/wp\/v2\/types\/product"}],"replies":[{"embeddable":true,"href":"https:\/\/chemneo.com\/es\/wp-json\/wp\/v2\/comments?post=10494"}],"wp:featuredmedia":[{"embeddable":true,"href":"https:\/\/chemneo.com\/es\/wp-json\/wp\/v2\/media\/6886"}],"wp:attachment":[{"href":"https:\/\/chemneo.com\/es\/wp-json\/wp\/v2\/media?parent=10494"}],"wp:term":[{"taxonomy":"product_brand","embeddable":true,"href":"https:\/\/chemneo.com\/es\/wp-json\/wp\/v2\/product_brand?post=10494"},{"taxonomy":"product_cat","embeddable":true,"href":"https:\/\/chemneo.com\/es\/wp-json\/wp\/v2\/product_cat?post=10494"},{"taxonomy":"product_tag","embeddable":true,"href":"https:\/\/chemneo.com\/es\/wp-json\/wp\/v2\/product_tag?post=10494"}],"curies":[{"name":"wp","href":"https:\/\/api.w.org\/{rel}","templated":true}]}}