{"id":10518,"date":"2024-11-13T15:17:44","date_gmt":"2024-11-13T07:17:44","guid":{"rendered":"https:\/\/chemneo.com\/product\/10518.html"},"modified":"2024-11-13T15:17:44","modified_gmt":"2024-11-13T07:17:44","slug":"5-chloro-2-thiophenecarboxylic-acid-cas-24065-33-6-2","status":"publish","type":"product","link":"https:\/\/chemneo.com\/es\/product\/10518.html","title":{"rendered":"\u00c1cido 5-cloro-2-tiofenocarbox\u00edlico CAS 24065-33-6"},"content":{"rendered":"<p>Descripci\u00f3n<\/p>\n<p>\t5-Chloro-2-thiophenecarboxylic Acid Details<br \/>\nChemical Name: 5-Chloro-2-thiophenecarboxylic Acid<br \/>\nCAS No.: 24065-33-6<br \/>\nMolecular Formula: C5H3ClO2S<br \/>\nMolecular Weight: 162.59<br \/>\nMolecular Structure:<br \/>\nAspecto: Polvo<br \/>\n5-Chloro-2-thiophenecarboxylic Acid Typical Properties<\/p>\n<p>Punto de ebullici\u00f3n<br \/>\n287.0\u00b120.0 \u00b0C(Predicted)<\/p>\n<p>Punto de fusi\u00f3n<br \/>\n154-158\u00a0\u00b0C(lit.)<\/p>\n<p>Densidad<br \/>\n1.466 (estimate)<\/p>\n<p>Apariencia<br \/>\nPolvo<\/p>\n<p>Colour<br \/>\nCream color<\/p>\n<p>Almacenamiento<br \/>\nKeep in dark place,Sealed in dry,Room Temperature<\/p>\n<p>5-Chloro-2-thiophenecarboxylic Acid Usage<br \/>\nMainly used as pharmaceutical intermediates.<br \/>\n5-Chloro-2-thiophenecarboxylic Acid Packaging and Shipping<br \/>\nPacking: 25KG\/Drum<br \/>\n5-Chloro-2-thiophenecarboxylic Acid Storage<br \/>\nKeep in a well-closed,light-resistant, dry and cool place.<\/p>","protected":false},"excerpt":{"rendered":"<p>Chemical Name: 5-Chloro-2-thiophenecarboxylic Acid<br \/>\nCAS No.: 24065-33-6<br \/>\nMolecular Formula: C5H3ClO2S<br \/>\nMolecular Weight: 162.59<br \/>\nAspecto: Polvo<\/p>","protected":false},"featured_media":6934,"comment_status":"open","ping_status":"closed","template":"","meta":[],"product_brand":[],"product_cat":[17],"product_tag":[],"class_list":{"0":"post-10518","1":"product","2":"type-product","3":"status-publish","4":"has-post-thumbnail","6":"product_cat-uncategorized","8":"first","9":"instock","10":"shipping-taxable","11":"product-type-simple"},"_links":{"self":[{"href":"https:\/\/chemneo.com\/es\/wp-json\/wp\/v2\/product\/10518","targetHints":{"allow":["GET"]}}],"collection":[{"href":"https:\/\/chemneo.com\/es\/wp-json\/wp\/v2\/product"}],"about":[{"href":"https:\/\/chemneo.com\/es\/wp-json\/wp\/v2\/types\/product"}],"replies":[{"embeddable":true,"href":"https:\/\/chemneo.com\/es\/wp-json\/wp\/v2\/comments?post=10518"}],"wp:featuredmedia":[{"embeddable":true,"href":"https:\/\/chemneo.com\/es\/wp-json\/wp\/v2\/media\/6934"}],"wp:attachment":[{"href":"https:\/\/chemneo.com\/es\/wp-json\/wp\/v2\/media?parent=10518"}],"wp:term":[{"taxonomy":"product_brand","embeddable":true,"href":"https:\/\/chemneo.com\/es\/wp-json\/wp\/v2\/product_brand?post=10518"},{"taxonomy":"product_cat","embeddable":true,"href":"https:\/\/chemneo.com\/es\/wp-json\/wp\/v2\/product_cat?post=10518"},{"taxonomy":"product_tag","embeddable":true,"href":"https:\/\/chemneo.com\/es\/wp-json\/wp\/v2\/product_tag?post=10518"}],"curies":[{"name":"wp","href":"https:\/\/api.w.org\/{rel}","templated":true}]}}