{"id":10540,"date":"2024-11-13T15:17:48","date_gmt":"2024-11-13T07:17:48","guid":{"rendered":"https:\/\/chemneo.com\/product\/10540.html"},"modified":"2024-11-13T15:17:48","modified_gmt":"2024-11-13T07:17:48","slug":"glycine-methyl-ester-hydrochloride-cas-5680-79-5-2","status":"publish","type":"product","link":"https:\/\/chemneo.com\/es\/product\/10540.html","title":{"rendered":"Clorhidrato de \u00e9ster met\u00edlico de glicina CAS 5680-79-5"},"content":{"rendered":"<p>Descripci\u00f3n<\/p>\n<p>\tGlycine methyl ester hydrochloride Quick Details<br \/>\nNombre qu\u00edmico: Clorhidrato de \u00e9ster met\u00edlico de glicina<br \/>\nN\u00ba CAS: 5680-79-5<br \/>\nF\u00f3mula molecular: C3H8ClNO2<br \/>\nEstructura qu\u00edmica:<br \/>\nPeso molecular: 125,55<br \/>\nAspecto: Polvo blanco<br \/>\nEnsayo: \u226599.0%<br \/>\nGlycine methyl ester hydrochlorideTypical Properties<\/p>\n<p>ITEMS<br \/>\nSPECIFICATION<\/p>\n<p>Apariencia<br \/>\nPolvo cristalino blanco<\/p>\n<p>Ensayo<br \/>\n\u226599.0%<\/p>\n<p>Melting point<br \/>\n175 \u00b0C (dec.)(lit.)<\/p>\n<p>\u00a0<br \/>\nGlycine methyl ester hydrochloride\u00a0salt application:<br \/>\nGlycine methyl ester hydrochloride can be used as insecticide, pyrethroid raw material, and pharmaceutical industry raw material.<br \/>\nGlycine methyl ester hydrochloride\u00a0Packaging and\u00a0Shipping\u00a0<br \/>\ncustomized according to customer needs.<br \/>\nGlycine methyl ester hydrochloride\u00a0Storage<br \/>\nIt should be stored in a clean, dry and cool place, preventing from sunlight, rain.<\/p>","protected":false},"excerpt":{"rendered":"<p>Nombre qu\u00edmico: Clorhidrato de \u00e9ster met\u00edlico de glicina<br \/>\nN\u00ba CAS: 5680-79-5<br \/>\nF\u00f3mula molecular: C3H8ClNO2<br \/>\nPeso molecular: 125,55<br \/>\nAspecto: Polvo blanco<br \/>\nEnsayo: \u226599.0%<\/p>","protected":false},"featured_media":6978,"comment_status":"open","ping_status":"closed","template":"","meta":[],"product_brand":[],"product_cat":[17],"product_tag":[],"class_list":{"0":"post-10540","1":"product","2":"type-product","3":"status-publish","4":"has-post-thumbnail","6":"product_cat-uncategorized","8":"first","9":"instock","10":"shipping-taxable","11":"product-type-simple"},"_links":{"self":[{"href":"https:\/\/chemneo.com\/es\/wp-json\/wp\/v2\/product\/10540","targetHints":{"allow":["GET"]}}],"collection":[{"href":"https:\/\/chemneo.com\/es\/wp-json\/wp\/v2\/product"}],"about":[{"href":"https:\/\/chemneo.com\/es\/wp-json\/wp\/v2\/types\/product"}],"replies":[{"embeddable":true,"href":"https:\/\/chemneo.com\/es\/wp-json\/wp\/v2\/comments?post=10540"}],"wp:featuredmedia":[{"embeddable":true,"href":"https:\/\/chemneo.com\/es\/wp-json\/wp\/v2\/media\/6978"}],"wp:attachment":[{"href":"https:\/\/chemneo.com\/es\/wp-json\/wp\/v2\/media?parent=10540"}],"wp:term":[{"taxonomy":"product_brand","embeddable":true,"href":"https:\/\/chemneo.com\/es\/wp-json\/wp\/v2\/product_brand?post=10540"},{"taxonomy":"product_cat","embeddable":true,"href":"https:\/\/chemneo.com\/es\/wp-json\/wp\/v2\/product_cat?post=10540"},{"taxonomy":"product_tag","embeddable":true,"href":"https:\/\/chemneo.com\/es\/wp-json\/wp\/v2\/product_tag?post=10540"}],"curies":[{"name":"wp","href":"https:\/\/api.w.org\/{rel}","templated":true}]}}