{"id":10592,"date":"2024-11-13T15:18:01","date_gmt":"2024-11-13T07:18:01","guid":{"rendered":"https:\/\/chemneo.com\/product\/10592.html"},"modified":"2024-11-13T15:18:01","modified_gmt":"2024-11-13T07:18:01","slug":"glycidyl-isopropyl-ether-cas-4016-14-2-2","status":"publish","type":"product","link":"https:\/\/chemneo.com\/es\/product\/10592.html","title":{"rendered":"\u00c9TER GLICID\u00cdLICO ISOPROP\u00cdLICO CAS 4016-14-2"},"content":{"rendered":"<p>Descripci\u00f3n<\/p>\n<p>\tGLYCIDYL ISOPROPYL ETHER\u00a0Quick Details<br \/>\nChemical Name: GLYCIDYL ISOPROPYL ETHER<br \/>\nCAS No.: 4016-14-2<br \/>\nF\u00f3mula molecular: C6H12O2<br \/>\nEstructura qu\u00edmica:<\/p>\n<p>Peso molecular: 116,16<br \/>\nAppearance:\u00a0Colorless Transparent\u00a0Liquid<br \/>\nEnsayo: 98%min<br \/>\nTypical Properties<\/p>\n<p>ITEMS<br \/>\nSPECIFICATION<\/p>\n<p>Apariencia<br \/>\nColorless Transparent\u00a0Liquid<\/p>\n<p>Assay, %<br \/>\n\u226598.0<\/p>\n<p>Chromaticity (APHA)<br \/>\n\u226420<\/p>\n<p>Viscosity, 25 \u2103 (mPa. s)<br \/>\n\u22645<\/p>\n<p>Moisture content, %<br \/>\n\u22640.1<\/p>\n<p>\u00a0<br \/>\nGLYCIDYL ISOPROPYL ETHER application<br \/>\nUsed as a diluent for epoxy resins, stabilizer for organic compounds, and intermediate for synthesizing ethers and esters<br \/>\nPackaging and Shipping\u00a0<br \/>\nDrum, 25kg\/Customized according to customer needs<br \/>\nGLYCIDYL ISOPROPYL ETHER\u00a0Storage<br \/>\nKeep closed and store in a dry and ventilated place.<\/p>","protected":false},"excerpt":{"rendered":"<p>Chemical Name: GLYCIDYL ISOPROPYL ETHER<br \/>\nCAS No.: 4016-14-2<br \/>\nF\u00f3mula molecular: C6H12O2<br \/>\nPeso molecular: 116,16<br \/>\nAppearance:\u00a0Colorless Transparent\u00a0Liquid<br \/>\nEnsayo: 98%min<\/p>","protected":false},"featured_media":7081,"comment_status":"open","ping_status":"closed","template":"","meta":[],"product_brand":[],"product_cat":[17],"product_tag":[],"class_list":{"0":"post-10592","1":"product","2":"type-product","3":"status-publish","4":"has-post-thumbnail","6":"product_cat-uncategorized","8":"first","9":"instock","10":"shipping-taxable","11":"product-type-simple"},"_links":{"self":[{"href":"https:\/\/chemneo.com\/es\/wp-json\/wp\/v2\/product\/10592","targetHints":{"allow":["GET"]}}],"collection":[{"href":"https:\/\/chemneo.com\/es\/wp-json\/wp\/v2\/product"}],"about":[{"href":"https:\/\/chemneo.com\/es\/wp-json\/wp\/v2\/types\/product"}],"replies":[{"embeddable":true,"href":"https:\/\/chemneo.com\/es\/wp-json\/wp\/v2\/comments?post=10592"}],"wp:featuredmedia":[{"embeddable":true,"href":"https:\/\/chemneo.com\/es\/wp-json\/wp\/v2\/media\/7081"}],"wp:attachment":[{"href":"https:\/\/chemneo.com\/es\/wp-json\/wp\/v2\/media?parent=10592"}],"wp:term":[{"taxonomy":"product_brand","embeddable":true,"href":"https:\/\/chemneo.com\/es\/wp-json\/wp\/v2\/product_brand?post=10592"},{"taxonomy":"product_cat","embeddable":true,"href":"https:\/\/chemneo.com\/es\/wp-json\/wp\/v2\/product_cat?post=10592"},{"taxonomy":"product_tag","embeddable":true,"href":"https:\/\/chemneo.com\/es\/wp-json\/wp\/v2\/product_tag?post=10592"}],"curies":[{"name":"wp","href":"https:\/\/api.w.org\/{rel}","templated":true}]}}