{"id":106,"date":"2024-08-06T01:56:22","date_gmt":"2024-08-06T01:56:22","guid":{"rendered":"https:\/\/chemneo.com\/?post_type=product&#038;p=106"},"modified":"2024-08-06T01:56:36","modified_gmt":"2024-08-06T01:56:36","slug":"silicones-cas63148-53-8","status":"publish","type":"product","link":"https:\/\/chemneo.com\/es\/product\/106.html","title":{"rendered":"Siliconas CAS#63148-53-8"},"content":{"rendered":"<p><a href=\"https:\/\/www.chemicalbook.com\/ChemicalProductProperty_EN_CB0189460.htm\" target=\"_blank\" rel=\"noopener\">Polisiloxanos<\/a> CAS#63148-53-8<br \/>\nLas siliconas son una familia de pol\u00edmeros sint\u00e9ticos conocidos por su versatilidad y estabilidad. Son resistentes al calor, no son t\u00f3xicas y tienen excelentes propiedades de aislamiento el\u00e9ctrico. Utilizadas habitualmente en diversos sectores, como la construcci\u00f3n, la automoci\u00f3n, la industria aeroespacial y los productos de cuidado personal, las siliconas ofrecen una amplia gama de aplicaciones, desde sellantes y adhesivos hasta lubricantes y dispositivos m\u00e9dicos. Su resistencia a temperaturas extremas y a la intemperie las convierte en la opci\u00f3n preferida para muchas aplicaciones de alto rendimiento.<\/p>\n<p><img loading=\"lazy\" decoding=\"async\" class=\"alignnone size-medium wp-image-4616\" src=\"https:\/\/luxisd.com\/wp-content\/uploads\/2024\/07\/3334361-300x300.png\" alt=\"\" width=\"300\" height=\"300\" title=\"\"><\/p>\n<table border=\"0\" width=\"100%\" cellspacing=\"0\" cellpadding=\"0\" align=\"center\">\n<tbody>\n<tr>\n<td class=\"td6\" bgcolor=\"DEEEF4\" width=\"611\" height=\"23\">Propiedades qu\u00edmicas de los polisiloxanos<\/td>\n<\/tr>\n<\/tbody>\n<\/table>\n<table border=\"0\" width=\"100%\" cellspacing=\"1\" cellpadding=\"2\" bgcolor=\"d5d5d5\">\n<tbody>\n<tr class=\"ProdSupplierGN_ProductA_1\">\n<td class=\"td12\">densidad<\/td>\n<td bgcolor=\"#fafafa\"><span style=\"color: #0066cc;\">0.91<\/span><\/td>\n<\/tr>\n<tr class=\"ProdSupplierGN_ProductA_2\">\n<td bgcolor=\"#FFFFFF\">\u00edndice de refracci\u00f3n<\/td>\n<td bgcolor=\"#FFFFFF\"><span style=\"color: #0066cc;\">1.443<\/span><\/td>\n<\/tr>\n<tr class=\"ProdSupplierGN_ProductA_1\">\n<td class=\"td12\">Fp<\/td>\n<td bgcolor=\"#fafafa\"><span style=\"color: #0066cc;\">204 \u00b0C<\/span><\/td>\n<\/tr>\n<tr class=\"ProdSupplierGN_ProductA_2\">\n<td bgcolor=\"#FFFFFF\">formulario<\/td>\n<td bgcolor=\"#FFFFFF\"><span style=\"color: #0066cc;\">L\u00edquido<\/span><\/td>\n<\/tr>\n<tr class=\"ProdSupplierGN_ProductA_1\">\n<td class=\"td12\">Constante diel\u00e9ctrica<\/td>\n<td bgcolor=\"#fafafa\"><span style=\"color: #0066cc;\">2.2\uff08Ambiente\uff09<\/span><\/td>\n<\/tr>\n<tr class=\"ProdSupplierGN_ProductA_2\">\n<td bgcolor=\"#FFFFFF\">Sistema de registro de sustancias de la EPA<\/td>\n<td bgcolor=\"#FFFFFF\"><span style=\"color: #0066cc;\"><a title=\"Siloxanos y siliconas (63148-53-8)\" href=\"https:\/\/ofmpub.epa.gov\/sor_internet\/registry\/substreg\/searchandretrieve\/substancesearch\/search.do?details=displayDetails&amp;selectedSubstanceId=81720\" rel=\"nofollow noopener\" target=\"_blank\">Siloxanos y siliconas (63148-53-8)<\/a><\/span><\/td>\n<\/tr>\n<\/tbody>\n<\/table>","protected":false},"excerpt":{"rendered":"<p>Las siliconas son una familia de pol\u00edmeros sint\u00e9ticos conocidos por su versatilidad y estabilidad. Son resistentes al calor, no son t\u00f3xicas y tienen excelentes propiedades de aislamiento el\u00e9ctrico. Utilizadas habitualmente en diversos sectores, como la construcci\u00f3n, la automoci\u00f3n, la industria aeroespacial y los productos de cuidado personal, las siliconas ofrecen una amplia gama de aplicaciones, desde sellantes y adhesivos hasta lubricantes y dispositivos m\u00e9dicos. Su resistencia a temperaturas extremas y a la intemperie las convierte en la opci\u00f3n preferida para muchas aplicaciones de alto rendimiento.<\/p>","protected":false},"featured_media":136,"comment_status":"closed","ping_status":"closed","template":"","meta":[],"product_brand":[],"product_cat":[18],"product_tag":[19],"class_list":{"0":"post-106","1":"product","2":"type-product","3":"status-publish","4":"has-post-thumbnail","6":"product_cat-petroleum-additives","7":"product_tag-petroleum-additives","9":"first","10":"instock","11":"shipping-taxable","12":"product-type-simple"},"_links":{"self":[{"href":"https:\/\/chemneo.com\/es\/wp-json\/wp\/v2\/product\/106","targetHints":{"allow":["GET"]}}],"collection":[{"href":"https:\/\/chemneo.com\/es\/wp-json\/wp\/v2\/product"}],"about":[{"href":"https:\/\/chemneo.com\/es\/wp-json\/wp\/v2\/types\/product"}],"replies":[{"embeddable":true,"href":"https:\/\/chemneo.com\/es\/wp-json\/wp\/v2\/comments?post=106"}],"wp:featuredmedia":[{"embeddable":true,"href":"https:\/\/chemneo.com\/es\/wp-json\/wp\/v2\/media\/136"}],"wp:attachment":[{"href":"https:\/\/chemneo.com\/es\/wp-json\/wp\/v2\/media?parent=106"}],"wp:term":[{"taxonomy":"product_brand","embeddable":true,"href":"https:\/\/chemneo.com\/es\/wp-json\/wp\/v2\/product_brand?post=106"},{"taxonomy":"product_cat","embeddable":true,"href":"https:\/\/chemneo.com\/es\/wp-json\/wp\/v2\/product_cat?post=106"},{"taxonomy":"product_tag","embeddable":true,"href":"https:\/\/chemneo.com\/es\/wp-json\/wp\/v2\/product_tag?post=106"}],"curies":[{"name":"wp","href":"https:\/\/api.w.org\/{rel}","templated":true}]}}