{"id":10721,"date":"2024-11-13T15:18:21","date_gmt":"2024-11-13T07:18:21","guid":{"rendered":"https:\/\/chemneo.com\/product\/10721.html"},"modified":"2024-11-13T15:18:21","modified_gmt":"2024-11-13T07:18:21","slug":"24-dichlorobenzoyl-peroxide-cas-133-14-2-2","status":"publish","type":"product","link":"https:\/\/chemneo.com\/es\/product\/10721.html","title":{"rendered":"Per\u00f3xido de 2,4-diclorobenzoilo Cas 133-14-2"},"content":{"rendered":"<p>Descripci\u00f3n<\/p>\n<p>\t2,4-Dichlorobenzoyl Peroxide Details<br \/>\nNombre del producto: Per\u00f3xido de 2,4-diclorobenzoilo<br \/>\nSynonyms: Di-2,4-dichlorobenzoyl peroxide; Bis(2,4-dichlorobenzoyl) peroxide<br \/>\nN\u00ba CAS: 133-14-2<br \/>\nF\u00f3rmula molecular: C14H6Cl4O4<br \/>\nEstructura qu\u00edmica:<\/p>\n<p>Typical\u00a0Specification<\/p>\n<p>Item<br \/>\nEspecificaci\u00f3n<\/p>\n<p>Apariencia<br \/>\nWhite slightly yellowish paste or powder<\/p>\n<p>content(%)<br \/>\n50%\u300175%<\/p>\n<p>2,4-Dichlorobenzoyl Peroxide Usage<br \/>\nResin anchor curing agent, silicone rubber vulcanizing agent. Paste DCBP is used as a vulcanizing agent for silicone rubber. The product has high strength, good transparency, and will not produce pores. Its vulcanization temperature exceeds 90\u00b0C, and the dosage is 1.2-2.5% (depending on the requirements of different rubber types and products) .<br \/>\n2,4-Dichlorobenzoyl Peroxide Solubility:<br \/>\nSoluble in aliphatic solvents, insoluble in water.<br \/>\nPackage\u00a0& Storage<br \/>\n20kg\/PE drum.<br \/>\nAlmacenamiento:<br \/>\nIt is advisable to store in a cool and ventilated warehouse below 15\u2103. Keep 25% moisture during storage and transportation. Keep away from heat sources and open flames. It should be transported and stored at low temperature.<\/p>","protected":false},"excerpt":{"rendered":"<p>Nombre del producto: Per\u00f3xido de 2,4-diclorobenzoilo<br \/>\nSin\u00f3nimos Per\u00f3xido de di-2,4-diclorobenzoilo; Per\u00f3xido de bis(2,4-diclorobenzoilo); 2,4-DCBP<br \/>\nN\u00ba CAS: 133-14-2<br \/>\nF\u00f3rmula molecular: C14H6Cl4O4<\/p>","protected":false},"featured_media":7336,"comment_status":"open","ping_status":"closed","template":"","meta":[],"product_brand":[],"product_cat":[17],"product_tag":[],"class_list":{"0":"post-10721","1":"product","2":"type-product","3":"status-publish","4":"has-post-thumbnail","6":"product_cat-uncategorized","8":"first","9":"instock","10":"shipping-taxable","11":"product-type-simple"},"_links":{"self":[{"href":"https:\/\/chemneo.com\/es\/wp-json\/wp\/v2\/product\/10721","targetHints":{"allow":["GET"]}}],"collection":[{"href":"https:\/\/chemneo.com\/es\/wp-json\/wp\/v2\/product"}],"about":[{"href":"https:\/\/chemneo.com\/es\/wp-json\/wp\/v2\/types\/product"}],"replies":[{"embeddable":true,"href":"https:\/\/chemneo.com\/es\/wp-json\/wp\/v2\/comments?post=10721"}],"wp:featuredmedia":[{"embeddable":true,"href":"https:\/\/chemneo.com\/es\/wp-json\/wp\/v2\/media\/7336"}],"wp:attachment":[{"href":"https:\/\/chemneo.com\/es\/wp-json\/wp\/v2\/media?parent=10721"}],"wp:term":[{"taxonomy":"product_brand","embeddable":true,"href":"https:\/\/chemneo.com\/es\/wp-json\/wp\/v2\/product_brand?post=10721"},{"taxonomy":"product_cat","embeddable":true,"href":"https:\/\/chemneo.com\/es\/wp-json\/wp\/v2\/product_cat?post=10721"},{"taxonomy":"product_tag","embeddable":true,"href":"https:\/\/chemneo.com\/es\/wp-json\/wp\/v2\/product_tag?post=10721"}],"curies":[{"name":"wp","href":"https:\/\/api.w.org\/{rel}","templated":true}]}}