{"id":10777,"date":"2024-11-13T15:18:31","date_gmt":"2024-11-13T07:18:31","guid":{"rendered":"https:\/\/chemneo.com\/product\/10777.html"},"modified":"2024-11-13T15:18:31","modified_gmt":"2024-11-13T07:18:31","slug":"sodium-lauryl-polyoxyethylene-ether-sulfate-cas-9004-82-4-3","status":"publish","type":"product","link":"https:\/\/chemneo.com\/es\/product\/10777.html","title":{"rendered":"Lauril polioxietileno \u00e9ter sulfato s\u00f3dico CAS 9004-82-4"},"content":{"rendered":"<p>Descripci\u00f3n<\/p>\n<p>\tSodium lauryl polyoxyethylene ether sulfate<br \/>\nChemical Name: Sodium lauryl polyoxyethylene ether sulfate<br \/>\nCAS No.: 9004-82-4<br \/>\nMolecular Fomula: C16H32O4<br \/>\nEstructura qu\u00edmica:<br \/>\nMolecular weight:\u00a0272.37987<br \/>\nAppearance:\u00a0colorless clear liquid<br \/>\nAssay: 70.0%min<br \/>\n\u00a0Typical Properties<\/p>\n<p>ITEMS<br \/>\nSPECIFICATION<\/p>\n<p>Apariencia<br \/>\ncolorless clear liquid<\/p>\n<p>Pureza<br \/>\n\u226570%<\/p>\n<p>Sodium lauryl polyoxyethylene ether sulfate\u00a0application:<br \/>\nUsed in liquid washing, meal washing, shampoo, bath washing and other daily chemical industry, but also used in textile, paper, leather, machinery, oil mining and other industries<br \/>\nPackaging and Shipping\u00a0<br \/>\n1700 kg\/drum.<br \/>\nSodium lauryl polyoxyethylene ether sulfate\u00a0Storage<br \/>\nStore in a cool, dry place<\/p>","protected":false},"excerpt":{"rendered":"<p>Chemical Name: Sodium lauryl polyoxyethylene ether sulfate<br \/>\nSynonyms: Sodium Lauryl Ether Sulpahte<br \/>\nCAS No.: 9004-82-4<br \/>\nAppearance:\u00a0colorless clear liquid<br \/>\nAssay\uff1a70.0%min<\/p>","protected":false},"featured_media":0,"comment_status":"open","ping_status":"closed","template":"","meta":[],"product_brand":[],"product_cat":[17],"product_tag":[],"class_list":{"0":"post-10777","1":"product","2":"type-product","3":"status-publish","5":"product_cat-uncategorized","7":"first","8":"instock","9":"shipping-taxable","10":"product-type-simple"},"_links":{"self":[{"href":"https:\/\/chemneo.com\/es\/wp-json\/wp\/v2\/product\/10777","targetHints":{"allow":["GET"]}}],"collection":[{"href":"https:\/\/chemneo.com\/es\/wp-json\/wp\/v2\/product"}],"about":[{"href":"https:\/\/chemneo.com\/es\/wp-json\/wp\/v2\/types\/product"}],"replies":[{"embeddable":true,"href":"https:\/\/chemneo.com\/es\/wp-json\/wp\/v2\/comments?post=10777"}],"wp:attachment":[{"href":"https:\/\/chemneo.com\/es\/wp-json\/wp\/v2\/media?parent=10777"}],"wp:term":[{"taxonomy":"product_brand","embeddable":true,"href":"https:\/\/chemneo.com\/es\/wp-json\/wp\/v2\/product_brand?post=10777"},{"taxonomy":"product_cat","embeddable":true,"href":"https:\/\/chemneo.com\/es\/wp-json\/wp\/v2\/product_cat?post=10777"},{"taxonomy":"product_tag","embeddable":true,"href":"https:\/\/chemneo.com\/es\/wp-json\/wp\/v2\/product_tag?post=10777"}],"curies":[{"name":"wp","href":"https:\/\/api.w.org\/{rel}","templated":true}]}}