{"id":108,"date":"2024-08-06T01:56:27","date_gmt":"2024-08-06T01:56:27","guid":{"rendered":"https:\/\/chemneo.com\/?post_type=product&#038;p=108"},"modified":"2024-08-06T01:56:40","modified_gmt":"2024-08-06T01:56:40","slug":"mineral-oil-cas8042-47-5","status":"publish","type":"product","link":"https:\/\/chemneo.com\/es\/product\/108.html","title":{"rendered":"Aceite mineral CAS#8042-47-5"},"content":{"rendered":"<p>Aceite mineral CAS#8042-47-5<\/p>\n<div id=\"ContentPlaceHolder1_ProductChemPropertyA\">\n<table border=\"0\" width=\"100%\" cellspacing=\"0\" cellpadding=\"0\" align=\"center\">\n<tbody>\n<tr>\n<td class=\"td6\" bgcolor=\"DEEEF4\" width=\"611\" height=\"23\">Mineral oil Chemical Properties<\/td>\n<\/tr>\n<\/tbody>\n<\/table>\n<table border=\"0\" width=\"100%\" cellspacing=\"1\" cellpadding=\"2\" bgcolor=\"d5d5d5\">\n<tbody>\n<tr class=\"ProdSupplierGN_ProductA_1\">\n<td class=\"td12\">densidad<\/td>\n<td bgcolor=\"#fafafa\"><span style=\"color: #0066cc;\">0.85\u00a0g\/mL\u00a0at 20\u00a0\u00b0C<\/span><\/td>\n<\/tr>\n<tr class=\"ProdSupplierGN_ProductA_2\">\n<td bgcolor=\"#FFFFFF\">vapor pressure<\/td>\n<td bgcolor=\"#FFFFFF\"><span style=\"color: #0066cc;\">0.0001 hPa (20 \u00b0C)<\/span><\/td>\n<\/tr>\n<tr class=\"ProdSupplierGN_ProductA_1\">\n<td class=\"td12\">\u00edndice de refracci\u00f3n<\/td>\n<td bgcolor=\"#fafafa\"><span style=\"color: #0066cc;\"><i>n<\/i>20\/D\u00a01.467(lit.)<\/span><\/td>\n<\/tr>\n<tr class=\"ProdSupplierGN_ProductA_2\">\n<td bgcolor=\"#FFFFFF\">Fp<\/td>\n<td bgcolor=\"#FFFFFF\"><span style=\"color: #0066cc;\">185 \u00b0C<\/span><\/td>\n<\/tr>\n<tr class=\"ProdSupplierGN_ProductA_1\">\n<td class=\"td12\">storage temp.<\/td>\n<td bgcolor=\"#fafafa\"><span style=\"color: #0066cc;\">room temp<\/span><\/td>\n<\/tr>\n<tr class=\"ProdSupplierGN_ProductA_2\">\n<td bgcolor=\"#FFFFFF\">solubility<\/td>\n<td bgcolor=\"#FFFFFF\"><span style=\"color: #0066cc;\">soluble in Chloroform<\/span><\/td>\n<\/tr>\n<tr class=\"ProdSupplierGN_ProductA_1\">\n<td class=\"td12\">formulario<\/td>\n<td bgcolor=\"#fafafa\"><span style=\"color: #0066cc;\">light oil<\/span><\/td>\n<\/tr>\n<tr class=\"ProdSupplierGN_ProductA_2\">\n<td bgcolor=\"#FFFFFF\">color<\/td>\n<td bgcolor=\"#FFFFFF\"><span style=\"color: #0066cc;\">white<\/span><\/td>\n<\/tr>\n<tr class=\"ProdSupplierGN_ProductA_1\">\n<td class=\"td12\">Olor<\/td>\n<td bgcolor=\"#fafafa\"><span style=\"color: #0066cc;\">Very faint.<\/span><\/td>\n<\/tr>\n<tr class=\"ProdSupplierGN_ProductA_2\">\n<td bgcolor=\"#FFFFFF\">Water Solubility<\/td>\n<td bgcolor=\"#FFFFFF\"><span style=\"color: #0066cc;\">insoluble<\/span><\/td>\n<\/tr>\n<tr class=\"ProdSupplierGN_ProductA_1\">\n<td class=\"td12\">\u03bbmax<\/td>\n<td bgcolor=\"#fafafa\"><span style=\"color: #0066cc;\">\u03bb: 260 nm Amax: 0.7<br \/>\n\u03bb: 280 nm Amax: 1.0<\/span><\/td>\n<\/tr>\n<tr class=\"ProdSupplierGN_ProductA_2\">\n<td bgcolor=\"#FFFFFF\">Constante diel\u00e9ctrica<\/td>\n<td bgcolor=\"#FFFFFF\"><span style=\"color: #0066cc;\">2.1\uff0827\u2103\uff09<\/span><\/td>\n<\/tr>\n<tr class=\"ProdSupplierGN_ProductA_1\">\n<td class=\"td12\">Sistema de registro de sustancias de la EPA<\/td>\n<td bgcolor=\"#fafafa\"><span style=\"color: #0066cc;\"><a title=\"White mineral oil (petroleum) (8042-47-5)\" href=\"https:\/\/ofmpub.epa.gov\/sor_internet\/registry\/substreg\/searchandretrieve\/substancesearch\/search.do?details=displayDetails&amp;selectedSubstanceId=16227\" rel=\"nofollow noopener\" target=\"_blank\">White mineral oil (petroleum) (8042-47-5)<\/a><\/span><\/td>\n<\/tr>\n<\/tbody>\n<\/table>\n<\/div>\n<div id=\"ContentPlaceHolder1_ProductChemSafePropertyA\">\n<table border=\"0\" width=\"100%\" cellspacing=\"0\" cellpadding=\"0\" align=\"center\">\n<tbody>\n<tr>\n<td bgcolor=\"64B7D7\" height=\"1\"><\/td>\n<\/tr>\n<tr>\n<td class=\"td6\" bgcolor=\"DEEEF4\" width=\"611\" height=\"23\">Informaci\u00f3n de seguridad<\/td>\n<\/tr>\n<\/tbody>\n<\/table>\n<table border=\"0\" width=\"100%\" cellspacing=\"1\" cellpadding=\"2\" bgcolor=\"d5d5d5\">\n<tbody>\n<tr class=\"ProdSupplierGN_ProductA_1\">\n<td class=\"td12\">Hazard Codes<\/td>\n<td bgcolor=\"#fafafa\"><span style=\"color: #0066cc;\"><a href=\"https:\/\/www.chemicalbook.com\/RiskAndSafety.htm#hazards\" target=\"_blank\" rel=\"noopener\">Xi<\/a><\/span><\/td>\n<\/tr>\n<tr class=\"ProdSupplierGN_ProductA_2\">\n<td bgcolor=\"#FFFFFF\">Risk Statements<\/td>\n<td bgcolor=\"#FFFFFF\"><span style=\"color: #0066cc;\"><a href=\"https:\/\/www.chemicalbook.com\/RiskAndSafety.htm#Risk\" target=\"_blank\" rel=\"noopener\">36\/37\/38-41<\/a><\/span><\/td>\n<\/tr>\n<tr class=\"ProdSupplierGN_ProductA_1\">\n<td class=\"td12\">Safety Statements<\/td>\n<td bgcolor=\"#fafafa\"><span style=\"color: #0066cc;\"><a href=\"https:\/\/www.chemicalbook.com\/RiskAndSafety.htm#Safety\" target=\"_blank\" rel=\"noopener\">23-26-36-24\/25<\/a><\/span><\/td>\n<\/tr>\n<tr class=\"ProdSupplierGN_ProductA_2\">\n<td bgcolor=\"#FFFFFF\">RIDADR<\/td>\n<td bgcolor=\"#FFFFFF\"><span style=\"color: #0066cc;\">1263<\/span><\/td>\n<\/tr>\n<tr class=\"ProdSupplierGN_ProductA_1\">\n<td class=\"td12\">WGK Germany<\/td>\n<td bgcolor=\"#fafafa\"><span style=\"color: #0066cc;\">3<\/span><\/td>\n<\/tr>\n<tr class=\"ProdSupplierGN_ProductA_2\">\n<td bgcolor=\"#FFFFFF\">RTECS<\/td>\n<td bgcolor=\"#FFFFFF\"><span style=\"color: #0066cc;\">PY8047000<\/span><\/td>\n<\/tr>\n<tr class=\"ProdSupplierGN_ProductA_1\">\n<td class=\"td12\">Autoignition Temperature<\/td>\n<td bgcolor=\"#fafafa\"><span style=\"color: #0066cc;\">&gt;300 \u00b0C<\/span><\/td>\n<\/tr>\n<tr class=\"ProdSupplierGN_ProductA_2\">\n<td bgcolor=\"#FFFFFF\">TSCA<\/td>\n<td bgcolor=\"#FFFFFF\"><span style=\"color: #0066cc;\">Yes<\/span><\/td>\n<\/tr>\n<tr class=\"ProdSupplierGN_ProductA_1\">\n<td class=\"td12\">HS Code<\/td>\n<td bgcolor=\"#fafafa\"><span style=\"color: #0066cc;\">2710 19 85<\/span><\/td>\n<\/tr>\n<tr class=\"ProdSupplierGN_ProductA_2\">\n<td bgcolor=\"#FFFFFF\">HazardClass<\/td>\n<td bgcolor=\"#FFFFFF\"><span style=\"color: #0066cc;\">3.2<\/span><\/td>\n<\/tr>\n<tr class=\"ProdSupplierGN_ProductA_1\">\n<td class=\"td12\">PackingGroup<\/td>\n<td bgcolor=\"#fafafa\"><span style=\"color: #0066cc;\">III<\/span><\/td>\n<\/tr>\n<tr class=\"ProdSupplierGN_ProductA_2\">\n<td bgcolor=\"#FFFFFF\">Toxicidad<\/td>\n<td bgcolor=\"#FFFFFF\"><span style=\"color: #0066cc;\">LD50 orally in Rabbit: &gt; 5000 mg\/kg LD50 dermal Rabbit &gt; 2000 mg\/kg<\/span><\/td>\n<\/tr>\n<\/tbody>\n<\/table>\n<\/div>","protected":false},"excerpt":{"rendered":"<p>El aceite mineral, derivado del petr\u00f3leo, es un l\u00edquido incoloro e inodoro. Se utiliza ampliamente en las industrias cosm\u00e9tica, farmac\u00e9utica y alimentaria. Conocido por sus propiedades lubricantes e hidratantes, es un ingrediente clave en muchos productos para el cuidado de la piel, ya que ofrece una sensaci\u00f3n suave y no grasa. Su estabilidad y pureza lo convierten en un componente fiable en diversas formulaciones.<\/p>","protected":false},"featured_media":143,"comment_status":"closed","ping_status":"closed","template":"","meta":[],"product_brand":[],"product_cat":[18],"product_tag":[19],"class_list":{"0":"post-108","1":"product","2":"type-product","3":"status-publish","4":"has-post-thumbnail","6":"product_cat-petroleum-additives","7":"product_tag-petroleum-additives","9":"first","10":"instock","11":"shipping-taxable","12":"product-type-simple"},"_links":{"self":[{"href":"https:\/\/chemneo.com\/es\/wp-json\/wp\/v2\/product\/108","targetHints":{"allow":["GET"]}}],"collection":[{"href":"https:\/\/chemneo.com\/es\/wp-json\/wp\/v2\/product"}],"about":[{"href":"https:\/\/chemneo.com\/es\/wp-json\/wp\/v2\/types\/product"}],"replies":[{"embeddable":true,"href":"https:\/\/chemneo.com\/es\/wp-json\/wp\/v2\/comments?post=108"}],"wp:featuredmedia":[{"embeddable":true,"href":"https:\/\/chemneo.com\/es\/wp-json\/wp\/v2\/media\/143"}],"wp:attachment":[{"href":"https:\/\/chemneo.com\/es\/wp-json\/wp\/v2\/media?parent=108"}],"wp:term":[{"taxonomy":"product_brand","embeddable":true,"href":"https:\/\/chemneo.com\/es\/wp-json\/wp\/v2\/product_brand?post=108"},{"taxonomy":"product_cat","embeddable":true,"href":"https:\/\/chemneo.com\/es\/wp-json\/wp\/v2\/product_cat?post=108"},{"taxonomy":"product_tag","embeddable":true,"href":"https:\/\/chemneo.com\/es\/wp-json\/wp\/v2\/product_tag?post=108"}],"curies":[{"name":"wp","href":"https:\/\/api.w.org\/{rel}","templated":true}]}}