{"id":10832,"date":"2024-11-13T15:18:39","date_gmt":"2024-11-13T07:18:39","guid":{"rendered":"https:\/\/chemneo.com\/product\/10832.html"},"modified":"2024-11-13T15:18:39","modified_gmt":"2024-11-13T07:18:39","slug":"triethyl-orthopropionate-cas-115-80-0-2","status":"publish","type":"product","link":"https:\/\/chemneo.com\/es\/product\/10832.html","title":{"rendered":"Ortopionato de trietilo Cas 115-80-0"},"content":{"rendered":"<p>Descripci\u00f3n<\/p>\n<p>\tTriethyl orthopropionate Quick Details<br \/>\nNombre qu\u00edmico: Ortopionato de trietilo<br \/>\nSin\u00f3nimos: \u00c9ster triet\u00edlico del \u00e1cido ortopropi\u00f3nico; 1,1,1-Trietoxipropano; Ortopropinato de etilo; \u00c1cido trietil-O-propi\u00f3nico<br \/>\nN\u00ba CAS: 115-80-0<br \/>\nF\u00f3rmula molecular: C9H20O3<br \/>\nEstructura qu\u00edmica:<\/p>\n<p>Peso molecular: 176,25<br \/>\nAspecto: L\u00edquido incoloro<br \/>\nEnsayo: \u226599%<br \/>\nTriethyl orthopropionate Typical Properties<\/p>\n<p>ITEMS<br \/>\nSPECIFICATION<\/p>\n<p>Densidad<br \/>\n0.876 g\/mL at 25 \u00b0C<\/p>\n<p>Punto de ebullici\u00f3n<br \/>\n155-160\u2103<\/p>\n<p>\u00a0\u00edndice de refracci\u00f3n<br \/>\n1.4020<\/p>\n<p>Punto de inflamaci\u00f3n<br \/>\n140\u00a0\u00b0F<\/p>\n<p>Triethyl orthopropionate application:<br \/>\nUsed in organic synthesis, dye industry, pharmaceutical industry and film sensitiser.<br \/>\nTriethyl orthopropionate Packaging and Shipping\u00a0<br \/>\n175kg\/Drum; 25kg\/Drum<br \/>\nTriethyl orthopropionate Storage<br \/>\nSealed storage at room temperature in a dry warehouse<\/p>","protected":false},"excerpt":{"rendered":"<p>Nombre qu\u00edmico: Ortopionato de trietilo<br \/>\nSin\u00f3nimos: \u00c9ster triet\u00edlico del \u00e1cido ortopropi\u00f3nico; 1,1,1-Trietoxipropano; Ortopropinato de etilo; \u00c1cido trietil-O-propi\u00f3nico<br \/>\nN\u00ba CAS: 115-80-0<br \/>\nF\u00f3rmula molecular: C9H20O3<br \/>\nPeso molecular: 176,25<br \/>\nAspecto: L\u00edquido incoloro<br \/>\nEnsayo: \u226599%<\/p>","protected":false},"featured_media":7549,"comment_status":"open","ping_status":"closed","template":"","meta":[],"product_brand":[],"product_cat":[17],"product_tag":[],"class_list":{"0":"post-10832","1":"product","2":"type-product","3":"status-publish","4":"has-post-thumbnail","6":"product_cat-uncategorized","8":"first","9":"instock","10":"shipping-taxable","11":"product-type-simple"},"_links":{"self":[{"href":"https:\/\/chemneo.com\/es\/wp-json\/wp\/v2\/product\/10832","targetHints":{"allow":["GET"]}}],"collection":[{"href":"https:\/\/chemneo.com\/es\/wp-json\/wp\/v2\/product"}],"about":[{"href":"https:\/\/chemneo.com\/es\/wp-json\/wp\/v2\/types\/product"}],"replies":[{"embeddable":true,"href":"https:\/\/chemneo.com\/es\/wp-json\/wp\/v2\/comments?post=10832"}],"wp:featuredmedia":[{"embeddable":true,"href":"https:\/\/chemneo.com\/es\/wp-json\/wp\/v2\/media\/7549"}],"wp:attachment":[{"href":"https:\/\/chemneo.com\/es\/wp-json\/wp\/v2\/media?parent=10832"}],"wp:term":[{"taxonomy":"product_brand","embeddable":true,"href":"https:\/\/chemneo.com\/es\/wp-json\/wp\/v2\/product_brand?post=10832"},{"taxonomy":"product_cat","embeddable":true,"href":"https:\/\/chemneo.com\/es\/wp-json\/wp\/v2\/product_cat?post=10832"},{"taxonomy":"product_tag","embeddable":true,"href":"https:\/\/chemneo.com\/es\/wp-json\/wp\/v2\/product_tag?post=10832"}],"curies":[{"name":"wp","href":"https:\/\/api.w.org\/{rel}","templated":true}]}}