{"id":10894,"date":"2024-11-13T15:18:49","date_gmt":"2024-11-13T07:18:49","guid":{"rendered":"https:\/\/chemneo.com\/product\/10894.html"},"modified":"2024-11-13T15:18:49","modified_gmt":"2024-11-13T07:18:49","slug":"44%e2%80%b2-azobis4-cyanovaleric-acid-cas-2638-94-0-2","status":"publish","type":"product","link":"https:\/\/chemneo.com\/es\/product\/10894.html","title":{"rendered":"4,4\u2032-Azobis(\u00e1cido 4-cianoval\u00e9rico) CAS 2638-94-0"},"content":{"rendered":"<p>Descripci\u00f3n<\/p>\n<p>\t4,4\u2032-Azobis(4-cyanovaleric acid) Quick Details<br \/>\nChemical Name: 4,4\u2032-Azobis(4-cyanovaleric acid)<br \/>\nCAS No.: 2638-94-0<br \/>\nMolecular\u00a0Fomula: C12H16N4O4<br \/>\nEstructura qu\u00edmica:<\/p>\n<p>Molecular weight:\u00a0280.28<br \/>\nAppearance:\u00a0Grey white fine powder<br \/>\nTypical Properties<\/p>\n<p>Test Items<br \/>\nStandard<\/p>\n<p>Apariencia<br \/>\nGrey white fine powder<\/p>\n<p>Melting point<br \/>\n118-125\u2103(dec.)(lit.)<\/p>\n<p>Punto de ebullici\u00f3n<br \/>\n423\u2103(rough estimate)<\/p>\n<p>Densidad<br \/>\n1.2464(rough estimate)<\/p>\n<p>Refractive index<br \/>\n1.6081(estimate)<\/p>\n<p>Storage conditions<br \/>\n2-8\u2103<\/p>\n<p>4,4\u2032-Azobis(4-cyanovaleric acid)\u00a0application:<br \/>\n4,4 \u2018- Azobis (4-cyanovalic acid) is mainly used as an initiator for polymers such as polyvinyl chloride, polyacrylonitrile, polyvinyl alcohol, and synthetic optical fibers. It can also be used as a foaming agent for plastics and artificial rubber and as a free radical initiator for polymer synthesis.<br \/>\nPackaging and Shipping<br \/>\n25kg\/drum or according to the custom requirement.<br \/>\n4,4\u2032-Azobis(4-cyanovaleric acid) Storage<br \/>\nIt should be stored in a clean, dry and cool place, preventing from sunlight, rain.<\/p>","protected":false},"excerpt":{"rendered":"<p>Chemical Name: 4,4\u2032-Azobis(4-cyanovaleric acid)<br \/>\nCAS No.: 2638-94-0<br \/>\nMolecular\u00a0Fomula: C12H16N4O4<br \/>\nMolecular weight:\u00a0280.28<br \/>\nAppearance:\u00a0Grey white fine powder<\/p>","protected":false},"featured_media":7673,"comment_status":"open","ping_status":"closed","template":"","meta":[],"product_brand":[],"product_cat":[17],"product_tag":[],"class_list":{"0":"post-10894","1":"product","2":"type-product","3":"status-publish","4":"has-post-thumbnail","6":"product_cat-uncategorized","8":"first","9":"instock","10":"shipping-taxable","11":"product-type-simple"},"_links":{"self":[{"href":"https:\/\/chemneo.com\/es\/wp-json\/wp\/v2\/product\/10894","targetHints":{"allow":["GET"]}}],"collection":[{"href":"https:\/\/chemneo.com\/es\/wp-json\/wp\/v2\/product"}],"about":[{"href":"https:\/\/chemneo.com\/es\/wp-json\/wp\/v2\/types\/product"}],"replies":[{"embeddable":true,"href":"https:\/\/chemneo.com\/es\/wp-json\/wp\/v2\/comments?post=10894"}],"wp:featuredmedia":[{"embeddable":true,"href":"https:\/\/chemneo.com\/es\/wp-json\/wp\/v2\/media\/7673"}],"wp:attachment":[{"href":"https:\/\/chemneo.com\/es\/wp-json\/wp\/v2\/media?parent=10894"}],"wp:term":[{"taxonomy":"product_brand","embeddable":true,"href":"https:\/\/chemneo.com\/es\/wp-json\/wp\/v2\/product_brand?post=10894"},{"taxonomy":"product_cat","embeddable":true,"href":"https:\/\/chemneo.com\/es\/wp-json\/wp\/v2\/product_cat?post=10894"},{"taxonomy":"product_tag","embeddable":true,"href":"https:\/\/chemneo.com\/es\/wp-json\/wp\/v2\/product_tag?post=10894"}],"curies":[{"name":"wp","href":"https:\/\/api.w.org\/{rel}","templated":true}]}}