{"id":10902,"date":"2024-11-13T15:18:50","date_gmt":"2024-11-13T07:18:50","guid":{"rendered":"https:\/\/chemneo.com\/product\/10902.html"},"modified":"2024-11-13T15:18:50","modified_gmt":"2024-11-13T07:18:50","slug":"glassy-carbon-cas-68647-86-9-2","status":"publish","type":"product","link":"https:\/\/chemneo.com\/es\/product\/10902.html","title":{"rendered":"Carbono v\u00edtreo CAS 68647-86-9"},"content":{"rendered":"<p>Descripci\u00f3n<\/p>\n<p>\tGlassy Carbon Details<br \/>\nNombre qu\u00edmico: Carbono v\u00edtreo<br \/>\nSin\u00f3nimos: Carb\u00f3n vegetal, c\u00e1scara de coco; Nanotubos de carbono funcionalizados<br \/>\nN\u00ba CAS: 68647-86-9<br \/>\nF\u00f3rmula molecular: C<br \/>\nPeso molecular: 12,01<br \/>\nMolecular\u00a0Structure:<br \/>\nAspecto: S\u00f3lido negro<br \/>\nGlassy Carbon Typical Properties<\/p>\n<p>Apariencia<br \/>\nSolid<\/p>\n<p>Colour<br \/>\nNegro<\/p>\n<p>Punto de fusi\u00f3n<br \/>\n3550\u00a0\u00b0C(lit.)<\/p>\n<p>Punto de ebullici\u00f3n<br \/>\n500-600\u00a0\u00b0C(lit.)<\/p>\n<p>Densidad<br \/>\n~1.7\u00a0g\/mL\u00a0at 25\u00a0\u00b0C(lit.)<\/p>\n<p>Punto de inflamaci\u00f3n<br \/>\n>230\u00a0\u00b0F<\/p>\n<p>Water Solubility<br \/>\n1.76mg\/L at 21.3\u2103<\/p>\n<p>\u00a0<br \/>\nGlassy Carbon Usage<br \/>\nMainly used in new energy automobile industry, 3C digital industry, semiconductor industry, power infrastructure and other fields.<br \/>\nGlassy Carbon Packaging and Shipping<br \/>\nPacking: 25KG\/Bag<br \/>\nGlassy Carbon Storage<br \/>\nKeep in a well-closed,light-resistant, dry and cool place.<\/p>","protected":false},"excerpt":{"rendered":"<p>Nombre qu\u00edmico: Carbono v\u00edtreo<br \/>\nSin\u00f3nimos: Carb\u00f3n vegetal, c\u00e1scara de coco; Nanotubos de carbono funcionalizados<br \/>\nN\u00ba CAS: 68647-86-9<br \/>\nF\u00f3rmula molecular: C<br \/>\nPeso molecular: 12,01<br \/>\nAspecto: S\u00f3lido negro<\/p>","protected":false},"featured_media":7689,"comment_status":"open","ping_status":"closed","template":"","meta":[],"product_brand":[],"product_cat":[17],"product_tag":[],"class_list":{"0":"post-10902","1":"product","2":"type-product","3":"status-publish","4":"has-post-thumbnail","6":"product_cat-uncategorized","8":"first","9":"instock","10":"shipping-taxable","11":"product-type-simple"},"_links":{"self":[{"href":"https:\/\/chemneo.com\/es\/wp-json\/wp\/v2\/product\/10902","targetHints":{"allow":["GET"]}}],"collection":[{"href":"https:\/\/chemneo.com\/es\/wp-json\/wp\/v2\/product"}],"about":[{"href":"https:\/\/chemneo.com\/es\/wp-json\/wp\/v2\/types\/product"}],"replies":[{"embeddable":true,"href":"https:\/\/chemneo.com\/es\/wp-json\/wp\/v2\/comments?post=10902"}],"wp:featuredmedia":[{"embeddable":true,"href":"https:\/\/chemneo.com\/es\/wp-json\/wp\/v2\/media\/7689"}],"wp:attachment":[{"href":"https:\/\/chemneo.com\/es\/wp-json\/wp\/v2\/media?parent=10902"}],"wp:term":[{"taxonomy":"product_brand","embeddable":true,"href":"https:\/\/chemneo.com\/es\/wp-json\/wp\/v2\/product_brand?post=10902"},{"taxonomy":"product_cat","embeddable":true,"href":"https:\/\/chemneo.com\/es\/wp-json\/wp\/v2\/product_cat?post=10902"},{"taxonomy":"product_tag","embeddable":true,"href":"https:\/\/chemneo.com\/es\/wp-json\/wp\/v2\/product_tag?post=10902"}],"curies":[{"name":"wp","href":"https:\/\/api.w.org\/{rel}","templated":true}]}}