{"id":11014,"date":"2024-11-13T15:19:10","date_gmt":"2024-11-13T07:19:10","guid":{"rendered":"https:\/\/chemneo.com\/product\/11014.html"},"modified":"2024-11-13T15:19:10","modified_gmt":"2024-11-13T07:19:10","slug":"pyromellitic-acid-cas-89-05-4-2","status":"publish","type":"product","link":"https:\/\/chemneo.com\/es\/product\/11014.html","title":{"rendered":"\u00c1cido piromel\u00edtico CAS 89-05-4"},"content":{"rendered":"<p>Descripci\u00f3n<\/p>\n<p>\tPyromellitic Acid Details<br \/>\nChemical Name: Pyromellitic Acid<br \/>\nSynonyms: Benzene-1,2,4,5-tetracarboxylic acid; 1,2,4,5-Benzenetetracarboxylic acid<br \/>\nCAS No.: 89-05-4<br \/>\nMolecular Formula: C10H6O8<br \/>\nMolecular Weight: 254.15<br \/>\nMolecular\u00a0Structure:<br \/>\nAppearance: Crystal powder<br \/>\nPyromellitic Acid Typical Properties<\/p>\n<p>Punto de fusi\u00f3n<br \/>\n281-284.5\u00a0\u00b0C(lit.)<\/p>\n<p>Punto de ebullici\u00f3n<br \/>\n317.36\u00b0C (rough estimate)<\/p>\n<p>Color<br \/>\nWhite to slightly yellow<\/p>\n<p>Apariencia<br \/>\nCrystal powder<\/p>\n<p>Densidad<br \/>\n0,56 g\/cm3<\/p>\n<p>Almacenamiento<br \/>\nStore below +30\u00b0C.<\/p>\n<p>Solubilidad<br \/>\nSoluble en agua<\/p>\n<p>Estabilidad<br \/>\nStable<\/p>\n<p>\u00cdndice de refracci\u00f3n<br \/>\n1.7010 (estimate)<\/p>\n<p>Punto de inflamaci\u00f3n<br \/>\n325 \u00b0C<\/p>\n<p>\u00a0<br \/>\nPyromellitic Acid Usage<br \/>\nIt is the main raw material for the production of matting curing agents.<br \/>\nPyromellitic Acid Packaging and Shipping<br \/>\nPacking: 25KG\/Drum<br \/>\nPyromellitic Acid Storage<br \/>\nKeep in a well-closed,light-resistant, dry and cool place. Avoid contact with strong oxidants and strong bases.<\/p>","protected":false},"excerpt":{"rendered":"<p>Chemical Name: Pyromellitic Acid<br \/>\nSynonyms: Benzene-1,2,4,5-tetracarboxylic acid; 1,2,4,5-Benzenetetracarboxylic acid<br \/>\nCAS No.: 89-05-4<br \/>\nMolecular Formula: C10H6O8<br \/>\nMolecular Weight: 254.15<br \/>\nAppearance: Crystal powder<\/p>","protected":false},"featured_media":7913,"comment_status":"open","ping_status":"closed","template":"","meta":[],"product_brand":[],"product_cat":[17],"product_tag":[],"class_list":{"0":"post-11014","1":"product","2":"type-product","3":"status-publish","4":"has-post-thumbnail","6":"product_cat-uncategorized","8":"first","9":"instock","10":"shipping-taxable","11":"product-type-simple"},"_links":{"self":[{"href":"https:\/\/chemneo.com\/es\/wp-json\/wp\/v2\/product\/11014","targetHints":{"allow":["GET"]}}],"collection":[{"href":"https:\/\/chemneo.com\/es\/wp-json\/wp\/v2\/product"}],"about":[{"href":"https:\/\/chemneo.com\/es\/wp-json\/wp\/v2\/types\/product"}],"replies":[{"embeddable":true,"href":"https:\/\/chemneo.com\/es\/wp-json\/wp\/v2\/comments?post=11014"}],"wp:featuredmedia":[{"embeddable":true,"href":"https:\/\/chemneo.com\/es\/wp-json\/wp\/v2\/media\/7913"}],"wp:attachment":[{"href":"https:\/\/chemneo.com\/es\/wp-json\/wp\/v2\/media?parent=11014"}],"wp:term":[{"taxonomy":"product_brand","embeddable":true,"href":"https:\/\/chemneo.com\/es\/wp-json\/wp\/v2\/product_brand?post=11014"},{"taxonomy":"product_cat","embeddable":true,"href":"https:\/\/chemneo.com\/es\/wp-json\/wp\/v2\/product_cat?post=11014"},{"taxonomy":"product_tag","embeddable":true,"href":"https:\/\/chemneo.com\/es\/wp-json\/wp\/v2\/product_tag?post=11014"}],"curies":[{"name":"wp","href":"https:\/\/api.w.org\/{rel}","templated":true}]}}