{"id":11042,"date":"2024-11-13T15:19:15","date_gmt":"2024-11-13T07:19:15","guid":{"rendered":"https:\/\/chemneo.com\/product\/11042.html"},"modified":"2024-11-13T15:19:15","modified_gmt":"2024-11-13T07:19:15","slug":"butanedioic-acid-sulfo-c-2-coco-amidoethyl-esters-disodium-cas-68784-08-7-25882-44-4-2","status":"publish","type":"product","link":"https:\/\/chemneo.com\/es\/product\/11042.html","title":{"rendered":"\u00c1cido butanodioico, sulfo-, \u00e9steres C-(2-coco amidoetil), dis\u00f3dico CAS 68784-08-7\/25882-44-4"},"content":{"rendered":"<p>Descripci\u00f3n<\/p>\n<p>\tButanedioic acid, sulfo-, C-(2-coco amidoethyl) esters, disodium salts\u00a0Quick Details<br \/>\nChemical Name: Butanedioic acid, sulfo-, C-(2-coco amidoethyl) esters, disodium salts \/Coconut Lauramido MEA-Sulfosuccinate<br \/>\nCAS No.: 68784-08-7\/25882-44-4<br \/>\nMolecular Fomula: RCONHCH2CH2OOCCH2CH(SO3Na)COONa<br \/>\nEstructura qu\u00edmica:<br \/>\nMolecular weight:\u00a0467.48518<br \/>\nAspecto: l\u00edquido incoloro a amarillo claro<br \/>\nButanedioic acid, sulfo-, C-(2-coco amidoethyl) esters, disodium salts\u00a0Typical Properties<\/p>\n<p>Item<br \/>\nSpecifications<\/p>\n<p>Coconut Lauramido MEA-Sulfosuccinate<br \/>\n40\u00b12%<\/p>\n<p>Agua<br \/>\n60\u00b12%<\/p>\n<p>Sodium Sulfite<br \/>\n\u22640.5%<\/p>\n<p>Butanedioic acid, sulfo-, C-(2-coco amidoethyl) esters, disodium salts\u00a0application:<br \/>\nThe main use is suitable for manufacturing shampoo, foam bath, shower gel, hand soap, surgical cleaning and other cosmetics, washing and daily chemical products, etc. It can also be used as an emulsifier, dispersant, wetting agent, foaming agent, etc. Widely used in coating, leather, paper, ink, textile and other industries.<br \/>\nButanedioic acid, sulfo-, C-(2-coco amidoethyl) esters, disodium salts\u00a0Packaging and Shipping\u00a0<br \/>\nDrum, 200kg<br \/>\nButanedioic acid, sulfo-, C-(2-coco amidoethyl) esters, disodium salts\u00a0Storage<br \/>\nKeep in dark place,\u00a0Inert atmosphere,Room temperature, 1 year<\/p>","protected":false},"excerpt":{"rendered":"<p>Chemical Name: Butanedioic acid, sulfo-, C-(2-coco amidoethyl) esters, disodium salts \/Coconut Lauramido MEA-Sulfosuccinate<br \/>\nCAS No.: 68784-08-7\/25882-44-4<br \/>\nAspecto: l\u00edquido incoloro a amarillo claro<\/p>","protected":false},"featured_media":7969,"comment_status":"open","ping_status":"closed","template":"","meta":[],"product_brand":[],"product_cat":[17],"product_tag":[],"class_list":{"0":"post-11042","1":"product","2":"type-product","3":"status-publish","4":"has-post-thumbnail","6":"product_cat-uncategorized","8":"first","9":"instock","10":"shipping-taxable","11":"product-type-simple"},"_links":{"self":[{"href":"https:\/\/chemneo.com\/es\/wp-json\/wp\/v2\/product\/11042","targetHints":{"allow":["GET"]}}],"collection":[{"href":"https:\/\/chemneo.com\/es\/wp-json\/wp\/v2\/product"}],"about":[{"href":"https:\/\/chemneo.com\/es\/wp-json\/wp\/v2\/types\/product"}],"replies":[{"embeddable":true,"href":"https:\/\/chemneo.com\/es\/wp-json\/wp\/v2\/comments?post=11042"}],"wp:featuredmedia":[{"embeddable":true,"href":"https:\/\/chemneo.com\/es\/wp-json\/wp\/v2\/media\/7969"}],"wp:attachment":[{"href":"https:\/\/chemneo.com\/es\/wp-json\/wp\/v2\/media?parent=11042"}],"wp:term":[{"taxonomy":"product_brand","embeddable":true,"href":"https:\/\/chemneo.com\/es\/wp-json\/wp\/v2\/product_brand?post=11042"},{"taxonomy":"product_cat","embeddable":true,"href":"https:\/\/chemneo.com\/es\/wp-json\/wp\/v2\/product_cat?post=11042"},{"taxonomy":"product_tag","embeddable":true,"href":"https:\/\/chemneo.com\/es\/wp-json\/wp\/v2\/product_tag?post=11042"}],"curies":[{"name":"wp","href":"https:\/\/api.w.org\/{rel}","templated":true}]}}