{"id":11056,"date":"2024-11-13T15:19:17","date_gmt":"2024-11-13T07:19:17","guid":{"rendered":"https:\/\/chemneo.com\/product\/11056.html"},"modified":"2024-11-13T15:19:17","modified_gmt":"2024-11-13T07:19:17","slug":"p-toluenesulfinic-acid-cas-536-57-2-2","status":"publish","type":"product","link":"https:\/\/chemneo.com\/es\/product\/11056.html","title":{"rendered":"\u00c1cido P-toluenosulf\u00ednico Cas 536-57-2"},"content":{"rendered":"<p>Descripci\u00f3n<\/p>\n<p>\tP-Toluenesulfinic Acid Quick Details<br \/>\nChemical Name: P-Toluenesulfinic Acid<br \/>\nOther Name: 4-methyl-Benzenesulfinicacid; toluene-4-sulphinicacid<br \/>\nCAS No.: 536-57-2<br \/>\nMolecular Fomula: C7H8O2S<br \/>\nEstructura qu\u00edmica:<\/p>\n<p>Molecular weight:\u00a0156.2<br \/>\nAspecto: Polvo cristalino blanco<br \/>\nAssay\uff1a\u226595.0%<br \/>\nP-Toluenesulfinic Acid Typical Properties<\/p>\n<p>ITEMS<br \/>\nSPECIFICATION<\/p>\n<p>Ensayo<br \/>\n95.0%min<\/p>\n<p>Agua<br \/>\n1.0%max<\/p>\n<p>Melt point<br \/>\n85\u2103<\/p>\n<p>Punto de ebullici\u00f3n<br \/>\n250.45\u2103<\/p>\n<p>Densidad<br \/>\n1.2474<\/p>\n<p>P-Toluenesulfinic Acid application:<br \/>\nUsed as a curing agent for grouting materials.<br \/>\nP-Toluenesulfinic Acid Packaging and Shipping\u00a0<br \/>\n25kg\/drum<br \/>\nP-Toluenesulfinic Acid Storage<br \/>\nPlaced in tight container, a cool, dry, well-ventilated area and avoiding light.<\/p>","protected":false},"excerpt":{"rendered":"<p>Chemical Name: P-Toluenesulfinic Acid<br \/>\nOther Name: 4-methyl-Benzenesulfinicacid; toluene-4-sulphinicacid<br \/>\nCAS No.: 536-57-2<br \/>\nAspecto: Polvo cristalino blanco<br \/>\nAssay\uff1a\u226595.0%<\/p>","protected":false},"featured_media":7997,"comment_status":"open","ping_status":"closed","template":"","meta":[],"product_brand":[],"product_cat":[17],"product_tag":[],"class_list":{"0":"post-11056","1":"product","2":"type-product","3":"status-publish","4":"has-post-thumbnail","6":"product_cat-uncategorized","8":"first","9":"instock","10":"shipping-taxable","11":"product-type-simple"},"_links":{"self":[{"href":"https:\/\/chemneo.com\/es\/wp-json\/wp\/v2\/product\/11056","targetHints":{"allow":["GET"]}}],"collection":[{"href":"https:\/\/chemneo.com\/es\/wp-json\/wp\/v2\/product"}],"about":[{"href":"https:\/\/chemneo.com\/es\/wp-json\/wp\/v2\/types\/product"}],"replies":[{"embeddable":true,"href":"https:\/\/chemneo.com\/es\/wp-json\/wp\/v2\/comments?post=11056"}],"wp:featuredmedia":[{"embeddable":true,"href":"https:\/\/chemneo.com\/es\/wp-json\/wp\/v2\/media\/7997"}],"wp:attachment":[{"href":"https:\/\/chemneo.com\/es\/wp-json\/wp\/v2\/media?parent=11056"}],"wp:term":[{"taxonomy":"product_brand","embeddable":true,"href":"https:\/\/chemneo.com\/es\/wp-json\/wp\/v2\/product_brand?post=11056"},{"taxonomy":"product_cat","embeddable":true,"href":"https:\/\/chemneo.com\/es\/wp-json\/wp\/v2\/product_cat?post=11056"},{"taxonomy":"product_tag","embeddable":true,"href":"https:\/\/chemneo.com\/es\/wp-json\/wp\/v2\/product_tag?post=11056"}],"curies":[{"name":"wp","href":"https:\/\/api.w.org\/{rel}","templated":true}]}}