{"id":11087,"date":"2024-11-13T15:19:23","date_gmt":"2024-11-13T07:19:23","guid":{"rendered":"https:\/\/chemneo.com\/product\/11087.html"},"modified":"2024-11-13T15:19:23","modified_gmt":"2024-11-13T07:19:23","slug":"glycoursodeoxycholic-acid-cas-64480-66-6-2","status":"publish","type":"product","link":"https:\/\/chemneo.com\/es\/product\/11087.html","title":{"rendered":"\u00c1cido glicoursodesoxic\u00f3lico CAS 64480-66-6"},"content":{"rendered":"<p>Descripci\u00f3n<\/p>\n<p>\tGlycoursodeoxycholic Acid Quick Details<br \/>\nNombre qu\u00edmico: \u00c1cido glicoursodesoxic\u00f3lico<br \/>\nN\u00ba CAS: 64480-66-6<br \/>\nF\u00f3mula molecular: C26H43NO5<br \/>\nEstructura qu\u00edmica:<br \/>\nPeso molecular: 449,62<br \/>\nAspecto: Polvo cristalino de color blanco a amarillo o rosa<br \/>\nEnsayo: \u226598.0%<br \/>\nGlycoursodeoxycholic Acid Typical Properties<\/p>\n<p>ITEMS<br \/>\nSPECIFICATION<\/p>\n<p>Apariencia<br \/>\nWhite crystals<\/p>\n<p>Specifies rotation<br \/>\n+41\u00b0~ +47\u00b0<\/p>\n<p>Acidity<br \/>\n1.3-2.3<\/p>\n<p>Moisture<br \/>\n6.5%-7.5%<\/p>\n<p>Sulphated ash<br \/>\n0.1%max<\/p>\n<p>Heavy metal<br \/>\n20ppm max<\/p>\n<p>Ursodeoxycholic acid<br \/>\n0.5%max<\/p>\n<p>Taurochenodeoxycholic acid<br \/>\n0.8%max<\/p>\n<p>Other impurity<br \/>\n0.4%max<\/p>\n<p>Total of other impurity<br \/>\n1.0%max<\/p>\n<p>\u00a0<br \/>\nGlycoursodeoxycholic Acid application<br \/>\nA metabolite of ursodeoxycholic acid used as an anticholic acid<br \/>\nGlycoursodeoxycholic Acid Packaging and Shipping\u00a0<br \/>\nCustomized according to customer needs.<br \/>\nGlycoursodeoxycholic Acid Storage<br \/>\nIt should be stored in a clean, dry and cool place, preventing from sunlight, rain.<\/p>","protected":false},"excerpt":{"rendered":"<p>Nombre qu\u00edmico: \u00c1cido glicoursodesoxic\u00f3lico<br \/>\nN\u00ba CAS: 64480-66-6<br \/>\nF\u00f3mula molecular: C26H43NO5<br \/>\nPeso molecular: 449,62<br \/>\nAspecto: Polvo cristalino de color blanco a amarillo o rosa<br \/>\nEnsayo: \u226598.0%<\/p>","protected":false},"featured_media":8059,"comment_status":"open","ping_status":"closed","template":"","meta":[],"product_brand":[],"product_cat":[17],"product_tag":[],"class_list":{"0":"post-11087","1":"product","2":"type-product","3":"status-publish","4":"has-post-thumbnail","6":"product_cat-uncategorized","8":"first","9":"instock","10":"shipping-taxable","11":"product-type-simple"},"_links":{"self":[{"href":"https:\/\/chemneo.com\/es\/wp-json\/wp\/v2\/product\/11087","targetHints":{"allow":["GET"]}}],"collection":[{"href":"https:\/\/chemneo.com\/es\/wp-json\/wp\/v2\/product"}],"about":[{"href":"https:\/\/chemneo.com\/es\/wp-json\/wp\/v2\/types\/product"}],"replies":[{"embeddable":true,"href":"https:\/\/chemneo.com\/es\/wp-json\/wp\/v2\/comments?post=11087"}],"wp:featuredmedia":[{"embeddable":true,"href":"https:\/\/chemneo.com\/es\/wp-json\/wp\/v2\/media\/8059"}],"wp:attachment":[{"href":"https:\/\/chemneo.com\/es\/wp-json\/wp\/v2\/media?parent=11087"}],"wp:term":[{"taxonomy":"product_brand","embeddable":true,"href":"https:\/\/chemneo.com\/es\/wp-json\/wp\/v2\/product_brand?post=11087"},{"taxonomy":"product_cat","embeddable":true,"href":"https:\/\/chemneo.com\/es\/wp-json\/wp\/v2\/product_cat?post=11087"},{"taxonomy":"product_tag","embeddable":true,"href":"https:\/\/chemneo.com\/es\/wp-json\/wp\/v2\/product_tag?post=11087"}],"curies":[{"name":"wp","href":"https:\/\/api.w.org\/{rel}","templated":true}]}}