{"id":11111,"date":"2024-11-13T15:19:26","date_gmt":"2024-11-13T07:19:26","guid":{"rendered":"https:\/\/chemneo.com\/product\/11111.html"},"modified":"2024-11-13T15:19:27","modified_gmt":"2024-11-13T07:19:27","slug":"hydroxyphosphono-acetic-acid-cas-23783-26-8-2","status":"publish","type":"product","link":"https:\/\/chemneo.com\/es\/product\/11111.html","title":{"rendered":"\u00c1cido hidroxifosfonoac\u00e9tico Cas 23783-26-8"},"content":{"rendered":"<p>Descripci\u00f3n<\/p>\n<p>\tHydroxyphosphono-acetic acid Quick Details<br \/>\nChemical Name: Hydroxyphosphono-acetic acid<br \/>\nSynonyms: 2-Hydroxy phosphono acetic acid; HPA; HPAACAS No.: 23783-26-8<br \/>\nMolecular Fomula: C2H5O6P<br \/>\nEstructura qu\u00edmica:<\/p>\n<p>Molecular weight:\u00a0156.03<br \/>\nAppearance:\u00a0colorless transparent liquid<br \/>\nDegree of hydrolysis\uff1a30-40(%)<br \/>\nHydroxyphosphono-acetic acid Typical Properties<\/p>\n<p>ITEMS<br \/>\nSPECIFICATION<\/p>\n<p>Punto de ebullici\u00f3n<br \/>\n557.7\u00b160.0 \u00b0C(Predicted)<\/p>\n<p>Densidad<br \/>\n1.37 (50% aq.)<\/p>\n<p>Solubilidad<br \/>\nSoluble in DMSO (a little), methanol (a little)<\/p>\n<p>\u00a0<br \/>\nHydroxyphosphono-acetic acid application:<br \/>\nWidely used in scale and corrosion inhibition in circulating cooling water systems in steel, petrochemical, electric power, pharmaceutical and other industries.<br \/>\nHydroxyphosphono-acetic acid Packaging and Shipping\u00a0<br \/>\ncustomized according to customer needs.<br \/>\nHydroxyphosphono-acetic acid Storage<br \/>\nIt should be stored in a clean, dry and cool place, preventing from sunlight, rain.<\/p>","protected":false},"excerpt":{"rendered":"<p>Chemical Name: Hydroxyphosphono-acetic acid<br \/>\nSynonyms: 2-Hydroxy phosphono acetic acid; HPA; HPAA<br \/>\nCAS No.: 23783-26-8<br \/>\nMolecular Fomula: C2H5O6P<br \/>\nMolecular weight:\u00a0156.03<br \/>\nAppearance:\u00a0colorless transparent liquid<\/p>","protected":false},"featured_media":8106,"comment_status":"open","ping_status":"closed","template":"","meta":[],"product_brand":[],"product_cat":[17],"product_tag":[],"class_list":{"0":"post-11111","1":"product","2":"type-product","3":"status-publish","4":"has-post-thumbnail","6":"product_cat-uncategorized","8":"first","9":"instock","10":"shipping-taxable","11":"product-type-simple"},"_links":{"self":[{"href":"https:\/\/chemneo.com\/es\/wp-json\/wp\/v2\/product\/11111","targetHints":{"allow":["GET"]}}],"collection":[{"href":"https:\/\/chemneo.com\/es\/wp-json\/wp\/v2\/product"}],"about":[{"href":"https:\/\/chemneo.com\/es\/wp-json\/wp\/v2\/types\/product"}],"replies":[{"embeddable":true,"href":"https:\/\/chemneo.com\/es\/wp-json\/wp\/v2\/comments?post=11111"}],"wp:featuredmedia":[{"embeddable":true,"href":"https:\/\/chemneo.com\/es\/wp-json\/wp\/v2\/media\/8106"}],"wp:attachment":[{"href":"https:\/\/chemneo.com\/es\/wp-json\/wp\/v2\/media?parent=11111"}],"wp:term":[{"taxonomy":"product_brand","embeddable":true,"href":"https:\/\/chemneo.com\/es\/wp-json\/wp\/v2\/product_brand?post=11111"},{"taxonomy":"product_cat","embeddable":true,"href":"https:\/\/chemneo.com\/es\/wp-json\/wp\/v2\/product_cat?post=11111"},{"taxonomy":"product_tag","embeddable":true,"href":"https:\/\/chemneo.com\/es\/wp-json\/wp\/v2\/product_tag?post=11111"}],"curies":[{"name":"wp","href":"https:\/\/api.w.org\/{rel}","templated":true}]}}