{"id":11124,"date":"2024-11-13T15:19:30","date_gmt":"2024-11-13T07:19:30","guid":{"rendered":"https:\/\/chemneo.com\/product\/11124.html"},"modified":"2024-11-13T15:19:30","modified_gmt":"2024-11-13T07:19:30","slug":"24-dimethylaniline-6-sulfonic-acid-cas-88-22-2-2","status":"publish","type":"product","link":"https:\/\/chemneo.com\/es\/product\/11124.html","title":{"rendered":"\u00c1cido 2,4-dimetilanilina-6-sulf\u00f3nico CAS 88-22-2"},"content":{"rendered":"<p>Descripci\u00f3n<\/p>\n<p>\t2,4-Dimethylaniline-6-sulfonic Acid Quick Details<br \/>\nChemical Name: 2,4-Dimethylaniline-6-sulfonic Acid<br \/>\nCAS No.: 88-22-2<br \/>\nMolecular Fomula: C8H11NO3S<br \/>\nEstructura qu\u00edmica:<br \/>\nMolecular weight:\u00a0201.24<br \/>\nAppearance:\u00a0White to slightly yellow powder<br \/>\nEnsayo: \u226598.0%<br \/>\n2,4-Dimethylaniline-6-sulfonic Acid\u00a0Typical Properties<\/p>\n<p>ITEMS<br \/>\nSPECIFICATION<\/p>\n<p>Pureza<br \/>\n\u226598%<\/p>\n<p>Insoluble matter<br \/>\n\uff1c0.1%<\/p>\n<p>Moisture content<br \/>\n\uff1c1.0%<\/p>\n<p>2,4-Dimethylaniline-6-sulfonic Acid\u00a0application:<br \/>\nDye intermediates<br \/>\n2,4-Dimethylaniline-6-sulfonic Acid\u00a0Packaging and Shipping\u00a0<br \/>\n25kg\/bag or customized according to customer needs.<br \/>\n2,4-Dimethylaniline-6-sulfonic Acid\u00a0Storage<br \/>\nIt should be stored in a clean, dry and cool place, preventing from sunlight, rain.<\/p>","protected":false},"excerpt":{"rendered":"<p>Chemical Name: 2,4-Dimethylaniline-6-sulfonic Acid<br \/>\nCAS No.: 88-22-2<br \/>\nMolecular Fomula: C8H11NO3S<br \/>\nMolecular weight:\u00a0201.24<br \/>\nAppearance:\u00a0White to slightly yellow powder<br \/>\nEnsayo: \u226598.0%<\/p>","protected":false},"featured_media":8132,"comment_status":"open","ping_status":"closed","template":"","meta":[],"product_brand":[],"product_cat":[17],"product_tag":[],"class_list":{"0":"post-11124","1":"product","2":"type-product","3":"status-publish","4":"has-post-thumbnail","6":"product_cat-uncategorized","8":"first","9":"instock","10":"shipping-taxable","11":"product-type-simple"},"_links":{"self":[{"href":"https:\/\/chemneo.com\/es\/wp-json\/wp\/v2\/product\/11124","targetHints":{"allow":["GET"]}}],"collection":[{"href":"https:\/\/chemneo.com\/es\/wp-json\/wp\/v2\/product"}],"about":[{"href":"https:\/\/chemneo.com\/es\/wp-json\/wp\/v2\/types\/product"}],"replies":[{"embeddable":true,"href":"https:\/\/chemneo.com\/es\/wp-json\/wp\/v2\/comments?post=11124"}],"wp:featuredmedia":[{"embeddable":true,"href":"https:\/\/chemneo.com\/es\/wp-json\/wp\/v2\/media\/8132"}],"wp:attachment":[{"href":"https:\/\/chemneo.com\/es\/wp-json\/wp\/v2\/media?parent=11124"}],"wp:term":[{"taxonomy":"product_brand","embeddable":true,"href":"https:\/\/chemneo.com\/es\/wp-json\/wp\/v2\/product_brand?post=11124"},{"taxonomy":"product_cat","embeddable":true,"href":"https:\/\/chemneo.com\/es\/wp-json\/wp\/v2\/product_cat?post=11124"},{"taxonomy":"product_tag","embeddable":true,"href":"https:\/\/chemneo.com\/es\/wp-json\/wp\/v2\/product_tag?post=11124"}],"curies":[{"name":"wp","href":"https:\/\/api.w.org\/{rel}","templated":true}]}}