{"id":11149,"date":"2024-11-13T15:19:33","date_gmt":"2024-11-13T07:19:33","guid":{"rendered":"https:\/\/chemneo.com\/product\/11149.html"},"modified":"2024-11-13T15:19:33","modified_gmt":"2024-11-13T07:19:33","slug":"hydrolyzed-wheat-protein-cas-70084-87-6-2","status":"publish","type":"product","link":"https:\/\/chemneo.com\/es\/product\/11149.html","title":{"rendered":"Prote\u00edna de trigo hidrolizada CAS 70084-87-6"},"content":{"rendered":"<p>Descripci\u00f3n<\/p>\n<p>\tHydrolyzed Wheat Protein Details<br \/>\nDenominaci\u00f3n qu\u00edmica: Prote\u00edna de trigo hidrolizada<br \/>\nN\u00ba CAS: 70084-87-6<br \/>\nAspecto: polvo blanco<br \/>\nHydrolyzed Wheat Protein Usage<br \/>\nUsed to make cosmetics and personal care products (such as skin care products, shampoos, conditioners, etc.) to increase the moisturizing, softness and refinement of the skin.<br \/>\nIn the food industry, it is used as a shape-retaining agent, emulsifier, foaming agent, chewing gum base, etc., in alcoholic beverages, edible artificial casings, cheese, acidic beverages, edible thin films, protein film foods, baked goods, and breakfast cereals. , processing of pet food and meat products<br \/>\nHydrolyzed Wheat Protein Packaging and Shipping<br \/>\nPacking: 25KG\/Drum<br \/>\nAlmacenamiento<br \/>\nKeep in a well-closed,\u00a0light-resistant, dry and cool place.<\/p>","protected":false},"excerpt":{"rendered":"<p>Denominaci\u00f3n qu\u00edmica: Prote\u00edna de trigo hidrolizada<br \/>\nN\u00ba CAS: 70084-87-6<br \/>\nAspecto: polvo blanco<\/p>","protected":false},"featured_media":8182,"comment_status":"open","ping_status":"closed","template":"","meta":[],"product_brand":[],"product_cat":[17],"product_tag":[],"class_list":{"0":"post-11149","1":"product","2":"type-product","3":"status-publish","4":"has-post-thumbnail","6":"product_cat-uncategorized","8":"first","9":"instock","10":"shipping-taxable","11":"product-type-simple"},"_links":{"self":[{"href":"https:\/\/chemneo.com\/es\/wp-json\/wp\/v2\/product\/11149","targetHints":{"allow":["GET"]}}],"collection":[{"href":"https:\/\/chemneo.com\/es\/wp-json\/wp\/v2\/product"}],"about":[{"href":"https:\/\/chemneo.com\/es\/wp-json\/wp\/v2\/types\/product"}],"replies":[{"embeddable":true,"href":"https:\/\/chemneo.com\/es\/wp-json\/wp\/v2\/comments?post=11149"}],"wp:featuredmedia":[{"embeddable":true,"href":"https:\/\/chemneo.com\/es\/wp-json\/wp\/v2\/media\/8182"}],"wp:attachment":[{"href":"https:\/\/chemneo.com\/es\/wp-json\/wp\/v2\/media?parent=11149"}],"wp:term":[{"taxonomy":"product_brand","embeddable":true,"href":"https:\/\/chemneo.com\/es\/wp-json\/wp\/v2\/product_brand?post=11149"},{"taxonomy":"product_cat","embeddable":true,"href":"https:\/\/chemneo.com\/es\/wp-json\/wp\/v2\/product_cat?post=11149"},{"taxonomy":"product_tag","embeddable":true,"href":"https:\/\/chemneo.com\/es\/wp-json\/wp\/v2\/product_tag?post=11149"}],"curies":[{"name":"wp","href":"https:\/\/api.w.org\/{rel}","templated":true}]}}