{"id":11156,"date":"2024-11-13T15:19:34","date_gmt":"2024-11-13T07:19:34","guid":{"rendered":"https:\/\/chemneo.com\/product\/11156.html"},"modified":"2024-11-13T15:19:34","modified_gmt":"2024-11-13T07:19:34","slug":"fluoroboric-acid-cas-16872-11-0-2","status":"publish","type":"product","link":"https:\/\/chemneo.com\/es\/product\/11156.html","title":{"rendered":"\u00c1cido fluorob\u00f3rico CAS 16872-11-0"},"content":{"rendered":"<p>Description<\/p>\n<p>\tFluoroboric Acid Details<br \/>\nChemical Name: Fluoroboric Acid<br \/>\nSynonyms: Fluoboric acid; Tetrafluoroboric acid; Hydrogen tetrafluoroborate<br \/>\nCAS No.: 16872-11-0<br \/>\nMolecular Formula: BF3.FH<br \/>\nMolecular Weight: 87.81<br \/>\nMolecular\u00a0Structure:<br \/>\nAppearance: Liquid<br \/>\nFluoroboric Acid Typical Properties<\/p>\n<p>Melting Point<br \/>\n-90\u00b0C<\/p>\n<p>Boiling Point<br \/>\n130\u00b0C (dec.)<\/p>\n<p>Storage<br \/>\n-20\u00b0C<\/p>\n<p>Colour<br \/>\nLight yellow<\/p>\n<p>Appearance<br \/>\nLiquid<\/p>\n<p>Solubility<br \/>\nSoluble in water and ethanol<\/p>\n<p>Density<br \/>\n1.38\u00a0g\/mL\u00a0at 20\u00a0\u00b0C(lit.)<\/p>\n<p>Stability<br \/>\nStable<\/p>\n<p>Vapor Pressure<br \/>\n5 mmHg ( 20 \u00b0C)<\/p>\n<p>Refractive Index<br \/>\nnD20 of a 20% aq soln 1.3284<\/p>\n<p>Flash Point<br \/>\n\u221240\u00a0\u00b0F<\/p>\n<p>Acidity coefficient (pKa)<br \/>\n-4.9[at 20 \u2103]<\/p>\n<p>\u00a0<br \/>\nFluoroboric Acid Usage<br \/>\nMainly used as corrosive and cleaning agent for electronic devices.<br \/>\nFluoroboric Acid Packaging and Shipping<br \/>\nPacking: 25KG\/Drum<br \/>\nFluoroboric Acid Storage<br \/>\nKeep in a well-closed,light-resistant, dry and cool place. Store separately from cyanide, H pore-forming agents, and alkalis.<\/p>\n","protected":false},"excerpt":{"rendered":"<p>Nombre qu\u00edmico: \u00c1cido Fluorob\u00f3rico<br \/>\nSin\u00f3nimos: \u00c1cido fluob\u00f3rico; \u00c1cido tetrafluorob\u00f3rico; Tetrafluoroborato de hidr\u00f3geno<br \/>\nN\u00ba CAS: 16872-11-0<br \/>\nF\u00f3rmula molecular: BF3.FH<br \/>\nPeso molecular: 87,81<br \/>\nAspecto: L\u00edquido<\/p>","protected":false},"featured_media":8196,"comment_status":"open","ping_status":"closed","template":"","meta":[],"product_brand":[],"product_cat":[17],"product_tag":[],"class_list":{"0":"post-11156","1":"product","2":"type-product","3":"status-publish","4":"has-post-thumbnail","6":"product_cat-uncategorized","8":"first","9":"instock","10":"shipping-taxable","11":"product-type-simple"},"_links":{"self":[{"href":"https:\/\/chemneo.com\/es\/wp-json\/wp\/v2\/product\/11156","targetHints":{"allow":["GET"]}}],"collection":[{"href":"https:\/\/chemneo.com\/es\/wp-json\/wp\/v2\/product"}],"about":[{"href":"https:\/\/chemneo.com\/es\/wp-json\/wp\/v2\/types\/product"}],"replies":[{"embeddable":true,"href":"https:\/\/chemneo.com\/es\/wp-json\/wp\/v2\/comments?post=11156"}],"wp:featuredmedia":[{"embeddable":true,"href":"https:\/\/chemneo.com\/es\/wp-json\/wp\/v2\/media\/8196"}],"wp:attachment":[{"href":"https:\/\/chemneo.com\/es\/wp-json\/wp\/v2\/media?parent=11156"}],"wp:term":[{"taxonomy":"product_brand","embeddable":true,"href":"https:\/\/chemneo.com\/es\/wp-json\/wp\/v2\/product_brand?post=11156"},{"taxonomy":"product_cat","embeddable":true,"href":"https:\/\/chemneo.com\/es\/wp-json\/wp\/v2\/product_cat?post=11156"},{"taxonomy":"product_tag","embeddable":true,"href":"https:\/\/chemneo.com\/es\/wp-json\/wp\/v2\/product_tag?post=11156"}],"curies":[{"name":"wp","href":"https:\/\/api.w.org\/{rel}","templated":true}]}}