{"id":14164,"date":"2024-11-13T15:42:41","date_gmt":"2024-11-13T07:42:41","guid":{"rendered":"https:\/\/chemneo.com\/product\/14164.html"},"modified":"2024-11-13T15:42:41","modified_gmt":"2024-11-13T07:42:41","slug":"pyrophosphoric-acid-cas-2466-09-3","status":"publish","type":"product","link":"https:\/\/chemneo.com\/es\/product\/14164.html","title":{"rendered":"\u00e1cido pirofosf\u00f3rico cas 2466-09-3"},"content":{"rendered":"<p>Descripci\u00f3n<\/p>\n<p>\tPyrophosphoric acid<br \/>\nPyrophosphoric acid Quick Details<br \/>\nChemical Name: Pyrophosphoric acid<br \/>\nCAS No.:2466-09-3<br \/>\nMolecular Fomula:H4O7P2<br \/>\nEstructura qu\u00edmica:<br \/>\nMolecular weight:177.98<br \/>\nAppearance:Colourless acicular crystalline or light yellow sticky liquid<br \/>\nAssay\uff1a\u226595%<br \/>\nPyrophosphoric acidTypical Properties<\/p>\n<p>Items<br \/>\nSpecifications<\/p>\n<p>Apariencia<br \/>\nColourless acicular crystalline or light yellow sticky liquid<\/p>\n<p>Ensayo<br \/>\n\u226595%<\/p>\n<p>Chloride<br \/>\n\u22640.002%<\/p>\n<p>Sulfate (SO4)<br \/>\nQualified<\/p>\n<p>Fe<br \/>\n\u22640.02%<\/p>\n<p>Pyrophosphoric acidUsage<br \/>\n1.Used as catalyst, metal refining, stabilizer of organic peroxide. It is used to adjust the Ph value of electroplating solution in electroplating copper process, and is also used in other electroplating.<br \/>\n2.Used as a catalyst and a concealment agent, etc.<br \/>\nPyrophosphoric acidPackaging and Shipping<br \/>\n31.5kg \/drum.<br \/>\nPyrophosphoric acidStorage<br \/>\nKeep the seal and keep it under low temperature and dry condition.<\/p>","protected":false},"excerpt":{"rendered":"<p>Chemical Name: Pyrophosphoric acid<br \/>\nCAS No.:2466-09-3<br \/>\nMolecular Fomula:H4O7P2<br \/>\nMolecular weight:177.98<br \/>\nAppearance:Colourless acicular crystalline or light yellow sticky liquid<br \/>\nAssay\uff1a\u226595%<br \/>\n\u00a0<br \/>\ndocumentos relacionados:<\/p>\n<p>COA of Pyrophosphoric acid CAS 2466-09-3<br \/>\nTDS of Pyrophosphoric acid CAS 2466-09-3<\/p>\n<p> Solicitud de documentos sobre productos<\/p>","protected":false},"featured_media":14163,"comment_status":"open","ping_status":"closed","template":"","meta":[],"product_brand":[],"product_cat":[17],"product_tag":[],"class_list":{"0":"post-14164","1":"product","2":"type-product","3":"status-publish","4":"has-post-thumbnail","6":"product_cat-uncategorized","8":"first","9":"instock","10":"shipping-taxable","11":"product-type-simple"},"_links":{"self":[{"href":"https:\/\/chemneo.com\/es\/wp-json\/wp\/v2\/product\/14164","targetHints":{"allow":["GET"]}}],"collection":[{"href":"https:\/\/chemneo.com\/es\/wp-json\/wp\/v2\/product"}],"about":[{"href":"https:\/\/chemneo.com\/es\/wp-json\/wp\/v2\/types\/product"}],"replies":[{"embeddable":true,"href":"https:\/\/chemneo.com\/es\/wp-json\/wp\/v2\/comments?post=14164"}],"wp:featuredmedia":[{"embeddable":true,"href":"https:\/\/chemneo.com\/es\/wp-json\/wp\/v2\/media\/14163"}],"wp:attachment":[{"href":"https:\/\/chemneo.com\/es\/wp-json\/wp\/v2\/media?parent=14164"}],"wp:term":[{"taxonomy":"product_brand","embeddable":true,"href":"https:\/\/chemneo.com\/es\/wp-json\/wp\/v2\/product_brand?post=14164"},{"taxonomy":"product_cat","embeddable":true,"href":"https:\/\/chemneo.com\/es\/wp-json\/wp\/v2\/product_cat?post=14164"},{"taxonomy":"product_tag","embeddable":true,"href":"https:\/\/chemneo.com\/es\/wp-json\/wp\/v2\/product_tag?post=14164"}],"curies":[{"name":"wp","href":"https:\/\/api.w.org\/{rel}","templated":true}]}}