{"id":14212,"date":"2024-11-13T15:43:08","date_gmt":"2024-11-13T07:43:08","guid":{"rendered":"https:\/\/chemneo.com\/product\/14212.html"},"modified":"2024-11-13T15:43:08","modified_gmt":"2024-11-13T07:43:08","slug":"2-2-2-methoxyethoxyethoxyacetic-acid-cas-16024-58-1","status":"publish","type":"product","link":"https:\/\/chemneo.com\/es\/product\/14212.html","title":{"rendered":"\u00e1cido 2-[2-(2-metoxietoxi)etoxi]ac\u00e9tico cas 16024-58-1"},"content":{"rendered":"<p>Descripci\u00f3n<\/p>\n<p>\t2-[2-(2-methoxyethoxy)ethoxy]acetic AcidQuick Details<br \/>\nProduct Name: 2-[2-(2-methoxyethoxy)ethoxy]acetic Acid<br \/>\nCAS No.: 16024-58-1<br \/>\nEstructura qu\u00edmica:<br \/>\nMolecular Formula: C7H14O5<br \/>\nMolecular Weight: 178.18<br \/>\nAppearance: Light yellow to reddish brownliquid<br \/>\nAssay: 87.88%<br \/>\n2-[2-(2-methoxyethoxy)ethoxy]acetic AcidTypical Properties<\/p>\n<p>Item<br \/>\nStandard<br \/>\nResults<\/p>\n<p>Apariencia<br \/>\nLight yellow to reddish brown liquid<br \/>\nComplies<\/p>\n<p>Pureza<br \/>\n\u226570%<br \/>\n71.13%<\/p>\n<p>Densidad<br \/>\n1.161g\/mLat 25\u00b0C(lit.)<br \/>\nComplies<\/p>\n<p>MF<br \/>\nC7H14O5<br \/>\nComplies<\/p>\n<p>logP<br \/>\n-0.24940<br \/>\nComplies<\/p>\n<p>PSA<br \/>\n64.99000<br \/>\nComplies<\/p>\n<p>Conclusi\u00f3n<br \/>\nThe results conforms with enterprise standards<\/p>\n<p>2-[2-(2-methoxyethoxy)ethoxy]acetic AcidApplication<br \/>\nIt is used for making liquid crystal materials<br \/>\n2-[2-(2-methoxyethoxy)ethoxy]acetic AcidPackaging<br \/>\n20kg\/drum<br \/>\n2-[2-(2-methoxyethoxy)ethoxy]acetic AcidStorage<br \/>\nStore in cool place. Keep container tightly closed in a dry and well-ventilated place. Containers which are opened must be carefully resealed and kept upright to prevent leakage.<br \/>\nStorage class : Combustible liquids<\/p>","protected":false},"excerpt":{"rendered":"<p>Ensayo: \u226570%<br \/>\nAspecto: L\u00edquido entre amarillo claro y marr\u00f3n rojizo<br \/>\nCapacidad: 40 toneladas al a\u00f1o<br \/>\nEmbalaje: Bid\u00f3n de pl\u00e1stico de 50 kg\uff1b<br \/>\nMuestra: disponible<\/p>","protected":false},"featured_media":14211,"comment_status":"open","ping_status":"closed","template":"","meta":[],"product_brand":[],"product_cat":[17],"product_tag":[],"class_list":{"0":"post-14212","1":"product","2":"type-product","3":"status-publish","4":"has-post-thumbnail","6":"product_cat-uncategorized","8":"first","9":"instock","10":"shipping-taxable","11":"product-type-simple"},"_links":{"self":[{"href":"https:\/\/chemneo.com\/es\/wp-json\/wp\/v2\/product\/14212","targetHints":{"allow":["GET"]}}],"collection":[{"href":"https:\/\/chemneo.com\/es\/wp-json\/wp\/v2\/product"}],"about":[{"href":"https:\/\/chemneo.com\/es\/wp-json\/wp\/v2\/types\/product"}],"replies":[{"embeddable":true,"href":"https:\/\/chemneo.com\/es\/wp-json\/wp\/v2\/comments?post=14212"}],"wp:featuredmedia":[{"embeddable":true,"href":"https:\/\/chemneo.com\/es\/wp-json\/wp\/v2\/media\/14211"}],"wp:attachment":[{"href":"https:\/\/chemneo.com\/es\/wp-json\/wp\/v2\/media?parent=14212"}],"wp:term":[{"taxonomy":"product_brand","embeddable":true,"href":"https:\/\/chemneo.com\/es\/wp-json\/wp\/v2\/product_brand?post=14212"},{"taxonomy":"product_cat","embeddable":true,"href":"https:\/\/chemneo.com\/es\/wp-json\/wp\/v2\/product_cat?post=14212"},{"taxonomy":"product_tag","embeddable":true,"href":"https:\/\/chemneo.com\/es\/wp-json\/wp\/v2\/product_tag?post=14212"}],"curies":[{"name":"wp","href":"https:\/\/api.w.org\/{rel}","templated":true}]}}