{"id":22611,"date":"2024-12-02T15:10:16","date_gmt":"2024-12-02T07:10:16","guid":{"rendered":"https:\/\/chemneo.com\/product\/22611.html"},"modified":"2024-12-02T15:10:18","modified_gmt":"2024-12-02T07:10:18","slug":"3-bromopyridine-2-carboxylic-acid","status":"publish","type":"product","link":"https:\/\/chemneo.com\/es\/product\/22611.html","title":{"rendered":"\u00c1CIDO 3-BROMOPIRIDINA-2-CARBOX\u00cdLICO"},"content":{"rendered":"<p>Propiedades qu\u00edmicas<\/p>\n<p>                        Melting point<br \/>\n                        141-1440C<\/p>\n<p>                        Punto de ebullici\u00f3n<br \/>\n                        315.7\u00b127.0 \u00b0C(Predicted)<\/p>\n<p>                        Densidad\u00a0<br \/>\n                        1.813<\/p>\n<p>                        storage temp.\u00a0<br \/>\n                        Inert atmosphere,2-8\u00b0C<\/p>\n<p>                        formulario\u00a0<br \/>\n                        Solid<\/p>\n<p>                        pka<br \/>\n                        2.29\u00b10.10(Predicted)<\/p>\n<p>                        color\u00a0<br \/>\n                        Off-White<\/p>\n<p>                        CAS DataBase Reference<br \/>\n                        30683-23-9(CAS DataBase Reference)<\/p>","protected":false},"excerpt":{"rendered":"<p>Nombre del producto\uff1a3-BROMOPYRIDINE-2-CARBOXYLIC ACID<br \/>CAS\uff1a30683-23-9<br \/>MFC6H4BrNO2<br \/>MW\uff1a202.01<br \/>EINECS\uff1a639-403-7<br \/>MOL File\uff1a30683-23-9.mol<\/p>","protected":false},"featured_media":22610,"comment_status":"open","ping_status":"closed","template":"","meta":[],"product_brand":[],"product_cat":[17],"product_tag":[],"class_list":{"0":"post-22611","1":"product","2":"type-product","3":"status-publish","4":"has-post-thumbnail","6":"product_cat-uncategorized","8":"first","9":"instock","10":"shipping-taxable","11":"product-type-simple"},"_links":{"self":[{"href":"https:\/\/chemneo.com\/es\/wp-json\/wp\/v2\/product\/22611","targetHints":{"allow":["GET"]}}],"collection":[{"href":"https:\/\/chemneo.com\/es\/wp-json\/wp\/v2\/product"}],"about":[{"href":"https:\/\/chemneo.com\/es\/wp-json\/wp\/v2\/types\/product"}],"replies":[{"embeddable":true,"href":"https:\/\/chemneo.com\/es\/wp-json\/wp\/v2\/comments?post=22611"}],"wp:featuredmedia":[{"embeddable":true,"href":"https:\/\/chemneo.com\/es\/wp-json\/wp\/v2\/media\/22610"}],"wp:attachment":[{"href":"https:\/\/chemneo.com\/es\/wp-json\/wp\/v2\/media?parent=22611"}],"wp:term":[{"taxonomy":"product_brand","embeddable":true,"href":"https:\/\/chemneo.com\/es\/wp-json\/wp\/v2\/product_brand?post=22611"},{"taxonomy":"product_cat","embeddable":true,"href":"https:\/\/chemneo.com\/es\/wp-json\/wp\/v2\/product_cat?post=22611"},{"taxonomy":"product_tag","embeddable":true,"href":"https:\/\/chemneo.com\/es\/wp-json\/wp\/v2\/product_tag?post=22611"}],"curies":[{"name":"wp","href":"https:\/\/api.w.org\/{rel}","templated":true}]}}