{"id":22785,"date":"2024-12-02T15:12:21","date_gmt":"2024-12-02T07:12:21","guid":{"rendered":"https:\/\/chemneo.com\/product\/22785.html"},"modified":"2024-12-02T15:12:23","modified_gmt":"2024-12-02T07:12:23","slug":"4-bromo-2-thiophenecarboxylic-acid","status":"publish","type":"product","link":"https:\/\/chemneo.com\/es\/product\/22785.html","title":{"rendered":"\u00c1cido 4-bromo-2-tiofenocarbox\u00edlico"},"content":{"rendered":"<p>Propiedades qu\u00edmicas<\/p>\n<p>                        Melting point<br \/>\n                        121 \u00b0C<\/p>\n<p>                        Punto de ebullici\u00f3n<br \/>\n                        323.7\u00b127.0 \u00b0C(Predicted)<\/p>\n<p>                        Densidad\u00a0<br \/>\n                        1.923\u00b10.06 g\/cm3(Predicted)<\/p>\n<p>                        storage temp.\u00a0<br \/>\n                        under inert gas (nitrogen or Argon) at 2\u20138 \u00b0C<\/p>\n<p>                        pka<br \/>\n                        3.50\u00b10.10(Predicted)<\/p>\n<p>                        formulario\u00a0<br \/>\n                        powder to crystal<\/p>\n<p>                        color\u00a0<br \/>\n                        White to Light yellow<\/p>\n<p>                        \u03bbmax<br \/>\n                        245nm(EtOH)(lit.)<\/p>\n<p>                        InChIKey<br \/>\n                        HJZFPRVFLBBAMU-UHFFFAOYSA-N<\/p>\n<p>                        CAS DataBase Reference<br \/>\n                        16694-18-1(CAS DataBase Reference)<\/p>","protected":false},"excerpt":{"rendered":"<p>Nombre del producto: \u00e1cido \uff1a4-bromo-2-tiofenocarbox\u00edlico<br \/>CAS\uff1a16694-18-1<br \/>MFC5H3BrO2S<br \/>MW\uff1a207.05<br \/>EINECS\uff1a679-544-1<br \/>Archivo MOL\uff1a16694-18-1.mol<\/p>","protected":false},"featured_media":22784,"comment_status":"open","ping_status":"closed","template":"","meta":[],"product_brand":[],"product_cat":[17],"product_tag":[],"class_list":{"0":"post-22785","1":"product","2":"type-product","3":"status-publish","4":"has-post-thumbnail","6":"product_cat-uncategorized","8":"first","9":"instock","10":"shipping-taxable","11":"product-type-simple"},"_links":{"self":[{"href":"https:\/\/chemneo.com\/es\/wp-json\/wp\/v2\/product\/22785","targetHints":{"allow":["GET"]}}],"collection":[{"href":"https:\/\/chemneo.com\/es\/wp-json\/wp\/v2\/product"}],"about":[{"href":"https:\/\/chemneo.com\/es\/wp-json\/wp\/v2\/types\/product"}],"replies":[{"embeddable":true,"href":"https:\/\/chemneo.com\/es\/wp-json\/wp\/v2\/comments?post=22785"}],"wp:featuredmedia":[{"embeddable":true,"href":"https:\/\/chemneo.com\/es\/wp-json\/wp\/v2\/media\/22784"}],"wp:attachment":[{"href":"https:\/\/chemneo.com\/es\/wp-json\/wp\/v2\/media?parent=22785"}],"wp:term":[{"taxonomy":"product_brand","embeddable":true,"href":"https:\/\/chemneo.com\/es\/wp-json\/wp\/v2\/product_brand?post=22785"},{"taxonomy":"product_cat","embeddable":true,"href":"https:\/\/chemneo.com\/es\/wp-json\/wp\/v2\/product_cat?post=22785"},{"taxonomy":"product_tag","embeddable":true,"href":"https:\/\/chemneo.com\/es\/wp-json\/wp\/v2\/product_tag?post=22785"}],"curies":[{"name":"wp","href":"https:\/\/api.w.org\/{rel}","templated":true}]}}