{"id":22807,"date":"2024-12-02T15:12:37","date_gmt":"2024-12-02T07:12:37","guid":{"rendered":"https:\/\/chemneo.com\/product\/22807.html"},"modified":"2024-12-02T15:12:39","modified_gmt":"2024-12-02T07:12:39","slug":"2-chloro-5-fluoronicotinic-acid","status":"publish","type":"product","link":"https:\/\/chemneo.com\/es\/product\/22807.html","title":{"rendered":"\u00c1cido 2-cloro-5-fluoronicot\u00ednico"},"content":{"rendered":"<p>Propiedades qu\u00edmicas<\/p>\n<p>                        Melting point<br \/>\n                        141-142\u00b0C<\/p>\n<p>                        Punto de ebullici\u00f3n<br \/>\n                        297.0\u00b135.0 \u00b0C(Predicted)<\/p>\n<p>                        Densidad\u00a0<br \/>\n                        1.576\u00b10.06 g\/cm3(Predicted)<\/p>\n<p>                        storage temp.\u00a0<br \/>\n                        under inert gas (nitrogen or Argon) at 2-8\u00b0C<\/p>\n<p>                        pka<br \/>\n                        1.67\u00b10.25(Predicted)<\/p>\n<p>                        formulario\u00a0<br \/>\n                        powder<\/p>\n<p>                        color\u00a0<br \/>\n                        Off-white<\/p>\n<p>                        InChIKey<br \/>\n                        WMADTZFXZAITIR-UHFFFAOYSA-N<\/p>\n<p>                        CAS DataBase Reference<br \/>\n                        38186-88-8(CAS DataBase Reference)<\/p>","protected":false},"excerpt":{"rendered":"<p>Nombre del producto\uff1a2-Cloro-5-fluoronicot\u00ednico<br \/>CAS\uff1a38186-88-8<br \/>MFC6H3ClFNO2<br \/>MW\uff1a175,54<br \/>EINECS\uff1a<br \/>MOL File\uff1a38186-88-8.mol<\/p>","protected":false},"featured_media":22806,"comment_status":"open","ping_status":"closed","template":"","meta":[],"product_brand":[],"product_cat":[17],"product_tag":[],"class_list":{"0":"post-22807","1":"product","2":"type-product","3":"status-publish","4":"has-post-thumbnail","6":"product_cat-uncategorized","8":"first","9":"instock","10":"shipping-taxable","11":"product-type-simple"},"_links":{"self":[{"href":"https:\/\/chemneo.com\/es\/wp-json\/wp\/v2\/product\/22807","targetHints":{"allow":["GET"]}}],"collection":[{"href":"https:\/\/chemneo.com\/es\/wp-json\/wp\/v2\/product"}],"about":[{"href":"https:\/\/chemneo.com\/es\/wp-json\/wp\/v2\/types\/product"}],"replies":[{"embeddable":true,"href":"https:\/\/chemneo.com\/es\/wp-json\/wp\/v2\/comments?post=22807"}],"wp:featuredmedia":[{"embeddable":true,"href":"https:\/\/chemneo.com\/es\/wp-json\/wp\/v2\/media\/22806"}],"wp:attachment":[{"href":"https:\/\/chemneo.com\/es\/wp-json\/wp\/v2\/media?parent=22807"}],"wp:term":[{"taxonomy":"product_brand","embeddable":true,"href":"https:\/\/chemneo.com\/es\/wp-json\/wp\/v2\/product_brand?post=22807"},{"taxonomy":"product_cat","embeddable":true,"href":"https:\/\/chemneo.com\/es\/wp-json\/wp\/v2\/product_cat?post=22807"},{"taxonomy":"product_tag","embeddable":true,"href":"https:\/\/chemneo.com\/es\/wp-json\/wp\/v2\/product_tag?post=22807"}],"curies":[{"name":"wp","href":"https:\/\/api.w.org\/{rel}","templated":true}]}}