{"id":24992,"date":"2024-12-02T15:41:36","date_gmt":"2024-12-02T07:41:36","guid":{"rendered":"https:\/\/chemneo.com\/product\/24992.html"},"modified":"2024-12-02T15:41:38","modified_gmt":"2024-12-02T07:41:38","slug":"5-isoquinolinesulfonic-acid-2","status":"publish","type":"product","link":"https:\/\/chemneo.com\/es\/product\/24992.html","title":{"rendered":"\u00c1cido 5-isoquinolinesulf\u00f3nico"},"content":{"rendered":"<p>Propiedades qu\u00edmicas<\/p>\n<p>                        Melting point<br \/>\n                        >300 \u00b0C (lit.)<\/p>\n<p>                        Densidad\u00a0<br \/>\n                        1.4048 (rough estimate)<\/p>\n<p>                        \u00edndice de refracci\u00f3n\u00a0<br \/>\n                        1.5364 (estimate)<\/p>\n<p>                        storage temp.\u00a0<br \/>\n                        Sealed in dry,2-8\u00b0C<\/p>\n<p>                        solubility\u00a0<br \/>\n                        DMSO (Slightly), Methanol (Slightly)<\/p>\n<p>                        pka<br \/>\n                        -0.98\u00b10.40(Predicted)<\/p>\n<p>                        formulario\u00a0<br \/>\n                        Solid<\/p>\n<p>                        color\u00a0<br \/>\n                        White to Almost white<\/p>\n<p>                        CAS DataBase Reference<br \/>\n                        27655-40-9(CAS DataBase Reference)<\/p>\n<p>                        Sistema de registro de sustancias de la EPA<br \/>\n                        5-Isoquinolinesulfonic acid (27655-40-9)<\/p>","protected":false},"excerpt":{"rendered":"<p>Nombre del producto: \u00c1cido isoquinolinesulf\u00f3nico \uff1a5<br \/>CAS\uff1a27655-40-9<br \/>MFC9H7NO3S<br \/>MW\uff1a209.22<br \/>EINECS\uff1a678-548-0<br \/>MOL File\uff1a27655-40-9.mol<\/p>","protected":false},"featured_media":21584,"comment_status":"open","ping_status":"closed","template":"","meta":[],"product_brand":[],"product_cat":[17],"product_tag":[],"class_list":{"0":"post-24992","1":"product","2":"type-product","3":"status-publish","4":"has-post-thumbnail","6":"product_cat-uncategorized","8":"first","9":"instock","10":"shipping-taxable","11":"product-type-simple"},"_links":{"self":[{"href":"https:\/\/chemneo.com\/es\/wp-json\/wp\/v2\/product\/24992","targetHints":{"allow":["GET"]}}],"collection":[{"href":"https:\/\/chemneo.com\/es\/wp-json\/wp\/v2\/product"}],"about":[{"href":"https:\/\/chemneo.com\/es\/wp-json\/wp\/v2\/types\/product"}],"replies":[{"embeddable":true,"href":"https:\/\/chemneo.com\/es\/wp-json\/wp\/v2\/comments?post=24992"}],"wp:featuredmedia":[{"embeddable":true,"href":"https:\/\/chemneo.com\/es\/wp-json\/wp\/v2\/media\/21584"}],"wp:attachment":[{"href":"https:\/\/chemneo.com\/es\/wp-json\/wp\/v2\/media?parent=24992"}],"wp:term":[{"taxonomy":"product_brand","embeddable":true,"href":"https:\/\/chemneo.com\/es\/wp-json\/wp\/v2\/product_brand?post=24992"},{"taxonomy":"product_cat","embeddable":true,"href":"https:\/\/chemneo.com\/es\/wp-json\/wp\/v2\/product_cat?post=24992"},{"taxonomy":"product_tag","embeddable":true,"href":"https:\/\/chemneo.com\/es\/wp-json\/wp\/v2\/product_tag?post=24992"}],"curies":[{"name":"wp","href":"https:\/\/api.w.org\/{rel}","templated":true}]}}