{"id":25090,"date":"2024-12-02T15:43:52","date_gmt":"2024-12-02T07:43:52","guid":{"rendered":"https:\/\/chemneo.com\/product\/25090.html"},"modified":"2024-12-02T15:43:53","modified_gmt":"2024-12-02T07:43:53","slug":"4-hydroxypyridine-2-carboxylic-acid-2","status":"publish","type":"product","link":"https:\/\/chemneo.com\/es\/product\/25090.html","title":{"rendered":"\u00c1cido 4-hidroxipiridina-2-carbox\u00edlico"},"content":{"rendered":"<p>Propiedades qu\u00edmicas<\/p>\n<p>                        Melting point<br \/>\n                        ca 280\u2103<\/p>\n<p>                        Punto de ebullici\u00f3n<br \/>\n                        582.3\u00b135.0 \u00b0C(Predicted)<\/p>\n<p>                        Densidad\u00a0<br \/>\n                        1.485\u00b10.06 g\/cm3(Predicted)<\/p>\n<p>                        storage temp.\u00a0<br \/>\n                        under inert gas (nitrogen or Argon) at 2-8\u00b0C<\/p>\n<p>                        formulario\u00a0<br \/>\n                        powder to crystal<\/p>\n<p>                        pka<br \/>\n                        1.20\u00b10.50(Predicted)<\/p>\n<p>                        color\u00a0<br \/>\n                        White to Almost white<\/p>\n<p>                        Water Solubility\u00a0<br \/>\n                        slightly soluble in water.<\/p>\n<p>                        CAS DataBase Reference<br \/>\n                        22468-26-4(CAS DataBase Reference)<\/p>","protected":false},"excerpt":{"rendered":"<p>Nombre del producto: \u00e1cido \uff1a4-hidroxipiridina-2-carbox\u00edlico<br \/>CAS\uff1a22468-26-4<br \/>MFC6H5NO3<br \/>MW\uff1a139.11<br \/>EINECS\uff1a<br \/>MOL File\uff1a22468-26-4.mol<\/p>","protected":false},"featured_media":22380,"comment_status":"open","ping_status":"closed","template":"","meta":[],"product_brand":[],"product_cat":[17],"product_tag":[],"class_list":{"0":"post-25090","1":"product","2":"type-product","3":"status-publish","4":"has-post-thumbnail","6":"product_cat-uncategorized","8":"first","9":"instock","10":"shipping-taxable","11":"product-type-simple"},"_links":{"self":[{"href":"https:\/\/chemneo.com\/es\/wp-json\/wp\/v2\/product\/25090","targetHints":{"allow":["GET"]}}],"collection":[{"href":"https:\/\/chemneo.com\/es\/wp-json\/wp\/v2\/product"}],"about":[{"href":"https:\/\/chemneo.com\/es\/wp-json\/wp\/v2\/types\/product"}],"replies":[{"embeddable":true,"href":"https:\/\/chemneo.com\/es\/wp-json\/wp\/v2\/comments?post=25090"}],"wp:featuredmedia":[{"embeddable":true,"href":"https:\/\/chemneo.com\/es\/wp-json\/wp\/v2\/media\/22380"}],"wp:attachment":[{"href":"https:\/\/chemneo.com\/es\/wp-json\/wp\/v2\/media?parent=25090"}],"wp:term":[{"taxonomy":"product_brand","embeddable":true,"href":"https:\/\/chemneo.com\/es\/wp-json\/wp\/v2\/product_brand?post=25090"},{"taxonomy":"product_cat","embeddable":true,"href":"https:\/\/chemneo.com\/es\/wp-json\/wp\/v2\/product_cat?post=25090"},{"taxonomy":"product_tag","embeddable":true,"href":"https:\/\/chemneo.com\/es\/wp-json\/wp\/v2\/product_tag?post=25090"}],"curies":[{"name":"wp","href":"https:\/\/api.w.org\/{rel}","templated":true}]}}