{"id":25128,"date":"2024-12-02T15:44:45","date_gmt":"2024-12-02T07:44:45","guid":{"rendered":"https:\/\/chemneo.com\/product\/25128.html"},"modified":"2024-12-02T15:44:47","modified_gmt":"2024-12-02T07:44:47","slug":"4-methylnicotinic-acid-2","status":"publish","type":"product","link":"https:\/\/chemneo.com\/es\/product\/25128.html","title":{"rendered":"\u00c1cido 4-metilnicot\u00ednico"},"content":{"rendered":"<p>Propiedades qu\u00edmicas<\/p>\n<p>                        Melting point<br \/>\n                        217-221\u00a0\u00b0C<\/p>\n<p>                        Punto de ebullici\u00f3n<br \/>\n                        304.1\u00b122.0 \u00b0C(Predicted)<\/p>\n<p>                        Densidad\u00a0<br \/>\n                        1.230\u00b10.06 g\/cm3(Predicted)<\/p>\n<p>                        storage temp.\u00a0<br \/>\n                        Inert atmosphere,Room Temperature<\/p>\n<p>                        formulario\u00a0<br \/>\n                        Crystalline Powder<\/p>\n<p>                        pka<br \/>\n                        1.67\u00b10.25(Predicted)<\/p>\n<p>                        color\u00a0<br \/>\n                        White to tan<\/p>\n<p>                        CAS DataBase Reference<br \/>\n                        3222-50-2(CAS DataBase Reference)<\/p>","protected":false},"excerpt":{"rendered":"<p>Nombre del producto: \u00e1cido \uff1a4-metilnicot\u00ednico<br \/>CAS\uff1a3222-50-2<br \/>MFC7H7NO2<br \/>MW\uff1a137.14<br \/>EINECS\uff1a625-824-3<br \/>MOL File\uff1a3222-50-2.mol<\/p>","protected":false},"featured_media":22620,"comment_status":"open","ping_status":"closed","template":"","meta":[],"product_brand":[],"product_cat":[17],"product_tag":[],"class_list":{"0":"post-25128","1":"product","2":"type-product","3":"status-publish","4":"has-post-thumbnail","6":"product_cat-uncategorized","8":"first","9":"instock","10":"shipping-taxable","11":"product-type-simple"},"_links":{"self":[{"href":"https:\/\/chemneo.com\/es\/wp-json\/wp\/v2\/product\/25128","targetHints":{"allow":["GET"]}}],"collection":[{"href":"https:\/\/chemneo.com\/es\/wp-json\/wp\/v2\/product"}],"about":[{"href":"https:\/\/chemneo.com\/es\/wp-json\/wp\/v2\/types\/product"}],"replies":[{"embeddable":true,"href":"https:\/\/chemneo.com\/es\/wp-json\/wp\/v2\/comments?post=25128"}],"wp:featuredmedia":[{"embeddable":true,"href":"https:\/\/chemneo.com\/es\/wp-json\/wp\/v2\/media\/22620"}],"wp:attachment":[{"href":"https:\/\/chemneo.com\/es\/wp-json\/wp\/v2\/media?parent=25128"}],"wp:term":[{"taxonomy":"product_brand","embeddable":true,"href":"https:\/\/chemneo.com\/es\/wp-json\/wp\/v2\/product_brand?post=25128"},{"taxonomy":"product_cat","embeddable":true,"href":"https:\/\/chemneo.com\/es\/wp-json\/wp\/v2\/product_cat?post=25128"},{"taxonomy":"product_tag","embeddable":true,"href":"https:\/\/chemneo.com\/es\/wp-json\/wp\/v2\/product_tag?post=25128"}],"curies":[{"name":"wp","href":"https:\/\/api.w.org\/{rel}","templated":true}]}}