{"id":25231,"date":"2024-12-02T15:47:09","date_gmt":"2024-12-02T07:47:09","guid":{"rendered":"https:\/\/chemneo.com\/product\/25231.html"},"modified":"2024-12-02T15:47:10","modified_gmt":"2024-12-02T07:47:10","slug":"3-thiophenemalonic-acid-2","status":"publish","type":"product","link":"https:\/\/chemneo.com\/es\/product\/25231.html","title":{"rendered":"\u00c1cido 3-tiofenemal\u00f3nico"},"content":{"rendered":"<p>Propiedades qu\u00edmicas<\/p>\n<p>                        Melting point<br \/>\n                        139 \u00b0C (dec.) (lit.)<\/p>\n<p>                        Punto de ebullici\u00f3n<br \/>\n                        290.67\u00b0C (rough estimate)<\/p>\n<p>                        Densidad\u00a0<br \/>\n                        1.5439 (rough estimate)<\/p>\n<p>                        \u00edndice de refracci\u00f3n\u00a0<br \/>\n                        1.5500 (estimate)<\/p>\n<p>                        pka<br \/>\n                        2.73\u00b10.10(Predicted)<\/p>\n<p>                        formulario\u00a0<br \/>\n                        powder to crystal<\/p>\n<p>                        color\u00a0<br \/>\n                        White to Orange to Green<\/p>\n<p>                        BRN\u00a0<br \/>\n                        6503620<\/p>\n<p>                        CAS DataBase Reference<br \/>\n                        21080-92-2(CAS DataBase Reference)<\/p>\n<p>                        Sistema de registro de sustancias de la EPA<br \/>\n                        Propanedioic acid, 3-thienyl- (21080-92-2)<\/p>","protected":false},"excerpt":{"rendered":"<p>Nombre del producto\uff1a3-\u00c1cido tiofenemal\u00f3nico<br \/>CAS\uff1a21080-92-2<br \/>MFC7H6O4S<br \/>MW\uff1a186.19<br \/>EINECS\uff1a244-198-9<br \/>MOL File\uff1a21080-92-2.mol<\/p>","protected":false},"featured_media":24590,"comment_status":"open","ping_status":"closed","template":"","meta":[],"product_brand":[],"product_cat":[17],"product_tag":[],"class_list":{"0":"post-25231","1":"product","2":"type-product","3":"status-publish","4":"has-post-thumbnail","6":"product_cat-uncategorized","8":"first","9":"instock","10":"shipping-taxable","11":"product-type-simple"},"_links":{"self":[{"href":"https:\/\/chemneo.com\/es\/wp-json\/wp\/v2\/product\/25231","targetHints":{"allow":["GET"]}}],"collection":[{"href":"https:\/\/chemneo.com\/es\/wp-json\/wp\/v2\/product"}],"about":[{"href":"https:\/\/chemneo.com\/es\/wp-json\/wp\/v2\/types\/product"}],"replies":[{"embeddable":true,"href":"https:\/\/chemneo.com\/es\/wp-json\/wp\/v2\/comments?post=25231"}],"wp:featuredmedia":[{"embeddable":true,"href":"https:\/\/chemneo.com\/es\/wp-json\/wp\/v2\/media\/24590"}],"wp:attachment":[{"href":"https:\/\/chemneo.com\/es\/wp-json\/wp\/v2\/media?parent=25231"}],"wp:term":[{"taxonomy":"product_brand","embeddable":true,"href":"https:\/\/chemneo.com\/es\/wp-json\/wp\/v2\/product_brand?post=25231"},{"taxonomy":"product_cat","embeddable":true,"href":"https:\/\/chemneo.com\/es\/wp-json\/wp\/v2\/product_cat?post=25231"},{"taxonomy":"product_tag","embeddable":true,"href":"https:\/\/chemneo.com\/es\/wp-json\/wp\/v2\/product_tag?post=25231"}],"curies":[{"name":"wp","href":"https:\/\/api.w.org\/{rel}","templated":true}]}}