{"id":25263,"date":"2024-12-02T15:47:53","date_gmt":"2024-12-02T07:47:53","guid":{"rendered":"https:\/\/chemneo.com\/product\/25263.html"},"modified":"2024-12-02T15:47:55","modified_gmt":"2024-12-02T07:47:55","slug":"26-difluoropyridine-3-boronic-acid-2","status":"publish","type":"product","link":"https:\/\/chemneo.com\/es\/product\/25263.html","title":{"rendered":"\u00c1cido 2,6-difluoropiridina-3-bor\u00f3nico"},"content":{"rendered":"<p>Propiedades qu\u00edmicas<\/p>\n<p>                        Melting point<br \/>\n                        168 \u00b0C(Solv: ethyl acetate (141-78-6); ethyl ether (60-29-7))<\/p>\n<p>                        Punto de ebullici\u00f3n<br \/>\n                        314.8\u00b152.0 \u00b0C(Predicted)<\/p>\n<p>                        Densidad\u00a0<br \/>\n                        1.44\u00b10.1 g\/cm3(Predicted)<\/p>\n<p>                        storage temp.\u00a0<br \/>\n                        Inert atmosphere,2-8\u00b0C<\/p>\n<p>                        Water Solubility\u00a0<br \/>\n                        Soluble en agua<\/p>\n<p>                        pka<br \/>\n                        6.77\u00b10.58(Predicted)<\/p>\n<p>                        formulario\u00a0<br \/>\n                        powder to crystal<\/p>\n<p>                        color\u00a0<br \/>\n                        White to Light yellow<\/p>\n<p>                        InChIKey<br \/>\n                        LCCZTROJRJFXNV-UHFFFAOYSA-N<\/p>\n<p>                        CAS DataBase Reference<br \/>\n                        136466-94-9(CAS DataBase Reference)<\/p>","protected":false},"excerpt":{"rendered":"<p>Nombre del producto\uff1a2<br \/>\u00c1cido 6-difluoropiridina-3-bor\u00f3nico<br \/>CAS\uff1a136466-94-9<br \/>MFC5H4BF2NO2<br \/>MW\uff1a158.9<br \/>EINECS\uff1a<br \/>MOL File\uff1a136466-94-9.mol<\/p>","protected":false},"featured_media":24654,"comment_status":"open","ping_status":"closed","template":"","meta":[],"product_brand":[],"product_cat":[17],"product_tag":[],"class_list":{"0":"post-25263","1":"product","2":"type-product","3":"status-publish","4":"has-post-thumbnail","6":"product_cat-uncategorized","8":"first","9":"instock","10":"shipping-taxable","11":"product-type-simple"},"_links":{"self":[{"href":"https:\/\/chemneo.com\/es\/wp-json\/wp\/v2\/product\/25263","targetHints":{"allow":["GET"]}}],"collection":[{"href":"https:\/\/chemneo.com\/es\/wp-json\/wp\/v2\/product"}],"about":[{"href":"https:\/\/chemneo.com\/es\/wp-json\/wp\/v2\/types\/product"}],"replies":[{"embeddable":true,"href":"https:\/\/chemneo.com\/es\/wp-json\/wp\/v2\/comments?post=25263"}],"wp:featuredmedia":[{"embeddable":true,"href":"https:\/\/chemneo.com\/es\/wp-json\/wp\/v2\/media\/24654"}],"wp:attachment":[{"href":"https:\/\/chemneo.com\/es\/wp-json\/wp\/v2\/media?parent=25263"}],"wp:term":[{"taxonomy":"product_brand","embeddable":true,"href":"https:\/\/chemneo.com\/es\/wp-json\/wp\/v2\/product_brand?post=25263"},{"taxonomy":"product_cat","embeddable":true,"href":"https:\/\/chemneo.com\/es\/wp-json\/wp\/v2\/product_cat?post=25263"},{"taxonomy":"product_tag","embeddable":true,"href":"https:\/\/chemneo.com\/es\/wp-json\/wp\/v2\/product_tag?post=25263"}],"curies":[{"name":"wp","href":"https:\/\/api.w.org\/{rel}","templated":true}]}}