{"id":25339,"date":"2024-12-02T15:49:44","date_gmt":"2024-12-02T07:49:44","guid":{"rendered":"https:\/\/chemneo.com\/product\/25339.html"},"modified":"2024-12-02T15:49:45","modified_gmt":"2024-12-02T07:49:45","slug":"4-iodopyridine-2-carboxylic-acid-2","status":"publish","type":"product","link":"https:\/\/chemneo.com\/es\/product\/25339.html","title":{"rendered":"\u00c1CIDO 4-YODOPIRIDIN-2-CARBOX\u00cdLICO"},"content":{"rendered":"<p>Propiedades qu\u00edmicas<\/p>\n<p>                        Melting point<br \/>\n                        164-166<\/p>\n<p>                        Punto de ebullici\u00f3n<br \/>\n                        376.2\u00b127.0 \u00b0C(Predicted)<\/p>\n<p>                        Densidad\u00a0<br \/>\n                        2.123\u00b10.06 g\/cm3(Predicted)<\/p>\n<p>                        storage temp.\u00a0<br \/>\n                        Keep in dark place,Inert atmosphere,Store in freezer, under -20\u00b0C<\/p>\n<p>                        formulario\u00a0<br \/>\n                        solid<\/p>\n<p>                        pka<br \/>\n                        3.29\u00b10.10(Predicted)<\/p>\n<p>                        color\u00a0<br \/>\n                        Red<\/p>","protected":false},"excerpt":{"rendered":"<p>Product Name\uff1a4-IODOPYRIDINE-2-CARBOXYLIC ACID<br \/>CAS\uff1a405939-79-9<br \/>MFC6H4INO2<br \/>MW\uff1a249.01<br \/>EINECS\uff1a<br \/>MOL File\uff1a405939-79-9.mol<\/p>","protected":false},"featured_media":24806,"comment_status":"open","ping_status":"closed","template":"","meta":[],"product_brand":[],"product_cat":[17],"product_tag":[],"class_list":{"0":"post-25339","1":"product","2":"type-product","3":"status-publish","4":"has-post-thumbnail","6":"product_cat-uncategorized","8":"first","9":"instock","10":"shipping-taxable","11":"product-type-simple"},"_links":{"self":[{"href":"https:\/\/chemneo.com\/es\/wp-json\/wp\/v2\/product\/25339","targetHints":{"allow":["GET"]}}],"collection":[{"href":"https:\/\/chemneo.com\/es\/wp-json\/wp\/v2\/product"}],"about":[{"href":"https:\/\/chemneo.com\/es\/wp-json\/wp\/v2\/types\/product"}],"replies":[{"embeddable":true,"href":"https:\/\/chemneo.com\/es\/wp-json\/wp\/v2\/comments?post=25339"}],"wp:featuredmedia":[{"embeddable":true,"href":"https:\/\/chemneo.com\/es\/wp-json\/wp\/v2\/media\/24806"}],"wp:attachment":[{"href":"https:\/\/chemneo.com\/es\/wp-json\/wp\/v2\/media?parent=25339"}],"wp:term":[{"taxonomy":"product_brand","embeddable":true,"href":"https:\/\/chemneo.com\/es\/wp-json\/wp\/v2\/product_brand?post=25339"},{"taxonomy":"product_cat","embeddable":true,"href":"https:\/\/chemneo.com\/es\/wp-json\/wp\/v2\/product_cat?post=25339"},{"taxonomy":"product_tag","embeddable":true,"href":"https:\/\/chemneo.com\/es\/wp-json\/wp\/v2\/product_tag?post=25339"}],"curies":[{"name":"wp","href":"https:\/\/api.w.org\/{rel}","templated":true}]}}