{"id":25351,"date":"2024-12-02T15:50:03","date_gmt":"2024-12-02T07:50:03","guid":{"rendered":"https:\/\/chemneo.com\/product\/25351.html"},"modified":"2024-12-02T15:50:04","modified_gmt":"2024-12-02T07:50:04","slug":"quinoline-iso-amyl-iodide-2","status":"publish","type":"product","link":"https:\/\/chemneo.com\/es\/product\/25351.html","title":{"rendered":"YODURO ISO-AM\u00cdLICO DE QUINOLE\u00cdNA"},"content":{"rendered":"<p>Propiedades qu\u00edmicas<\/p>\n<p>                        Melting point<br \/>\n                        184 \u00b0C<\/p>\n<p>                        formulario\u00a0<br \/>\n                        powder to crystal<\/p>\n<p>                        color\u00a0<br \/>\n                        Light yellow to Brown<\/p>\n<p>                        CAS DataBase Reference<br \/>\n                        54899-89-7<\/p>","protected":false},"excerpt":{"rendered":"<p>Nombre del producto: IODURO DE ISO-AMILO DE QUINOLINA<br \/>CAS\uff1a54899-89-7<br \/>MFC14H18IN<br \/>MW\uff1a327.2<br \/>EINECS\uff1a224-828-9<br \/>MOL File\uff1a54899-89-7.mol<\/p>","protected":false},"featured_media":24830,"comment_status":"open","ping_status":"closed","template":"","meta":[],"product_brand":[],"product_cat":[17],"product_tag":[],"class_list":{"0":"post-25351","1":"product","2":"type-product","3":"status-publish","4":"has-post-thumbnail","6":"product_cat-uncategorized","8":"first","9":"instock","10":"shipping-taxable","11":"product-type-simple"},"_links":{"self":[{"href":"https:\/\/chemneo.com\/es\/wp-json\/wp\/v2\/product\/25351","targetHints":{"allow":["GET"]}}],"collection":[{"href":"https:\/\/chemneo.com\/es\/wp-json\/wp\/v2\/product"}],"about":[{"href":"https:\/\/chemneo.com\/es\/wp-json\/wp\/v2\/types\/product"}],"replies":[{"embeddable":true,"href":"https:\/\/chemneo.com\/es\/wp-json\/wp\/v2\/comments?post=25351"}],"wp:featuredmedia":[{"embeddable":true,"href":"https:\/\/chemneo.com\/es\/wp-json\/wp\/v2\/media\/24830"}],"wp:attachment":[{"href":"https:\/\/chemneo.com\/es\/wp-json\/wp\/v2\/media?parent=25351"}],"wp:term":[{"taxonomy":"product_brand","embeddable":true,"href":"https:\/\/chemneo.com\/es\/wp-json\/wp\/v2\/product_brand?post=25351"},{"taxonomy":"product_cat","embeddable":true,"href":"https:\/\/chemneo.com\/es\/wp-json\/wp\/v2\/product_cat?post=25351"},{"taxonomy":"product_tag","embeddable":true,"href":"https:\/\/chemneo.com\/es\/wp-json\/wp\/v2\/product_tag?post=25351"}],"curies":[{"name":"wp","href":"https:\/\/api.w.org\/{rel}","templated":true}]}}