{"id":25364,"date":"2024-12-02T15:50:35","date_gmt":"2024-12-02T07:50:35","guid":{"rendered":"https:\/\/chemneo.com\/product\/25364.html"},"modified":"2024-12-02T15:50:36","modified_gmt":"2024-12-02T07:50:36","slug":"8-hydroxyquinoline-7-carboxylic-acid-2","status":"publish","type":"product","link":"https:\/\/chemneo.com\/es\/product\/25364.html","title":{"rendered":"\u00c1CIDO 8-HIDROXIQUINOLE\u00cdNA-7-CARBOX\u00cdLICO"},"content":{"rendered":"<p>Propiedades qu\u00edmicas<\/p>\n<p>                        Melting point<br \/>\n                        208-209 \u00b0C (decomp)<\/p>\n<p>                        Punto de ebullici\u00f3n<br \/>\n                        384.7\u00b132.0 \u00b0C(Predicted)<\/p>\n<p>                        Densidad\u00a0<br \/>\n                        1.480\u00b10.06 g\/cm3(Predicted)<\/p>\n<p>                        storage temp.\u00a0<br \/>\n                        -20\u00b0C Freezer, Under inert atmosphere<\/p>\n<p>                        solubility\u00a0<br \/>\n                        DMSO (Slightly, Heated, Sonicated), Methanol (Slightly)<\/p>\n<p>                        formulario\u00a0<br \/>\n                        Solid<\/p>\n<p>                        pka<br \/>\n                        1.34\u00b10.30(Predicted)<\/p>\n<p>                        color\u00a0<br \/>\n                        Pale Yellow to Pale Beige<\/p>\n<p>                        CAS DataBase Reference<br \/>\n                        19829-79-9<\/p>","protected":false},"excerpt":{"rendered":"<p>Product Name\uff1a8-HYDROXYQUINOLINE-7-CARBOXYLIC ACID<br \/>CAS\uff1a19829-79-9<br \/>MFC10H7NO3<br \/>MW\uff1a189.17<br \/>EINECS\uff1a224-828-9<br \/>MOL File\uff1a19829-79-9.mol<\/p>","protected":false},"featured_media":24856,"comment_status":"open","ping_status":"closed","template":"","meta":[],"product_brand":[],"product_cat":[17],"product_tag":[],"class_list":{"0":"post-25364","1":"product","2":"type-product","3":"status-publish","4":"has-post-thumbnail","6":"product_cat-uncategorized","8":"first","9":"instock","10":"shipping-taxable","11":"product-type-simple"},"_links":{"self":[{"href":"https:\/\/chemneo.com\/es\/wp-json\/wp\/v2\/product\/25364","targetHints":{"allow":["GET"]}}],"collection":[{"href":"https:\/\/chemneo.com\/es\/wp-json\/wp\/v2\/product"}],"about":[{"href":"https:\/\/chemneo.com\/es\/wp-json\/wp\/v2\/types\/product"}],"replies":[{"embeddable":true,"href":"https:\/\/chemneo.com\/es\/wp-json\/wp\/v2\/comments?post=25364"}],"wp:featuredmedia":[{"embeddable":true,"href":"https:\/\/chemneo.com\/es\/wp-json\/wp\/v2\/media\/24856"}],"wp:attachment":[{"href":"https:\/\/chemneo.com\/es\/wp-json\/wp\/v2\/media?parent=25364"}],"wp:term":[{"taxonomy":"product_brand","embeddable":true,"href":"https:\/\/chemneo.com\/es\/wp-json\/wp\/v2\/product_brand?post=25364"},{"taxonomy":"product_cat","embeddable":true,"href":"https:\/\/chemneo.com\/es\/wp-json\/wp\/v2\/product_cat?post=25364"},{"taxonomy":"product_tag","embeddable":true,"href":"https:\/\/chemneo.com\/es\/wp-json\/wp\/v2\/product_tag?post=25364"}],"curies":[{"name":"wp","href":"https:\/\/api.w.org\/{rel}","templated":true}]}}