{"id":288,"date":"2024-08-06T01:57:41","date_gmt":"2024-08-06T01:57:41","guid":{"rendered":"https:\/\/chemneo.com\/?post_type=product&#038;p=288"},"modified":"2024-08-06T01:57:47","modified_gmt":"2024-08-06T01:57:47","slug":"monostearin-cas123-94-4","status":"publish","type":"product","link":"https:\/\/chemneo.com\/es\/product\/288.html","title":{"rendered":"Monoestearina CAS#123-94-4"},"content":{"rendered":"<div id=\"ContentPlaceHolder1_ProductChemPropertyA\">\n<table border=\"0\" width=\"100%\" cellspacing=\"0\" cellpadding=\"0\" align=\"center\">\n<tbody>\n<tr>\n<td class=\"td6\" bgcolor=\"DEEEF4\" width=\"611\" height=\"23\">Monostearin Chemical Properties<\/td>\n<\/tr>\n<\/tbody>\n<\/table>\n<table border=\"0\" width=\"100%\" cellspacing=\"1\" cellpadding=\"2\" bgcolor=\"d5d5d5\">\n<tbody>\n<tr class=\"ProdSupplierGN_ProductA_1\">\n<td class=\"td12\">Melting point<\/td>\n<td bgcolor=\"#fafafa\"><span style=\"color: #0066cc;\">78-81\u00a0\u00b0C<\/span><\/td>\n<\/tr>\n<tr class=\"ProdSupplierGN_ProductA_2\">\n<td bgcolor=\"#FFFFFF\">Punto de ebullici\u00f3n<\/td>\n<td bgcolor=\"#FFFFFF\"><span style=\"color: #0066cc;\">476.9\u00b125.0 \u00b0C(Predicted)<\/span><\/td>\n<\/tr>\n<tr class=\"ProdSupplierGN_ProductA_1\">\n<td class=\"td12\">densidad<\/td>\n<td bgcolor=\"#fafafa\"><span style=\"color: #0066cc;\">0.9678 g\/cm3<\/span><\/td>\n<\/tr>\n<tr class=\"ProdSupplierGN_ProductA_2\">\n<td bgcolor=\"#FFFFFF\">FEMA<\/td>\n<td bgcolor=\"#FFFFFF\"><span style=\"color: #0066cc;\"><a href=\"https:\/\/www.femaflavor.org\/flavor-library\/glyceryl-monostearate\" rel=\"nofollow noopener\" target=\"_blank\">2527 | GLYCERYL MONOSTEARATE<\/a><\/span><\/td>\n<\/tr>\n<tr class=\"ProdSupplierGN_ProductA_1\">\n<td class=\"td12\">storage temp.<\/td>\n<td bgcolor=\"#fafafa\"><span style=\"color: #0066cc;\">-20\u00b0C<\/span><\/td>\n<\/tr>\n<tr class=\"ProdSupplierGN_ProductA_2\">\n<td bgcolor=\"#FFFFFF\">solubility<\/td>\n<td bgcolor=\"#FFFFFF\"><span style=\"color: #0066cc;\">Chloroform (Slightly)<\/span><\/td>\n<\/tr>\n<tr class=\"ProdSupplierGN_ProductA_1\">\n<td class=\"td12\">formulario<\/td>\n<td bgcolor=\"#fafafa\"><span style=\"color: #0066cc;\">Solid<\/span><\/td>\n<\/tr>\n<tr class=\"ProdSupplierGN_ProductA_2\">\n<td bgcolor=\"#FFFFFF\">pka<\/td>\n<td bgcolor=\"#FFFFFF\"><span style=\"color: #0066cc;\">13.16\u00b10.20(Predicted)<\/span><\/td>\n<\/tr>\n<tr class=\"ProdSupplierGN_ProductA_1\">\n<td class=\"td12\">color<\/td>\n<td bgcolor=\"#fafafa\"><span style=\"color: #0066cc;\">White to Off-White<\/span><\/td>\n<\/tr>\n<tr class=\"ProdSupplierGN_ProductA_2\">\n<td bgcolor=\"#FFFFFF\">Olor<\/td>\n<td bgcolor=\"#FFFFFF\"><span style=\"color: #0066cc;\">at 100.00 %. mild fatty waxy<\/span><\/td>\n<\/tr>\n<tr class=\"ProdSupplierGN_ProductA_1\">\n<td class=\"td12\">Odor Type<\/td>\n<td bgcolor=\"#fafafa\"><span style=\"color: #0066cc;\">fatty<\/span><\/td>\n<\/tr>\n<tr class=\"ProdSupplierGN_ProductA_2\">\n<td bgcolor=\"#FFFFFF\">JECFA Number<\/td>\n<td bgcolor=\"#FFFFFF\"><span style=\"color: #0066cc;\">918<\/span><\/td>\n<\/tr>\n<tr class=\"ProdSupplierGN_ProductA_1\">\n<td class=\"td12\">Merck<\/td>\n<td bgcolor=\"#fafafa\"><span style=\"color: #0066cc;\">4489<\/span><\/td>\n<\/tr>\n<tr class=\"ProdSupplierGN_ProductA_2\">\n<td bgcolor=\"#FFFFFF\">BRN<\/td>\n<td bgcolor=\"#FFFFFF\"><span style=\"color: #0066cc;\">1728685<\/span><\/td>\n<\/tr>\n<tr class=\"ProdSupplierGN_ProductA_1\">\n<td class=\"td12\">Hydrophilic-Lipophilic Balance (HLB)<\/td>\n<td bgcolor=\"#fafafa\"><span style=\"color: #0066cc;\">5.5<\/span><\/td>\n<\/tr>\n<tr class=\"ProdSupplierGN_ProductA_2\">\n<td bgcolor=\"#FFFFFF\">Constante diel\u00e9ctrica<\/td>\n<td bgcolor=\"#FFFFFF\"><span style=\"color: #0066cc;\">4.9\uff0877.0\u2103\uff09<\/span><\/td>\n<\/tr>\n<tr class=\"ProdSupplierGN_ProductA_1\">\n<td class=\"td12\">InChIKey<\/td>\n<td bgcolor=\"#fafafa\"><span style=\"color: #0066cc;\">VBICKXHEKHSIBG-UHFFFAOYSA-N<\/span><\/td>\n<\/tr>\n<tr class=\"ProdSupplierGN_ProductA_2\">\n<td bgcolor=\"#FFFFFF\">LogP<\/td>\n<td bgcolor=\"#FFFFFF\"><span style=\"color: #0066cc;\">7.23<\/span><\/td>\n<\/tr>\n<tr class=\"ProdSupplierGN_ProductA_1\">\n<td class=\"td12\">CAS DataBase Reference<\/td>\n<td bgcolor=\"#fafafa\"><span style=\"color: #0066cc;\"><a title=\"123-94-4(CAS DataBase Reference)\" href=\"https:\/\/www.chemicalbook.com\/CAS_123-94-4.htm\" target=\"_blank\" rel=\"noopener\">123-94-4(CAS DataBase Reference)<\/a><\/span><\/td>\n<\/tr>\n<tr class=\"ProdSupplierGN_ProductA_2\">\n<td bgcolor=\"#FFFFFF\">NIST Chemistry Reference<\/td>\n<td bgcolor=\"#FFFFFF\"><span style=\"color: #0066cc;\"><a title=\"Octadecanoic acid, 2,3-dihydroxypropyl ester(123-94-4)\" href=\"http:\/\/webbook.nist.gov\/cgi\/cbook.cgi?ID=123-94-4&amp;Units=SI\" rel=\"nofollow noopener\" target=\"_blank\">Octadecanoic acid, 2,3-dihydroxypropyl ester(123-94-4)<\/a><\/span><\/td>\n<\/tr>\n<tr class=\"ProdSupplierGN_ProductA_1\">\n<td class=\"td12\">Sistema de registro de sustancias de la EPA<\/td>\n<td bgcolor=\"#fafafa\"><span style=\"color: #0066cc;\"><a title=\"1-Monostearin (123-94-4)\" href=\"https:\/\/ofmpub.epa.gov\/sor_internet\/registry\/substreg\/searchandretrieve\/substancesearch\/search.do?details=displayDetails&amp;selectedSubstanceId=46818\" rel=\"nofollow noopener\" target=\"_blank\">1-Monostearin (123-94-4)<\/a><\/span><\/td>\n<\/tr>\n<\/tbody>\n<\/table>\n<\/div>\n<div id=\"ContentPlaceHolder1_ProductChemSafePropertyA\">\n<table border=\"0\" width=\"100%\" cellspacing=\"0\" cellpadding=\"0\" align=\"center\">\n<tbody>\n<tr>\n<td bgcolor=\"64B7D7\" height=\"1\"><\/td>\n<\/tr>\n<tr>\n<td class=\"td6\" bgcolor=\"DEEEF4\" width=\"611\" height=\"23\">Informaci\u00f3n de seguridad<\/td>\n<\/tr>\n<\/tbody>\n<\/table>\n<table border=\"0\" width=\"100%\" cellspacing=\"1\" cellpadding=\"2\" bgcolor=\"d5d5d5\">\n<tbody>\n<tr class=\"ProdSupplierGN_ProductA_1\">\n<td class=\"td12\">Safety Statements<\/td>\n<td bgcolor=\"#fafafa\"><span style=\"color: #0066cc;\"><a href=\"https:\/\/www.chemicalbook.com\/RiskAndSafety.htm#Safety\" target=\"_blank\" rel=\"noopener\">24\/25<\/a><\/span><\/td>\n<\/tr>\n<tr class=\"ProdSupplierGN_ProductA_2\">\n<td bgcolor=\"#FFFFFF\">WGK Germany<\/td>\n<td bgcolor=\"#FFFFFF\"><span style=\"color: #0066cc;\">1<\/span><\/td>\n<\/tr>\n<tr class=\"ProdSupplierGN_ProductA_1\">\n<td class=\"td12\">HS Code<\/td>\n<td bgcolor=\"#fafafa\"><span style=\"color: #0066cc;\">29157090<\/span><\/td>\n<\/tr>\n<\/tbody>\n<\/table>\n<\/div>","protected":false},"excerpt":{"rendered":"<p>La monoestearina es un emulsionante y emoliente vers\u00e1til derivado del glicerol y el \u00e1cido este\u00e1rico. Es fundamental para estabilizar emulsiones y mejorar la textura y consistencia de una amplia gama de productos de los sectores cosm\u00e9tico, alimentario y farmac\u00e9utico.<\/p>","protected":false},"featured_media":159,"comment_status":"closed","ping_status":"closed","template":"","meta":[],"product_brand":[],"product_cat":[22],"product_tag":[24],"class_list":{"0":"post-288","1":"product","2":"type-product","3":"status-publish","4":"has-post-thumbnail","6":"product_cat-daily-chemicals","7":"product_tag-daily-chemicals","9":"first","10":"instock","11":"shipping-taxable","12":"product-type-simple"},"_links":{"self":[{"href":"https:\/\/chemneo.com\/es\/wp-json\/wp\/v2\/product\/288","targetHints":{"allow":["GET"]}}],"collection":[{"href":"https:\/\/chemneo.com\/es\/wp-json\/wp\/v2\/product"}],"about":[{"href":"https:\/\/chemneo.com\/es\/wp-json\/wp\/v2\/types\/product"}],"replies":[{"embeddable":true,"href":"https:\/\/chemneo.com\/es\/wp-json\/wp\/v2\/comments?post=288"}],"wp:featuredmedia":[{"embeddable":true,"href":"https:\/\/chemneo.com\/es\/wp-json\/wp\/v2\/media\/159"}],"wp:attachment":[{"href":"https:\/\/chemneo.com\/es\/wp-json\/wp\/v2\/media?parent=288"}],"wp:term":[{"taxonomy":"product_brand","embeddable":true,"href":"https:\/\/chemneo.com\/es\/wp-json\/wp\/v2\/product_brand?post=288"},{"taxonomy":"product_cat","embeddable":true,"href":"https:\/\/chemneo.com\/es\/wp-json\/wp\/v2\/product_cat?post=288"},{"taxonomy":"product_tag","embeddable":true,"href":"https:\/\/chemneo.com\/es\/wp-json\/wp\/v2\/product_tag?post=288"}],"curies":[{"name":"wp","href":"https:\/\/api.w.org\/{rel}","templated":true}]}}