{"id":3793,"date":"2024-08-28T02:58:11","date_gmt":"2024-08-28T02:58:11","guid":{"rendered":"https:\/\/chemneo.com\/?post_type=product&#038;p=3793"},"modified":"2024-08-28T02:58:57","modified_gmt":"2024-08-28T02:58:57","slug":"molybdenum-disulfide-cas1317-33-5-2","status":"publish","type":"product","link":"https:\/\/chemneo.com\/es\/product\/3793.html","title":{"rendered":"Disulfuro de molibdeno CAS# 1317-33-5"},"content":{"rendered":"<p>Molybdenum disulfide CAS# 1317-33-5<\/p>\n<div id=\"ContentPlaceHolder1_ProductChemPropertyA\">\n<table border=\"0\" width=\"100%\" cellspacing=\"0\" cellpadding=\"0\" align=\"center\">\n<tbody>\n<tr>\n<td class=\"td6\" bgcolor=\"DEEEF4\" width=\"611\" height=\"23\">Molybdenum disulfide Chemical Properties<\/td>\n<\/tr>\n<\/tbody>\n<\/table>\n<table border=\"0\" width=\"100%\" cellspacing=\"1\" cellpadding=\"2\" bgcolor=\"d5d5d5\">\n<tbody>\n<tr class=\"ProdSupplierGN_ProductA_1\">\n<td class=\"td12\">Melting point<\/td>\n<td bgcolor=\"#fafafa\"><span style=\"color: #0066cc;\">2375 \u00b0C<\/span><\/td>\n<\/tr>\n<tr class=\"ProdSupplierGN_ProductA_2\">\n<td bgcolor=\"#FFFFFF\">densidad<\/td>\n<td bgcolor=\"#FFFFFF\"><span style=\"color: #0066cc;\">5.06\u00a0g\/mL\u00a0at 25\u00a0\u00b0C(lit.)<\/span><\/td>\n<\/tr>\n<tr class=\"ProdSupplierGN_ProductA_1\">\n<td class=\"td12\">solubility<\/td>\n<td bgcolor=\"#fafafa\"><span style=\"color: #0066cc;\">insoluble in H2O; soluble in concentrated acid solutions<\/span><\/td>\n<\/tr>\n<tr class=\"ProdSupplierGN_ProductA_2\">\n<td bgcolor=\"#FFFFFF\">formulario<\/td>\n<td bgcolor=\"#FFFFFF\"><span style=\"color: #0066cc;\">powder<\/span><\/td>\n<\/tr>\n<tr class=\"ProdSupplierGN_ProductA_1\">\n<td class=\"td12\">color<\/td>\n<td bgcolor=\"#fafafa\"><span style=\"color: #0066cc;\">Gray to dark gray or black<\/span><\/td>\n<\/tr>\n<tr class=\"ProdSupplierGN_ProductA_2\">\n<td bgcolor=\"#FFFFFF\">Peso espec\u00edfico<\/td>\n<td bgcolor=\"#FFFFFF\"><span style=\"color: #0066cc;\">4.8<\/span><\/td>\n<\/tr>\n<tr class=\"ProdSupplierGN_ProductA_1\">\n<td class=\"td12\">Olor<\/td>\n<td bgcolor=\"#fafafa\"><span style=\"color: #0066cc;\">odorless<\/span><\/td>\n<\/tr>\n<tr class=\"ProdSupplierGN_ProductA_2\">\n<td bgcolor=\"#FFFFFF\">Water Solubility<\/td>\n<td bgcolor=\"#FFFFFF\"><span style=\"color: #0066cc;\">Soluble in hot sulfuric acid, and aquaregia. Insoluble in water, concentrated sulfuric acid and dilute acid.<\/span><\/td>\n<\/tr>\n<tr class=\"ProdSupplierGN_ProductA_1\">\n<td class=\"td12\">Merck<\/td>\n<td bgcolor=\"#fafafa\"><span style=\"color: #0066cc;\">14,6236<\/span><\/td>\n<\/tr>\n<tr class=\"ProdSupplierGN_ProductA_2\">\n<td bgcolor=\"#FFFFFF\">Punto de ebullici\u00f3n<\/td>\n<td bgcolor=\"#FFFFFF\"><span style=\"color: #0066cc;\">100\u00b0C (water)<\/span><\/td>\n<\/tr>\n<tr class=\"ProdSupplierGN_ProductA_1\">\n<td class=\"td12\">Exposure limits<\/td>\n<td bgcolor=\"#fafafa\"><span style=\"color: #0066cc;\">ACGIH: TWA 10 mg\/m3; TWA 3 mg\/m3<br \/>\nNIOSH: IDLH 5000 mg\/m3<\/span><\/td>\n<\/tr>\n<tr class=\"ProdSupplierGN_ProductA_2\">\n<td bgcolor=\"#FFFFFF\">Estabilidad:<\/td>\n<td bgcolor=\"#FFFFFF\"><span style=\"color: #0066cc;\">Stable. Incompatible with oxidizing agents, acids.<\/span><\/td>\n<\/tr>\n<tr class=\"ProdSupplierGN_ProductA_1\">\n<td class=\"td12\">InChIKey<\/td>\n<td bgcolor=\"#fafafa\"><span style=\"color: #0066cc;\">CWQXQMHSOZUFJS-UHFFFAOYSA-N<\/span><\/td>\n<\/tr>\n<tr class=\"ProdSupplierGN_ProductA_2\">\n<td bgcolor=\"#FFFFFF\">CAS DataBase Reference<\/td>\n<td bgcolor=\"#FFFFFF\"><span style=\"color: #0066cc;\">1317-33-5(CAS DataBase Reference)<\/span><\/td>\n<\/tr>\n<tr class=\"ProdSupplierGN_ProductA_1\">\n<td class=\"td12\">Sistema de registro de sustancias de la EPA<\/td>\n<td bgcolor=\"#fafafa\"><span style=\"color: #0066cc;\">Molybdenum sulfide (MoS2) (1317-33-5)<\/span><\/td>\n<\/tr>\n<tr class=\"ProdSupplierGN_ProductA_2\">\n<td bgcolor=\"#FFFFFF\">Bandgap<\/td>\n<td bgcolor=\"#FFFFFF\"><span style=\"color: #0066cc;\">1.23 eV<\/span><\/td>\n<\/tr>\n<tr class=\"ProdSupplierGN_ProductA_1\">\n<td class=\"td12\">Electronic properties<\/td>\n<td bgcolor=\"#fafafa\"><span style=\"color: #0066cc;\">2D Semiconductor<\/span><\/td>\n<\/tr>\n<\/tbody>\n<\/table>\n<\/div>\n<div id=\"ContentPlaceHolder1_ProductChemSafePropertyA\">\n<table border=\"0\" width=\"100%\" cellspacing=\"0\" cellpadding=\"0\" align=\"center\">\n<tbody>\n<tr>\n<td bgcolor=\"64B7D7\" height=\"1\"><\/td>\n<\/tr>\n<tr>\n<td class=\"td6\" bgcolor=\"DEEEF4\" width=\"611\" height=\"23\">Informaci\u00f3n de seguridad<\/td>\n<\/tr>\n<\/tbody>\n<\/table>\n<table border=\"0\" width=\"100%\" cellspacing=\"1\" cellpadding=\"2\" bgcolor=\"d5d5d5\">\n<tbody>\n<tr class=\"ProdSupplierGN_ProductA_1\">\n<td class=\"td12\">Safety Statements<\/td>\n<td bgcolor=\"#fafafa\"><span style=\"color: #0066cc;\">22-24\/25<\/span><\/td>\n<\/tr>\n<tr class=\"ProdSupplierGN_ProductA_2\">\n<td bgcolor=\"#FFFFFF\">WGK Germany<\/td>\n<td bgcolor=\"#FFFFFF\"><span style=\"color: #0066cc;\">-<\/span><\/td>\n<\/tr>\n<tr class=\"ProdSupplierGN_ProductA_1\">\n<td class=\"td12\">RTECS<\/td>\n<td bgcolor=\"#fafafa\"><span style=\"color: #0066cc;\">QA4697000<\/span><\/td>\n<\/tr>\n<tr class=\"ProdSupplierGN_ProductA_2\">\n<td bgcolor=\"#FFFFFF\">TSCA<\/td>\n<td bgcolor=\"#FFFFFF\"><span style=\"color: #0066cc;\">Yes<\/span><\/td>\n<\/tr>\n<tr class=\"ProdSupplierGN_ProductA_1\">\n<td class=\"td12\">HS Code<\/td>\n<td bgcolor=\"#fafafa\"><span style=\"color: #0066cc;\">28309090<\/span><\/td>\n<\/tr>\n<tr class=\"ProdSupplierGN_ProductA_2\">\n<td bgcolor=\"#FFFFFF\">Hazardous Substances Data<\/td>\n<td bgcolor=\"#FFFFFF\"><span style=\"color: #0066cc;\">1317-33-5(Hazardous Substances Data)<\/span><\/td>\n<\/tr>\n<tr class=\"ProdSupplierGN_ProductA_1\">\n<td class=\"td12\">Toxicidad<\/td>\n<td bgcolor=\"#fafafa\"><span style=\"color: #0066cc;\">LC50 inhalation in rat: &gt; 2820mg\/m3\/4H<\/span><\/td>\n<\/tr>\n<\/tbody>\n<\/table>\n<\/div>","protected":false},"excerpt":{"rendered":"<p>El disulfuro de molibdeno (MoS2) es un compuesto inorg\u00e1nico conocido por sus propiedades lubricantes s\u00f3lidas. Se trata de una estructura en capas con \u00e1tomos de molibdeno intercalados entre capas de \u00e1tomos de azufre. El MoS2 se utiliza como lubricante, sobre todo en aplicaciones que requieren estabilidad a altas temperaturas y baja fricci\u00f3n. Este compuesto tambi\u00e9n es un catalizador y se utiliza en la hidrogenaci\u00f3n de grasas y aceites. Tiene una amplia gama de aplicaciones industriales, como la fabricaci\u00f3n de grasas de alto rendimiento, como aditivo en aceites de motor y en la producci\u00f3n de determinados productos qu\u00edmicos. Sus propiedades \u00fanicas lo hacen valioso en diversos sectores, desde el automovil\u00edstico hasta el aeroespacial.<\/p>","protected":false},"featured_media":183,"comment_status":"closed","ping_status":"closed","template":"","meta":[],"product_brand":[],"product_cat":[18],"product_tag":[19],"class_list":{"0":"post-3793","1":"product","2":"type-product","3":"status-publish","4":"has-post-thumbnail","6":"product_cat-petroleum-additives","7":"product_tag-petroleum-additives","9":"first","10":"instock","11":"shipping-taxable","12":"product-type-simple"},"_links":{"self":[{"href":"https:\/\/chemneo.com\/es\/wp-json\/wp\/v2\/product\/3793","targetHints":{"allow":["GET"]}}],"collection":[{"href":"https:\/\/chemneo.com\/es\/wp-json\/wp\/v2\/product"}],"about":[{"href":"https:\/\/chemneo.com\/es\/wp-json\/wp\/v2\/types\/product"}],"replies":[{"embeddable":true,"href":"https:\/\/chemneo.com\/es\/wp-json\/wp\/v2\/comments?post=3793"}],"wp:featuredmedia":[{"embeddable":true,"href":"https:\/\/chemneo.com\/es\/wp-json\/wp\/v2\/media\/183"}],"wp:attachment":[{"href":"https:\/\/chemneo.com\/es\/wp-json\/wp\/v2\/media?parent=3793"}],"wp:term":[{"taxonomy":"product_brand","embeddable":true,"href":"https:\/\/chemneo.com\/es\/wp-json\/wp\/v2\/product_brand?post=3793"},{"taxonomy":"product_cat","embeddable":true,"href":"https:\/\/chemneo.com\/es\/wp-json\/wp\/v2\/product_cat?post=3793"},{"taxonomy":"product_tag","embeddable":true,"href":"https:\/\/chemneo.com\/es\/wp-json\/wp\/v2\/product_tag?post=3793"}],"curies":[{"name":"wp","href":"https:\/\/api.w.org\/{rel}","templated":true}]}}