{"id":3798,"date":"2024-08-28T02:58:15","date_gmt":"2024-08-28T02:58:15","guid":{"rendered":"https:\/\/chemneo.com\/?post_type=product&#038;p=3798"},"modified":"2024-08-28T02:59:03","modified_gmt":"2024-08-28T02:59:03","slug":"terpene-resin-cas9003-74-1-2","status":"publish","type":"product","link":"https:\/\/chemneo.com\/es\/product\/3798.html","title":{"rendered":"Resina terp\u00e9nica CAS#9003-74-1"},"content":{"rendered":"<p>Resina terp\u00e9nica CAS#9003-74-1<\/p>\n<table border=\"0\" width=\"100%\" cellspacing=\"0\" cellpadding=\"0\" align=\"center\">\n<tbody>\n<tr>\n<td class=\"td6\" bgcolor=\"DEEEF4\" width=\"611\" height=\"23\">Terpene resin Chemical Properties<\/td>\n<\/tr>\n<\/tbody>\n<\/table>\n<table border=\"0\" width=\"100%\" cellspacing=\"1\" cellpadding=\"2\" bgcolor=\"d5d5d5\">\n<tbody>\n<tr class=\"ProdSupplierGN_ProductA_1\">\n<td class=\"td12\">densidad<\/td>\n<td bgcolor=\"#fafafa\"><span style=\"color: #0066cc;\">0,98 g\/cm<sup>3<\/sup><\/span><\/td>\n<\/tr>\n<tr class=\"ProdSupplierGN_ProductA_2\">\n<td bgcolor=\"#FFFFFF\">Fp<\/td>\n<td bgcolor=\"#FFFFFF\"><span style=\"color: #0066cc;\">240\u00b0C<\/span><\/td>\n<\/tr>\n<tr class=\"ProdSupplierGN_ProductA_1\">\n<td class=\"td12\">CAS DataBase Reference<\/td>\n<td bgcolor=\"#fafafa\"><span style=\"color: #0066cc;\">9003-74-1<\/span><\/td>\n<\/tr>\n<tr class=\"ProdSupplierGN_ProductA_2\">\n<td bgcolor=\"#FFFFFF\">Sistema de registro de sustancias de la EPA<\/td>\n<td bgcolor=\"#FFFFFF\"><span style=\"color: #0066cc;\">Terpene resin (9003-74-1)<\/span><\/td>\n<\/tr>\n<\/tbody>\n<\/table>","protected":false},"excerpt":{"rendered":"<div class=\"pop-container\">\n<div class=\"popcontent-hole\">\n<div class=\"pop-content\">\n<div class=\"normal___qxduM\">\n<div class=\"markdown___vuBDJ\">\n<p class=\"last-node\">La resina de terpeno es un tipo de resina natural derivada de los terpenos, que son compuestos org\u00e1nicos que se encuentran en diversas plantas. Es conocida por sus propiedades arom\u00e1ticas y se utiliza habitualmente en la producci\u00f3n de fragancias, aromatizantes y como componente de adhesivos y revestimientos en la industria qu\u00edmica. La resina de terpeno ofrece una serie de ventajas, como mejorar la solubilidad de los aceites esenciales y proporcionar una base estable para diversas aplicaciones. Su origen natural la convierte en la opci\u00f3n preferida para los productos ecol\u00f3gicos.<\/p>\n<\/div>\n<\/div>\n<\/div>\n<div class=\"chatSegmentBottomActions___NZ_V8\">\n<div class=\"leftbtns___BpCju MuiBox-root css-1mdh3j9\">\n<div class=\"MuiBox-root css-v48vqp\"><\/div>\n<div class=\"MuiBox-root css-r8wxqi\"><\/div>\n<\/div>\n<\/div>\n<\/div>\n<\/div>\n<div class=\"contentbottom-hole\">\n<div class=\"MuiBox-root css-2wedsf\">\n<div class=\"container___chUs0 withContent___TKW3m MuiBox-root css-1mdh3j9\" aria-label=\"\"><\/div>\n<\/div>\n<\/div>","protected":false},"featured_media":193,"comment_status":"closed","ping_status":"closed","template":"","meta":[],"product_brand":[],"product_cat":[25],"product_tag":[26],"class_list":{"0":"post-3798","1":"product","2":"type-product","3":"status-publish","4":"has-post-thumbnail","6":"product_cat-ploymers","7":"product_tag-ploymers","9":"first","10":"instock","11":"shipping-taxable","12":"product-type-simple"},"_links":{"self":[{"href":"https:\/\/chemneo.com\/es\/wp-json\/wp\/v2\/product\/3798","targetHints":{"allow":["GET"]}}],"collection":[{"href":"https:\/\/chemneo.com\/es\/wp-json\/wp\/v2\/product"}],"about":[{"href":"https:\/\/chemneo.com\/es\/wp-json\/wp\/v2\/types\/product"}],"replies":[{"embeddable":true,"href":"https:\/\/chemneo.com\/es\/wp-json\/wp\/v2\/comments?post=3798"}],"wp:featuredmedia":[{"embeddable":true,"href":"https:\/\/chemneo.com\/es\/wp-json\/wp\/v2\/media\/193"}],"wp:attachment":[{"href":"https:\/\/chemneo.com\/es\/wp-json\/wp\/v2\/media?parent=3798"}],"wp:term":[{"taxonomy":"product_brand","embeddable":true,"href":"https:\/\/chemneo.com\/es\/wp-json\/wp\/v2\/product_brand?post=3798"},{"taxonomy":"product_cat","embeddable":true,"href":"https:\/\/chemneo.com\/es\/wp-json\/wp\/v2\/product_cat?post=3798"},{"taxonomy":"product_tag","embeddable":true,"href":"https:\/\/chemneo.com\/es\/wp-json\/wp\/v2\/product_tag?post=3798"}],"curies":[{"name":"wp","href":"https:\/\/api.w.org\/{rel}","templated":true}]}}