{"id":3805,"date":"2024-08-28T02:58:19","date_gmt":"2024-08-28T02:58:19","guid":{"rendered":"https:\/\/chemneo.com\/?post_type=product&#038;p=3805"},"modified":"2024-08-28T02:59:14","modified_gmt":"2024-08-28T02:59:14","slug":"lactobionic-acid-cas96-82-2-2","status":"publish","type":"product","link":"https:\/\/chemneo.com\/es\/product\/3805.html","title":{"rendered":"\u00c1cido lactobi\u00f3nico CAS#96-82-2"},"content":{"rendered":"<div id=\"ContentPlaceHolder1_ProductChemPropertyA\">\n<table border=\"0\" width=\"100%\" cellspacing=\"0\" cellpadding=\"0\" align=\"center\">\n<tbody>\n<tr>\n<td class=\"td6\" bgcolor=\"DEEEF4\" width=\"611\" height=\"23\">Lactobionic acid Chemical Properties<\/td>\n<\/tr>\n<\/tbody>\n<\/table>\n<table border=\"0\" width=\"100%\" cellspacing=\"1\" cellpadding=\"2\" bgcolor=\"d5d5d5\">\n<tbody>\n<tr class=\"ProdSupplierGN_ProductA_1\">\n<td class=\"td12\">Melting point<\/td>\n<td bgcolor=\"#fafafa\"><span style=\"color: #0066cc;\">113-118\u00a0\u00b0C(lit.)<\/span><\/td>\n<\/tr>\n<tr class=\"ProdSupplierGN_ProductA_2\">\n<td bgcolor=\"#FFFFFF\">alpha<\/td>\n<td bgcolor=\"#FFFFFF\"><span style=\"color: #0066cc;\">22.8 \u00ba (c=10, H2O)<\/span><\/td>\n<\/tr>\n<tr class=\"ProdSupplierGN_ProductA_1\">\n<td class=\"td12\">Boiling point<\/td>\n<td bgcolor=\"#fafafa\"><span style=\"color: #0066cc;\">410.75\u00b0C (rough estimate)<\/span><\/td>\n<\/tr>\n<tr class=\"ProdSupplierGN_ProductA_2\">\n<td bgcolor=\"#FFFFFF\">density<\/td>\n<td bgcolor=\"#FFFFFF\"><span style=\"color: #0066cc;\">1.4662 (rough estimate)<\/span><\/td>\n<\/tr>\n<tr class=\"ProdSupplierGN_ProductA_1\">\n<td class=\"td12\">refractive index<\/td>\n<td bgcolor=\"#fafafa\"><span style=\"color: #0066cc;\">26 \u00b0 (C=8.8, H2O)<\/span><\/td>\n<\/tr>\n<tr class=\"ProdSupplierGN_ProductA_2\">\n<td bgcolor=\"#FFFFFF\">storage temp.<\/td>\n<td bgcolor=\"#FFFFFF\"><span style=\"color: #0066cc;\">Inert atmosphere,Room Temperature<\/span><\/td>\n<\/tr>\n<tr class=\"ProdSupplierGN_ProductA_1\">\n<td class=\"td12\">solubility<\/td>\n<td bgcolor=\"#fafafa\"><span style=\"color: #0066cc;\">10 g\/100 mL<\/span><\/td>\n<\/tr>\n<tr class=\"ProdSupplierGN_ProductA_2\">\n<td bgcolor=\"#FFFFFF\">pka<\/td>\n<td bgcolor=\"#FFFFFF\"><span style=\"color: #0066cc;\">3.28\u00b10.35(Predicted)<\/span><\/td>\n<\/tr>\n<tr class=\"ProdSupplierGN_ProductA_1\">\n<td class=\"td12\">form<\/td>\n<td bgcolor=\"#fafafa\"><span style=\"color: #0066cc;\">Powder<\/span><\/td>\n<\/tr>\n<tr class=\"ProdSupplierGN_ProductA_2\">\n<td bgcolor=\"#FFFFFF\">color<\/td>\n<td bgcolor=\"#FFFFFF\"><span style=\"color: #0066cc;\">White to Off-white<\/span><\/td>\n<\/tr>\n<tr class=\"ProdSupplierGN_ProductA_1\">\n<td class=\"td12\">optical activity<\/td>\n<td bgcolor=\"#fafafa\"><span style=\"color: #0066cc;\">[\u03b1]20\/D +25\u00b0, c = 10 in H2O<\/span><\/td>\n<\/tr>\n<tr class=\"ProdSupplierGN_ProductA_2\">\n<td bgcolor=\"#FFFFFF\">Water Solubility<\/td>\n<td bgcolor=\"#FFFFFF\"><span style=\"color: #0066cc;\">10 g\/100 mL<\/span><\/td>\n<\/tr>\n<tr class=\"ProdSupplierGN_ProductA_1\">\n<td class=\"td12\">Merck<\/td>\n<td bgcolor=\"#fafafa\"><span style=\"color: #0066cc;\">5342<\/span><\/td>\n<\/tr>\n<tr class=\"ProdSupplierGN_ProductA_2\">\n<td bgcolor=\"#FFFFFF\">BRN<\/td>\n<td bgcolor=\"#FFFFFF\"><span style=\"color: #0066cc;\">95054<\/span><\/td>\n<\/tr>\n<tr class=\"ProdSupplierGN_ProductA_1\">\n<td class=\"td12\">LogP<\/td>\n<td bgcolor=\"#fafafa\"><span style=\"color: #0066cc;\">-3.848 (est)<\/span><\/td>\n<\/tr>\n<tr class=\"ProdSupplierGN_ProductA_2\">\n<td bgcolor=\"#FFFFFF\">CAS DataBase Reference<\/td>\n<td bgcolor=\"#FFFFFF\"><span style=\"color: #0066cc;\">96-82-2(CAS DataBase Reference)<\/span><\/td>\n<\/tr>\n<\/tbody>\n<\/table>\n<\/div>\n<div id=\"ContentPlaceHolder1_ProductChemSafePropertyA\">\n<table border=\"0\" width=\"100%\" cellspacing=\"0\" cellpadding=\"0\" align=\"center\">\n<tbody>\n<tr>\n<td bgcolor=\"64B7D7\" height=\"1\"><\/td>\n<\/tr>\n<tr>\n<td class=\"td6\" bgcolor=\"DEEEF4\" width=\"611\" height=\"23\">Safety Information<\/td>\n<\/tr>\n<\/tbody>\n<\/table>\n<table border=\"0\" width=\"100%\" cellspacing=\"1\" cellpadding=\"2\" bgcolor=\"d5d5d5\">\n<tbody>\n<tr class=\"ProdSupplierGN_ProductA_1\">\n<td class=\"td12\">Hazard Codes<\/td>\n<td bgcolor=\"#fafafa\"><span style=\"color: #0066cc;\">Xi<\/span><\/td>\n<\/tr>\n<tr class=\"ProdSupplierGN_ProductA_2\">\n<td bgcolor=\"#FFFFFF\">Risk Statements<\/td>\n<td bgcolor=\"#FFFFFF\"><span style=\"color: #0066cc;\">36\/37\/38<\/span><\/td>\n<\/tr>\n<tr class=\"ProdSupplierGN_ProductA_1\">\n<td class=\"td12\">Safety Statements<\/td>\n<td bgcolor=\"#fafafa\"><span style=\"color: #0066cc;\">24\/25-36-26<\/span><\/td>\n<\/tr>\n<tr class=\"ProdSupplierGN_ProductA_2\">\n<td bgcolor=\"#FFFFFF\">WGK Germany<\/td>\n<td bgcolor=\"#FFFFFF\"><span style=\"color: #0066cc;\">1<\/span><\/td>\n<\/tr>\n<tr class=\"ProdSupplierGN_ProductA_1\">\n<td class=\"td12\">HS Code<\/td>\n<td bgcolor=\"#fafafa\"><span style=\"color: #0066cc;\">29400000<\/span><\/td>\n<\/tr>\n<\/tbody>\n<\/table>\n<\/div>\n","protected":false},"excerpt":{"rendered":"<p>El \u00e1cido lactobi\u00f3nico es un az\u00facar-\u00e1cido natural de alto peso molecular derivado de la lactosa, conocido por sus m\u00faltiples aplicaciones en las industrias farmac\u00e9utica y cosm\u00e9tica. Con la f\u00f3rmula qu\u00edmica C18H32O12, es un az\u00facar reductor que forma un componente del az\u00facar de la leche lactosa.<\/p>\n<p>Este compuesto hidrosoluble es famoso por sus propiedades antioxidantes y quelantes, que lo convierten en un ingrediente eficaz en los productos para el cuidado de la piel, sobre todo por su capacidad para protegerla del estr\u00e9s oxidativo y los agresores medioambientales. El \u00e1cido lactobi\u00f3nico tambi\u00e9n es reconocido por su suave acci\u00f3n exfoliante, ya que puede ayudar a eliminar las c\u00e9lulas muertas de la piel y promover la renovaci\u00f3n celular sin causar irritaci\u00f3n.<\/p>\n<p>Adem\u00e1s, su naturaleza \u00e1cida contribuye a su uso como regulador del pH en las formulaciones, ayudando a mantener el manto \u00e1cido natural de la piel. El \u00e1cido lactobi\u00f3nico tambi\u00e9n se valora por su capacidad para formar complejos con iones met\u00e1licos, lo que proporciona estabilidad a los productos y mejora el rendimiento de otros ingredientes activos.<\/p>\n<p class=\"last-node\">En resumen, el \u00e1cido lactobi\u00f3nico es un ingrediente vers\u00e1til en el cuidado de la piel, que ofrece beneficios antioxidantes, promueve la renovaci\u00f3n cut\u00e1nea y proporciona una plataforma estable para la formulaci\u00f3n de productos. Sus propiedades suaves pero eficaces lo hacen adecuado para una amplia gama de tipos de piel y aplicaciones.<\/p>","protected":false},"featured_media":205,"comment_status":"closed","ping_status":"closed","template":"","meta":[],"product_brand":[],"product_cat":[22],"product_tag":[24],"class_list":{"0":"post-3805","1":"product","2":"type-product","3":"status-publish","4":"has-post-thumbnail","6":"product_cat-daily-chemicals","7":"product_tag-daily-chemicals","9":"first","10":"instock","11":"shipping-taxable","12":"product-type-simple"},"_links":{"self":[{"href":"https:\/\/chemneo.com\/es\/wp-json\/wp\/v2\/product\/3805","targetHints":{"allow":["GET"]}}],"collection":[{"href":"https:\/\/chemneo.com\/es\/wp-json\/wp\/v2\/product"}],"about":[{"href":"https:\/\/chemneo.com\/es\/wp-json\/wp\/v2\/types\/product"}],"replies":[{"embeddable":true,"href":"https:\/\/chemneo.com\/es\/wp-json\/wp\/v2\/comments?post=3805"}],"wp:featuredmedia":[{"embeddable":true,"href":"https:\/\/chemneo.com\/es\/wp-json\/wp\/v2\/media\/205"}],"wp:attachment":[{"href":"https:\/\/chemneo.com\/es\/wp-json\/wp\/v2\/media?parent=3805"}],"wp:term":[{"taxonomy":"product_brand","embeddable":true,"href":"https:\/\/chemneo.com\/es\/wp-json\/wp\/v2\/product_brand?post=3805"},{"taxonomy":"product_cat","embeddable":true,"href":"https:\/\/chemneo.com\/es\/wp-json\/wp\/v2\/product_cat?post=3805"},{"taxonomy":"product_tag","embeddable":true,"href":"https:\/\/chemneo.com\/es\/wp-json\/wp\/v2\/product_tag?post=3805"}],"curies":[{"name":"wp","href":"https:\/\/api.w.org\/{rel}","templated":true}]}}