{"id":3819,"date":"2024-08-28T02:58:49","date_gmt":"2024-08-28T02:58:49","guid":{"rendered":"https:\/\/chemneo.com\/?post_type=product&#038;p=3819"},"modified":"2024-08-28T02:59:32","modified_gmt":"2024-08-28T02:59:32","slug":"isothiazolinones-cas26172-55-4-2","status":"publish","type":"product","link":"https:\/\/chemneo.com\/es\/product\/3819.html","title":{"rendered":"Isothiazolinones CAS#26172-55-4"},"content":{"rendered":"<div id=\"ContentPlaceHolder1_ProductChemPropertyA\">\n<table border=\"0\" width=\"100%\" cellspacing=\"0\" cellpadding=\"0\" align=\"center\">\n<tbody>\n<tr>\n<td class=\"td6\" bgcolor=\"DEEEF4\" width=\"611\" height=\"23\">Isothiazolinones Chemical Properties<\/td>\n<\/tr>\n<\/tbody>\n<\/table>\n<table border=\"0\" width=\"100%\" cellspacing=\"1\" cellpadding=\"2\" bgcolor=\"d5d5d5\">\n<tbody>\n<tr class=\"ProdSupplierGN_ProductA_1\">\n<td class=\"td12\">Melting point<\/td>\n<td bgcolor=\"#fafafa\"><span style=\"color: #0066cc;\">42-45?C<\/span><\/td>\n<\/tr>\n<tr class=\"ProdSupplierGN_ProductA_2\">\n<td bgcolor=\"#FFFFFF\">Punto de ebullici\u00f3n<\/td>\n<td bgcolor=\"#FFFFFF\"><span style=\"color: #0066cc;\">109.7\u00b0C<\/span><\/td>\n<\/tr>\n<tr class=\"ProdSupplierGN_ProductA_1\">\n<td class=\"td12\">densidad<\/td>\n<td bgcolor=\"#fafafa\"><span style=\"color: #0066cc;\">1.25 (14% aq.)<\/span><\/td>\n<\/tr>\n<tr class=\"ProdSupplierGN_ProductA_2\">\n<td bgcolor=\"#FFFFFF\">\u00edndice de refracci\u00f3n<\/td>\n<td bgcolor=\"#FFFFFF\"><span style=\"color: #0066cc;\"><i>n<\/i>20\/D 1.378<\/span><\/td>\n<\/tr>\n<tr class=\"ProdSupplierGN_ProductA_1\">\n<td class=\"td12\">storage temp.<\/td>\n<td bgcolor=\"#fafafa\"><span style=\"color: #0066cc;\">Refrigerator<\/span><\/td>\n<\/tr>\n<tr class=\"ProdSupplierGN_ProductA_2\">\n<td bgcolor=\"#FFFFFF\">solubility<\/td>\n<td bgcolor=\"#FFFFFF\"><span style=\"color: #0066cc;\">Chloroform (Slightly), DMSO (Slightly), Methanol (Slightly, Heated)<\/span><\/td>\n<\/tr>\n<tr class=\"ProdSupplierGN_ProductA_1\">\n<td class=\"td12\">formulario<\/td>\n<td bgcolor=\"#fafafa\"><span style=\"color: #0066cc;\">L\u00edquido<\/span><\/td>\n<\/tr>\n<tr class=\"ProdSupplierGN_ProductA_2\">\n<td bgcolor=\"#FFFFFF\">pka<\/td>\n<td bgcolor=\"#FFFFFF\"><span style=\"color: #0066cc;\">-4.06\u00b10.40(Predicted)<\/span><\/td>\n<\/tr>\n<tr class=\"ProdSupplierGN_ProductA_1\">\n<td class=\"td12\">Estabilidad:<\/td>\n<td bgcolor=\"#fafafa\"><span style=\"color: #0066cc;\">Stable. Incompatible with strong oxidizing agents.<\/span><\/td>\n<\/tr>\n<tr class=\"ProdSupplierGN_ProductA_2\">\n<td bgcolor=\"#FFFFFF\">LogP<\/td>\n<td bgcolor=\"#FFFFFF\"><span style=\"color: #0066cc;\">0.240 (est)<\/span><\/td>\n<\/tr>\n<tr class=\"ProdSupplierGN_ProductA_1\">\n<td class=\"td12\">CAS DataBase Reference<\/td>\n<td bgcolor=\"#fafafa\"><span style=\"color: #0066cc;\">26172-55-4(CAS DataBase Reference)<\/span><\/td>\n<\/tr>\n<tr class=\"ProdSupplierGN_ProductA_2\">\n<td bgcolor=\"#FFFFFF\">NIST Chemistry Reference<\/td>\n<td bgcolor=\"#FFFFFF\"><span style=\"color: #0066cc;\">5-Chloro-2-methyl-3(2h)-isothiazolone(26172-55-4)<\/span><\/td>\n<\/tr>\n<tr class=\"ProdSupplierGN_ProductA_1\">\n<td class=\"td12\">Sistema de registro de sustancias de la EPA<\/td>\n<td bgcolor=\"#fafafa\"><span style=\"color: #0066cc;\">5-Chloro-2-methyl-4-isothiazolin-3-one (26172-55-4)<\/span><\/td>\n<\/tr>\n<\/tbody>\n<\/table>\n<\/div>\n<div id=\"ContentPlaceHolder1_ProductChemSafePropertyA\">\n<table border=\"0\" width=\"100%\" cellspacing=\"0\" cellpadding=\"0\" align=\"center\">\n<tbody>\n<tr>\n<td bgcolor=\"64B7D7\" height=\"1\"><\/td>\n<\/tr>\n<tr>\n<td class=\"td6\" bgcolor=\"DEEEF4\" width=\"611\" height=\"23\">Informaci\u00f3n de seguridad<\/td>\n<\/tr>\n<\/tbody>\n<\/table>\n<table border=\"0\" width=\"100%\" cellspacing=\"1\" cellpadding=\"2\" bgcolor=\"d5d5d5\">\n<tbody>\n<tr class=\"ProdSupplierGN_ProductA_1\">\n<td class=\"td12\">Hazard Codes<\/td>\n<td bgcolor=\"#fafafa\"><span style=\"color: #0066cc;\">C,N,T,Xn<\/span><\/td>\n<\/tr>\n<tr class=\"ProdSupplierGN_ProductA_2\">\n<td bgcolor=\"#FFFFFF\">Risk Statements<\/td>\n<td bgcolor=\"#FFFFFF\"><span style=\"color: #0066cc;\">34-43-50-20\/21\/22-50\/53-23\/24\/25-42\/43<\/span><\/td>\n<\/tr>\n<tr class=\"ProdSupplierGN_ProductA_1\">\n<td class=\"td12\">Safety Statements<\/td>\n<td bgcolor=\"#fafafa\"><span style=\"color: #0066cc;\">26-36\/37\/39-45-60-61-24-28-36\/37-23<\/span><\/td>\n<\/tr>\n<tr class=\"ProdSupplierGN_ProductA_2\">\n<td bgcolor=\"#FFFFFF\">RIDADR<\/td>\n<td bgcolor=\"#FFFFFF\"><span style=\"color: #0066cc;\">UN 1760 8\/PG 2<\/span><\/td>\n<\/tr>\n<tr class=\"ProdSupplierGN_ProductA_1\">\n<td class=\"td12\">WGK Germany<\/td>\n<td bgcolor=\"#fafafa\"><span style=\"color: #0066cc;\">1<\/span><\/td>\n<\/tr>\n<tr class=\"ProdSupplierGN_ProductA_2\">\n<td bgcolor=\"#FFFFFF\">RTECS<\/td>\n<td bgcolor=\"#FFFFFF\"><span style=\"color: #0066cc;\">NX8156850<\/span><\/td>\n<\/tr>\n<tr class=\"ProdSupplierGN_ProductA_1\">\n<td class=\"td12\">HazardClass<\/td>\n<td bgcolor=\"#fafafa\"><span style=\"color: #0066cc;\">8<\/span><\/td>\n<\/tr>\n<tr class=\"ProdSupplierGN_ProductA_2\">\n<td bgcolor=\"#FFFFFF\">PackingGroup<\/td>\n<td bgcolor=\"#FFFFFF\"><span style=\"color: #0066cc;\">III<\/span><\/td>\n<\/tr>\n<tr class=\"ProdSupplierGN_ProductA_1\">\n<td class=\"td12\">HS Code<\/td>\n<td bgcolor=\"#fafafa\"><span style=\"color: #0066cc;\">3808929090<\/span><\/td>\n<\/tr>\n<tr class=\"ProdSupplierGN_ProductA_2\">\n<td bgcolor=\"#FFFFFF\">Hazardous Substances Data<\/td>\n<td bgcolor=\"#FFFFFF\"><span style=\"color: #0066cc;\">26172-55-4(Hazardous Substances Data)<\/span><\/td>\n<\/tr>\n<\/tbody>\n<\/table>\n<\/div>","protected":false},"excerpt":{"rendered":"<p>Las isotiazolinonas son una clase de fungicidas y biocidas de amplio espectro y gran eficacia, compuestos de 5-cloro-2-metil-4-tiazolina-3-ona (CMI) y 2-metil-4-tiazolina-3-ona (MI). Estos compuestos son reconocidos por su r\u00e1pida acci\u00f3n contra los microbios, inhibiendo su crecimiento al contacto y provocando la muerte celular <span class=\"ragTag___IXxub\"><span class=\"refIndex___iN7ZN ragIndex___HYxyx\">9<\/span><\/span>. Se caracterizan por su alta eficacia biocida, buena degradaci\u00f3n, ausencia de residuos, funcionamiento seguro, compatibilidad, estabilizaci\u00f3n y bajos costes operativos. <span class=\"ragTag___IXxub\"><span class=\"refIndex___iN7ZN ragIndex___HYxyx\">9<\/span><\/span>.<\/p>\n<p>Las isotiazolinonas se utilizan en diversas aplicaciones industriales, como los sistemas de agua de refrigeraci\u00f3n y el tratamiento de aguas residuales en campos como el petr\u00f3leo, la fabricaci\u00f3n de papel, los pesticidas, los aceites de corte, el cuero, los detergentes y los cosm\u00e9ticos. Son compatibles con el cloro y la mayor\u00eda de los tensioactivos cati\u00f3nicos, ani\u00f3nicos y no i\u00f3nicos y, en dosis m\u00e1s altas, presentan excelentes efectos de eliminaci\u00f3n de lodos biol\u00f3gicos. <span class=\"ragTag___IXxub\"><span class=\"refIndex___iN7ZN ragIndex___HYxyx\">9<\/span><\/span>.<\/p>\n<p class=\"last-node\">El contenido activo de los productos a base de isotiazolinonas suele oscilar entre 1,5% y 15%, con un valor de pH entre 1,0 y 5,0, seg\u00fan el grado. Est\u00e1n disponibles en diversas formas, como l\u00edquidos transparentes, y se envasan en cantidades que pueden adaptarse a necesidades industriales espec\u00edficas. <span class=\"ragTag___IXxub\"><span class=\"refIndex___iN7ZN ragIndex___HYxyx\">10<\/span><\/span>. Las precauciones de seguridad son esenciales cuando se manipulan Isotiazolinonas debido a su naturaleza corrosiva; no deben entrar en contacto con la piel o los ojos, y se recomienda el uso de equipos de protecci\u00f3n durante su utilizaci\u00f3n.<\/p>","protected":false},"featured_media":210,"comment_status":"closed","ping_status":"closed","template":"","meta":[],"product_brand":[],"product_cat":[22],"product_tag":[24],"class_list":{"0":"post-3819","1":"product","2":"type-product","3":"status-publish","4":"has-post-thumbnail","6":"product_cat-daily-chemicals","7":"product_tag-daily-chemicals","9":"first","10":"instock","11":"shipping-taxable","12":"product-type-simple"},"_links":{"self":[{"href":"https:\/\/chemneo.com\/es\/wp-json\/wp\/v2\/product\/3819","targetHints":{"allow":["GET"]}}],"collection":[{"href":"https:\/\/chemneo.com\/es\/wp-json\/wp\/v2\/product"}],"about":[{"href":"https:\/\/chemneo.com\/es\/wp-json\/wp\/v2\/types\/product"}],"replies":[{"embeddable":true,"href":"https:\/\/chemneo.com\/es\/wp-json\/wp\/v2\/comments?post=3819"}],"wp:featuredmedia":[{"embeddable":true,"href":"https:\/\/chemneo.com\/es\/wp-json\/wp\/v2\/media\/210"}],"wp:attachment":[{"href":"https:\/\/chemneo.com\/es\/wp-json\/wp\/v2\/media?parent=3819"}],"wp:term":[{"taxonomy":"product_brand","embeddable":true,"href":"https:\/\/chemneo.com\/es\/wp-json\/wp\/v2\/product_brand?post=3819"},{"taxonomy":"product_cat","embeddable":true,"href":"https:\/\/chemneo.com\/es\/wp-json\/wp\/v2\/product_cat?post=3819"},{"taxonomy":"product_tag","embeddable":true,"href":"https:\/\/chemneo.com\/es\/wp-json\/wp\/v2\/product_tag?post=3819"}],"curies":[{"name":"wp","href":"https:\/\/api.w.org\/{rel}","templated":true}]}}