{"id":3861,"date":"2024-08-28T02:59:59","date_gmt":"2024-08-28T02:59:59","guid":{"rendered":"https:\/\/chemneo.com\/?post_type=product&#038;p=3861"},"modified":"2024-08-28T03:00:59","modified_gmt":"2024-08-28T03:00:59","slug":"amides-coco-n-3-dimethylaminopropyl-cas68140-01-2-2","status":"publish","type":"product","link":"https:\/\/chemneo.com\/es\/product\/3861.html","title":{"rendered":"Amidas, coco, N-[3-(dimetilamino)propil] CAS#68140-01-2"},"content":{"rendered":"<div id=\"ContentPlaceHolder1_ProductChemPropertyA\">\n<table border=\"0\" width=\"100%\" cellspacing=\"0\" cellpadding=\"0\" align=\"center\">\n<tbody>\n<tr>\n<td class=\"td6\" bgcolor=\"DEEEF4\" width=\"611\" height=\"23\">Amides, coco, N-[3-(dimethylamino)propyl] Chemical Properties<\/td>\n<\/tr>\n<\/tbody>\n<\/table>\n<table border=\"0\" width=\"100%\" cellspacing=\"1\" cellpadding=\"2\" bgcolor=\"d5d5d5\">\n<tbody>\n<tr class=\"ProdSupplierGN_ProductA_1\">\n<td class=\"td12\">Punto de ebullici\u00f3n<\/td>\n<td bgcolor=\"#fafafa\"><span style=\"color: #0066cc;\">149\u2103 at 101.325kPa<\/span><\/td>\n<\/tr>\n<tr class=\"ProdSupplierGN_ProductA_2\">\n<td bgcolor=\"#FFFFFF\">densidad<\/td>\n<td bgcolor=\"#FFFFFF\"><span style=\"color: #0066cc;\">0.91 at 20\u2103<\/span><\/td>\n<\/tr>\n<tr class=\"ProdSupplierGN_ProductA_1\">\n<td class=\"td12\">solubility<\/td>\n<td bgcolor=\"#fafafa\"><span style=\"color: #0066cc;\">Chloroform (Soluble), Methanol (Slightly)<\/span><\/td>\n<\/tr>\n<tr class=\"ProdSupplierGN_ProductA_2\">\n<td bgcolor=\"#FFFFFF\">formulario<\/td>\n<td bgcolor=\"#FFFFFF\"><span style=\"color: #0066cc;\">L\u00edquido<\/span><\/td>\n<\/tr>\n<tr class=\"ProdSupplierGN_ProductA_1\">\n<td class=\"td12\">LogP<\/td>\n<td bgcolor=\"#fafafa\"><span style=\"color: #0066cc;\">4.4 at 20\u2103<\/span><\/td>\n<\/tr>\n<tr class=\"ProdSupplierGN_ProductA_2\">\n<td bgcolor=\"#FFFFFF\">Sistema de registro de sustancias de la EPA<\/td>\n<td bgcolor=\"#FFFFFF\"><span style=\"color: #0066cc;\">Amides, coco, N-[3-(dimethylamino)propyl] (68140-01-2)<\/span><\/td>\n<\/tr>\n<\/tbody>\n<\/table>\n<\/div>\n<div id=\"ContentPlaceHolder1_ProductChemSafePropertyA\">\n<table border=\"0\" width=\"100%\" cellspacing=\"0\" cellpadding=\"0\" align=\"center\">\n<tbody>\n<tr>\n<td bgcolor=\"64B7D7\" height=\"1\"><\/td>\n<\/tr>\n<tr>\n<td class=\"td6\" bgcolor=\"DEEEF4\" width=\"611\" height=\"23\">Informaci\u00f3n de seguridad<\/td>\n<\/tr>\n<\/tbody>\n<\/table>\n<table border=\"0\" width=\"100%\" cellspacing=\"1\" cellpadding=\"2\" bgcolor=\"d5d5d5\">\n<tbody>\n<tr class=\"ProdSupplierGN_ProductA_1\">\n<td class=\"td12\">RIDADR<\/td>\n<td bgcolor=\"#fafafa\"><span style=\"color: #0066cc;\">2735<\/span><\/td>\n<\/tr>\n<tr class=\"ProdSupplierGN_ProductA_2\">\n<td bgcolor=\"#FFFFFF\">HazardClass<\/td>\n<td bgcolor=\"#FFFFFF\"><span style=\"color: #0066cc;\">8<\/span><\/td>\n<\/tr>\n<tr class=\"ProdSupplierGN_ProductA_1\">\n<td class=\"td12\">PackingGroup<\/td>\n<td bgcolor=\"#fafafa\"><span style=\"color: #0066cc;\">III<\/span><\/td>\n<\/tr>\n<\/tbody>\n<\/table>\n<\/div>\n<div id=\"ContentPlaceHolder1_ProductMSDS\">\n<table border=\"0\" width=\"100%\" cellspacing=\"0\" cellpadding=\"0\" align=\"center\">\n<tbody>\n<tr>\n<td bgcolor=\"64B7D7\" height=\"1\"><\/td>\n<\/tr>\n<tr>\n<td class=\"td6\" bgcolor=\"DEEEF4\" width=\"611\" height=\"23\"><span id=\"ContentPlaceHolder1_MSDStitle\">Informaci\u00f3n MSDS<\/span><\/td>\n<\/tr>\n<\/tbody>\n<\/table>\n<div><\/div>\n<\/div>\n<div id=\"ContentPlaceHolder1_ProductApplication\">\n<table border=\"0\" width=\"100%\" cellspacing=\"0\" cellpadding=\"0\" align=\"center\">\n<tbody>\n<tr>\n<td bgcolor=\"64B7D7\" height=\"1\"><\/td>\n<\/tr>\n<tr>\n<td class=\"td6\" bgcolor=\"DEEEF4\" width=\"611\" height=\"23\">Amides, coco, N-[3-(dimethylamino)propyl] Usage And Synthesis<\/td>\n<\/tr>\n<\/tbody>\n<\/table>\n<table border=\"0\" width=\"100%\" cellspacing=\"1\" cellpadding=\"2\" bgcolor=\"d5d5d5\">\n<tbody>\n<tr class=\"ProdSupplierGN_ProductA_1\">\n<td class=\"td12\" valign=\"top\">Contact allergens<\/td>\n<td bgcolor=\"#fafafa\"><span style=\"color: #0066cc;\">This amido amine may be the allergen in cocamidopropyl betaine.<\/span><\/td>\n<\/tr>\n<\/tbody>\n<\/table>\n<\/div>","protected":false},"excerpt":{"rendered":"<p>Amidas, coco, N-[3-(dimetilamino)propil], tambi\u00e9n conocido como Cocamidopropil Dimetilamina, es un tensioactivo cati\u00f3nico derivado del aceite de coco. Se utiliza ampliamente en la industria del cuidado personal como agente acondicionador en productos para el cuidado del cabello y la piel. Este compuesto proporciona excelentes propiedades lubricantes y desenredantes, mejorando la manejabilidad y suavidad del cabello. Su naturaleza cati\u00f3nica le permite formar complejos con ingredientes ani\u00f3nicos, lo que lo convierte en un ingrediente vers\u00e1til en formulaciones que requieren una mayor estabilidad y rendimiento. Es conocido por su suavidad y eficacia, lo que lo hace adecuado para una serie de aplicaciones sensibles.<\/p>","protected":false},"featured_media":303,"comment_status":"closed","ping_status":"closed","template":"","meta":[],"product_brand":[],"product_cat":[22],"product_tag":[31,32,33],"class_list":{"0":"post-3861","1":"product","2":"type-product","3":"status-publish","4":"has-post-thumbnail","6":"product_cat-daily-chemicals","7":"product_tag-amides","8":"product_tag-coco","9":"product_tag-n-3-dimethylaminopropyl","11":"first","12":"instock","13":"shipping-taxable","14":"product-type-simple"},"_links":{"self":[{"href":"https:\/\/chemneo.com\/es\/wp-json\/wp\/v2\/product\/3861","targetHints":{"allow":["GET"]}}],"collection":[{"href":"https:\/\/chemneo.com\/es\/wp-json\/wp\/v2\/product"}],"about":[{"href":"https:\/\/chemneo.com\/es\/wp-json\/wp\/v2\/types\/product"}],"replies":[{"embeddable":true,"href":"https:\/\/chemneo.com\/es\/wp-json\/wp\/v2\/comments?post=3861"}],"wp:featuredmedia":[{"embeddable":true,"href":"https:\/\/chemneo.com\/es\/wp-json\/wp\/v2\/media\/303"}],"wp:attachment":[{"href":"https:\/\/chemneo.com\/es\/wp-json\/wp\/v2\/media?parent=3861"}],"wp:term":[{"taxonomy":"product_brand","embeddable":true,"href":"https:\/\/chemneo.com\/es\/wp-json\/wp\/v2\/product_brand?post=3861"},{"taxonomy":"product_cat","embeddable":true,"href":"https:\/\/chemneo.com\/es\/wp-json\/wp\/v2\/product_cat?post=3861"},{"taxonomy":"product_tag","embeddable":true,"href":"https:\/\/chemneo.com\/es\/wp-json\/wp\/v2\/product_tag?post=3861"}],"curies":[{"name":"wp","href":"https:\/\/api.w.org\/{rel}","templated":true}]}}