{"id":3875,"date":"2024-08-28T03:00:41","date_gmt":"2024-08-28T03:00:41","guid":{"rendered":"https:\/\/chemneo.com\/?post_type=product&#038;p=3875"},"modified":"2024-08-28T03:01:39","modified_gmt":"2024-08-28T03:01:39","slug":"zinc-sulphate-cas7733-02-0","status":"publish","type":"product","link":"https:\/\/chemneo.com\/es\/product\/3875.html","title":{"rendered":"Sulfato de cinc CAS#7733-02-0"},"content":{"rendered":"<p>Sulfato de cinc CAS#7733-02-0<\/p>\n<div id=\"ContentPlaceHolder1_ProductChemPropertyA\">\n<table border=\"0\" width=\"100%\" cellspacing=\"0\" cellpadding=\"0\" align=\"center\">\n<tbody>\n<tr>\n<td class=\"td6\" bgcolor=\"DEEEF4\" width=\"611\" height=\"23\">Zinc sulphate Chemical Properties<\/td>\n<\/tr>\n<\/tbody>\n<\/table>\n<table border=\"0\" width=\"100%\" cellspacing=\"1\" cellpadding=\"2\" bgcolor=\"d5d5d5\">\n<tbody>\n<tr class=\"ProdSupplierGN_ProductA_1\">\n<td class=\"td12\">Melting point<\/td>\n<td bgcolor=\"#fafafa\"><span style=\"color: #0066cc;\">100\u00b0C<\/span><\/td>\n<\/tr>\n<tr class=\"ProdSupplierGN_ProductA_2\">\n<td bgcolor=\"#FFFFFF\">Punto de ebullici\u00f3n<\/td>\n<td bgcolor=\"#FFFFFF\"><span style=\"color: #0066cc;\">105\u00b0C (estimate)<\/span><\/td>\n<\/tr>\n<tr class=\"ProdSupplierGN_ProductA_1\">\n<td class=\"td12\">densidad<\/td>\n<td bgcolor=\"#fafafa\"><span style=\"color: #0066cc;\">1.31\u00a0g\/mL\u00a0at 20\u00a0\u00b0C<\/span><\/td>\n<\/tr>\n<tr class=\"ProdSupplierGN_ProductA_2\">\n<td bgcolor=\"#FFFFFF\">storage temp.<\/td>\n<td bgcolor=\"#FFFFFF\"><span style=\"color: #0066cc;\">Store at +15\u00b0C to +25\u00b0C.<\/span><\/td>\n<\/tr>\n<tr class=\"ProdSupplierGN_ProductA_1\">\n<td class=\"td12\">solubility<\/td>\n<td bgcolor=\"#fafafa\"><span style=\"color: #0066cc;\">H<sub>2<\/sub>O: soluble<\/span><\/td>\n<\/tr>\n<tr class=\"ProdSupplierGN_ProductA_2\">\n<td bgcolor=\"#FFFFFF\">formulario<\/td>\n<td bgcolor=\"#FFFFFF\"><span style=\"color: #0066cc;\">L\u00edquido<\/span><\/td>\n<\/tr>\n<tr class=\"ProdSupplierGN_ProductA_1\">\n<td class=\"td12\">color<\/td>\n<td bgcolor=\"#fafafa\"><span style=\"color: #0066cc;\">Colorless<\/span><\/td>\n<\/tr>\n<tr class=\"ProdSupplierGN_ProductA_2\">\n<td bgcolor=\"#FFFFFF\">PH<\/td>\n<td bgcolor=\"#FFFFFF\"><span style=\"color: #0066cc;\">4.0\u00b10.5<\/span><\/td>\n<\/tr>\n<tr class=\"ProdSupplierGN_ProductA_1\">\n<td class=\"td12\">Water Solubility<\/td>\n<td bgcolor=\"#fafafa\"><span style=\"color: #0066cc;\">Soluble<\/span><\/td>\n<\/tr>\n<tr class=\"ProdSupplierGN_ProductA_2\">\n<td bgcolor=\"#FFFFFF\">\u03bbmax<\/td>\n<td bgcolor=\"#FFFFFF\"><span style=\"color: #0066cc;\">\u03bb: 260 nm Amax: &lt;0.02<br \/>\n\u03bb: 280 nm Amax: &lt;0.02<\/span><\/td>\n<\/tr>\n<tr class=\"ProdSupplierGN_ProductA_1\">\n<td class=\"td12\">Merck<\/td>\n<td bgcolor=\"#fafafa\"><span style=\"color: #0066cc;\">14,10159<\/span><\/td>\n<\/tr>\n<tr class=\"ProdSupplierGN_ProductA_2\">\n<td bgcolor=\"#FFFFFF\">LogP<\/td>\n<td bgcolor=\"#FFFFFF\"><span style=\"color: #0066cc;\">-1.031 (est)<\/span><\/td>\n<\/tr>\n<tr class=\"ProdSupplierGN_ProductA_1\">\n<td class=\"td12\">CAS DataBase Reference<\/td>\n<td bgcolor=\"#fafafa\"><span style=\"color: #0066cc;\"><a title=\"7733-02-0(CAS DataBase Reference)\" href=\"https:\/\/www.chemicalbook.com\/CAS_7733-02-0.htm\" target=\"_blank\" rel=\"noopener\">7733-02-0(CAS DataBase Reference)<\/a><\/span><\/td>\n<\/tr>\n<tr class=\"ProdSupplierGN_ProductA_2\">\n<td bgcolor=\"#FFFFFF\">NIST Chemistry Reference<\/td>\n<td bgcolor=\"#FFFFFF\"><span style=\"color: #0066cc;\"><a title=\"Zinc sulfate(7733-02-0)\" href=\"http:\/\/webbook.nist.gov\/cgi\/cbook.cgi?ID=7733-02-0&amp;Units=SI\" rel=\"nofollow noopener\" target=\"_blank\">Zinc sulfate(7733-02-0)<\/a><\/span><\/td>\n<\/tr>\n<tr class=\"ProdSupplierGN_ProductA_1\">\n<td class=\"td12\">Sistema de registro de sustancias de la EPA<\/td>\n<td bgcolor=\"#fafafa\"><span style=\"color: #0066cc;\"><a title=\"Zinc sulfate (7733-02-0)\" href=\"https:\/\/ofmpub.epa.gov\/sor_internet\/registry\/substreg\/searchandretrieve\/substancesearch\/search.do?details=displayDetails&amp;selectedSubstanceId=38467\" rel=\"nofollow noopener\" target=\"_blank\">Zinc sulfate (7733-02-0)<\/a><\/span><\/td>\n<\/tr>\n<\/tbody>\n<\/table>\n<\/div>\n<div id=\"ContentPlaceHolder1_ProductChemSafePropertyA\">\n<table border=\"0\" width=\"100%\" cellspacing=\"0\" cellpadding=\"0\" align=\"center\">\n<tbody>\n<tr>\n<td bgcolor=\"64B7D7\" height=\"1\"><\/td>\n<\/tr>\n<tr>\n<td class=\"td6\" bgcolor=\"DEEEF4\" width=\"611\" height=\"23\">Informaci\u00f3n de seguridad<\/td>\n<\/tr>\n<\/tbody>\n<\/table>\n<table border=\"0\" width=\"100%\" cellspacing=\"1\" cellpadding=\"2\" bgcolor=\"d5d5d5\">\n<tbody>\n<tr class=\"ProdSupplierGN_ProductA_1\">\n<td class=\"td12\">Hazard Codes<\/td>\n<td bgcolor=\"#fafafa\"><span style=\"color: #0066cc;\"><a href=\"https:\/\/www.chemicalbook.com\/RiskAndSafety.htm#hazards\" target=\"_blank\" rel=\"noopener\">Xn,N,Xi<\/a><\/span><\/td>\n<\/tr>\n<tr class=\"ProdSupplierGN_ProductA_2\">\n<td bgcolor=\"#FFFFFF\">Risk Statements<\/td>\n<td bgcolor=\"#FFFFFF\"><span style=\"color: #0066cc;\"><a href=\"https:\/\/www.chemicalbook.com\/RiskAndSafety.htm#Risk\" target=\"_blank\" rel=\"noopener\">52\/53-50\/53-41-22-51\/53<\/a><\/span><\/td>\n<\/tr>\n<tr class=\"ProdSupplierGN_ProductA_1\">\n<td class=\"td12\">Safety Statements<\/td>\n<td bgcolor=\"#fafafa\"><span style=\"color: #0066cc;\"><a href=\"https:\/\/www.chemicalbook.com\/RiskAndSafety.htm#Safety\" target=\"_blank\" rel=\"noopener\">61-39-26-60<\/a><\/span><\/td>\n<\/tr>\n<tr class=\"ProdSupplierGN_ProductA_2\">\n<td bgcolor=\"#FFFFFF\">RIDADR<\/td>\n<td bgcolor=\"#FFFFFF\"><span style=\"color: #0066cc;\">UN 3082 9\/PG 3<\/span><\/td>\n<\/tr>\n<tr class=\"ProdSupplierGN_ProductA_1\">\n<td class=\"td12\">WGK Germany<\/td>\n<td bgcolor=\"#fafafa\"><span style=\"color: #0066cc;\">3<\/span><\/td>\n<\/tr>\n<tr class=\"ProdSupplierGN_ProductA_2\">\n<td bgcolor=\"#FFFFFF\">RTECS<\/td>\n<td bgcolor=\"#FFFFFF\"><span style=\"color: #0066cc;\">ZH5260000<\/span><\/td>\n<\/tr>\n<tr class=\"ProdSupplierGN_ProductA_1\">\n<td class=\"td12\">TSCA<\/td>\n<td bgcolor=\"#fafafa\"><span style=\"color: #0066cc;\">Yes<\/span><\/td>\n<\/tr>\n<tr class=\"ProdSupplierGN_ProductA_2\">\n<td bgcolor=\"#FFFFFF\">HS Code<\/td>\n<td bgcolor=\"#FFFFFF\"><span style=\"color: #0066cc;\">2833 29 20<\/span><\/td>\n<\/tr>\n<tr class=\"ProdSupplierGN_ProductA_1\">\n<td class=\"td12\">HazardClass<\/td>\n<td bgcolor=\"#fafafa\"><span style=\"color: #0066cc;\">9<\/span><\/td>\n<\/tr>\n<tr class=\"ProdSupplierGN_ProductA_2\">\n<td bgcolor=\"#FFFFFF\">PackingGroup<\/td>\n<td bgcolor=\"#FFFFFF\"><span style=\"color: #0066cc;\">III<\/span><\/td>\n<\/tr>\n<tr class=\"ProdSupplierGN_ProductA_1\">\n<td class=\"td12\">Hazardous Substances Data<\/td>\n<td bgcolor=\"#fafafa\"><span style=\"color: #0066cc;\"><a title=\"7733-02-0(Hazardous Substances Data)\" href=\"https:\/\/pubchem.ncbi.nlm.nih.gov\/source\/hsdb\/1063\" rel=\"nofollow noopener\" target=\"_blank\">7733-02-0(Hazardous Substances Data)<\/a><\/span><\/td>\n<\/tr>\n<\/tbody>\n<\/table>\n<\/div>","protected":false},"excerpt":{"rendered":"<div class=\"pop-container\">\n<div class=\"popcontent-hole\">\n<div class=\"pop-content\">\n<div class=\"normal___qxduM\">\n<div class=\"markdown___vuBDJ\">\n<p class=\"last-node\">El sulfato de zinc, tambi\u00e9n conocido como sulfato de zinc heptahidratado, es un s\u00f3lido cristalino blanco que se utiliza habitualmente en diversas aplicaciones industriales. Es un suplemento mineral y un componente esencial en la producci\u00f3n de \u00f3xido de zinc, sales de zinc y otros compuestos qu\u00edmicos. Conocido por su solubilidad en agua y su capacidad para proporcionar iones de zinc, se utiliza en agricultura como micronutriente, en farmacia por sus propiedades terap\u00e9uticas y en la fabricaci\u00f3n de pilas y tintes. Su gran pureza y su naturaleza qu\u00edmica estable lo convierten en una opci\u00f3n fiable para una amplia gama de aplicaciones.<\/p>\n<\/div>\n<\/div>\n<\/div>\n<div class=\"chatSegmentBottomActions___NZ_V8\">\n<div class=\"leftbtns___BpCju MuiBox-root css-1mdh3j9\">\n<div class=\"MuiBox-root css-v48vqp\"><button class=\"MuiButtonBase-root MuiIconButton-root MuiIconButton-sizeMedium iconButton___3OzVF css-1uviwf\" tabindex=\"0\" type=\"button\" data-testid=\"msh-chat-segment-copy\"><span class=\"MuiTypography-root MuiTypography-body1 label___TPWYH css-17cnyc1\">\u590d\u5236<\/span><\/button><button class=\"MuiButtonBase-root MuiIconButton-root MuiIconButton-sizeMedium iconButton___3OzVF css-1uviwf\" tabindex=\"0\" type=\"button\" data-testid=\"msh-chat-segment-reAnswer\"><span class=\"MuiTypography-root MuiTypography-body1 label___TPWYH css-17cnyc1\">\u518d\u8bd5\u4e00\u6b21<\/span><\/button><button class=\"MuiButtonBase-root MuiIconButton-root MuiIconButton-sizeMedium iconButton___3OzVF css-1uviwf\" tabindex=\"0\" type=\"button\"><span class=\"MuiTypography-root MuiTypography-body1 label___TPWYH css-17cnyc1\">\u5206\u4eab<\/span><\/button><\/div>\n<div class=\"MuiBox-root css-r8wxqi\"><\/div>\n<\/div>\n<\/div>\n<\/div>\n<\/div>\n<div class=\"contentbottom-hole\">\n<div class=\"MuiBox-root css-2wedsf\">\n<div class=\"container___chUs0 withContent___TKW3m MuiBox-root css-1mdh3j9\" aria-label=\"\"><\/div>\n<\/div>\n<\/div>","protected":false},"featured_media":3921,"comment_status":"closed","ping_status":"closed","template":"","meta":[],"product_brand":[],"product_cat":[1144],"product_tag":[],"class_list":{"0":"post-3875","1":"product","2":"type-product","3":"status-publish","4":"has-post-thumbnail","6":"product_cat-chemical-minerals","8":"first","9":"instock","10":"shipping-taxable","11":"product-type-simple"},"_links":{"self":[{"href":"https:\/\/chemneo.com\/es\/wp-json\/wp\/v2\/product\/3875","targetHints":{"allow":["GET"]}}],"collection":[{"href":"https:\/\/chemneo.com\/es\/wp-json\/wp\/v2\/product"}],"about":[{"href":"https:\/\/chemneo.com\/es\/wp-json\/wp\/v2\/types\/product"}],"replies":[{"embeddable":true,"href":"https:\/\/chemneo.com\/es\/wp-json\/wp\/v2\/comments?post=3875"}],"wp:featuredmedia":[{"embeddable":true,"href":"https:\/\/chemneo.com\/es\/wp-json\/wp\/v2\/media\/3921"}],"wp:attachment":[{"href":"https:\/\/chemneo.com\/es\/wp-json\/wp\/v2\/media?parent=3875"}],"wp:term":[{"taxonomy":"product_brand","embeddable":true,"href":"https:\/\/chemneo.com\/es\/wp-json\/wp\/v2\/product_brand?post=3875"},{"taxonomy":"product_cat","embeddable":true,"href":"https:\/\/chemneo.com\/es\/wp-json\/wp\/v2\/product_cat?post=3875"},{"taxonomy":"product_tag","embeddable":true,"href":"https:\/\/chemneo.com\/es\/wp-json\/wp\/v2\/product_tag?post=3875"}],"curies":[{"name":"wp","href":"https:\/\/api.w.org\/{rel}","templated":true}]}}