{"id":3998,"date":"2024-08-28T03:02:56","date_gmt":"2024-08-28T03:02:56","guid":{"rendered":"https:\/\/chemneo.com\/?post_type=product&#038;p=3998"},"modified":"2024-08-28T03:04:15","modified_gmt":"2024-08-28T03:04:15","slug":"minoxidil-cas-38304-91-5","status":"publish","type":"product","link":"https:\/\/chemneo.com\/es\/product\/3998.html","title":{"rendered":"Minoxidil CAS #38304-91-5"},"content":{"rendered":"<p>Minoxidil CAS #38304-91-5<\/p>\n<div id=\"ContentPlaceHolder1_ProductProperty\">\n<table border=\"0\" width=\"100%\" cellspacing=\"0\" cellpadding=\"0\" align=\"center\">\n<tbody>\n<tr>\n<td class=\"td6\" bgcolor=\"DEEEF4\" width=\"611\" height=\"23\">Minoxidil Basic information<\/td>\n<\/tr>\n<tr>\n<td class=\"TDAmarginR10\" align=\"left\" bgcolor=\"#FFFFFF\">an antihypertensive vasodilator medication\u00a0Indications and Usage\u00a0Mechanisms of Action\u00a0Adverse reactions\u00a0Contradictions<\/td>\n<\/tr>\n<\/tbody>\n<\/table>\n<table border=\"0\" width=\"100%\" cellspacing=\"1\" cellpadding=\"2\" bgcolor=\"d5d5d5\">\n<tbody>\n<tr class=\"ProdSupplierGN_ProductA_2\">\n<td class=\"td1\">Product Name:<\/td>\n<td bgcolor=\"#fafafa\">Minoxidil<\/td>\n<\/tr>\n<tr class=\"ProdSupplierGN_ProductA_2\">\n<td bgcolor=\"#FFFFFF\">Synonyms:<\/td>\n<td bgcolor=\"#FFFFFF\"><span>6-amino-1,2-dihydro-1-hydroxy-2-imino-4-piperidinopyrimidine<\/span>;<span>6-piperidino-2,4-diaminopyrimidine3-oxide<\/span>;<span>alopexil<\/span>;<span>alostil<\/span>;<span>lonolox<\/span>;<span>minossidile<\/span>;<span>minoximen<\/span>;<span>prexidil<\/span><\/td>\n<\/tr>\n<tr class=\"ProdSupplierGN_ProductA_1\">\n<td class=\"td1\">CAS:<\/td>\n<td bgcolor=\"#fafafa\"><b>38304-91-5<\/b><\/td>\n<\/tr>\n<tr class=\"ProdSupplierGN_ProductA_2\">\n<td bgcolor=\"#FFFFFF\">MF:<\/td>\n<td bgcolor=\"#FFFFFF\">C9H15N5O<\/td>\n<\/tr>\n<tr class=\"ProdSupplierGN_ProductA_1\">\n<td class=\"td1\">MW:<\/td>\n<td bgcolor=\"#fafafa\">209.25<\/td>\n<\/tr>\n<tr class=\"ProdSupplierGN_ProductA_2\">\n<td bgcolor=\"#FFFFFF\">EINECS:<\/td>\n<td bgcolor=\"#FFFFFF\">253-874-2<\/td>\n<\/tr>\n<tr class=\"ProdSupplierGN_ProductA_1\">\n<td class=\"td1\">Product Categories:<\/td>\n<td bgcolor=\"#fafafa\">Other APIs;ROGAINE;Heteroctcles;Bases &amp; Related Reagents;Nitric Oxide Reagents;Nucleotides;Potassium channel;API;Intermediates &amp; Fine Chemicals;Pharmaceuticals;API's;38304-91-5;john's<\/td>\n<\/tr>\n<tr class=\"ProdSupplierGN_ProductA_1\">\n<td class=\"td1\">Mol File:<\/td>\n<td bgcolor=\"#fafafa\">38304-91-5.mol<\/td>\n<\/tr>\n<tr class=\"ProdSupplierGN_ProductA_2\">\n<td colspan=\"2\" align=\"center\" bgcolor=\"#FFFFFF\"><img decoding=\"async\" src=\"https:\/\/www.chemicalbook.com\/CAS\/GIF\/38304-91-5.gif\" alt=\"Minoxidil Structure\" title=\"\"><\/td>\n<\/tr>\n<\/tbody>\n<\/table>\n<\/div>\n<div id=\"ContentPlaceHolder1_ProductChemPropertyA\">\n<table border=\"0\" width=\"100%\" cellspacing=\"0\" cellpadding=\"0\" align=\"center\">\n<tbody>\n<tr>\n<td bgcolor=\"64B7D7\" height=\"1\"><\/td>\n<\/tr>\n<tr>\n<td class=\"td6\" bgcolor=\"DEEEF4\" width=\"611\" height=\"23\">Minoxidil Chemical Properties<\/td>\n<\/tr>\n<\/tbody>\n<\/table>\n<table border=\"0\" width=\"100%\" cellspacing=\"1\" cellpadding=\"2\" bgcolor=\"d5d5d5\">\n<tbody>\n<tr class=\"ProdSupplierGN_ProductA_1\">\n<td class=\"td12\">Melting point<\/td>\n<td bgcolor=\"#fafafa\"><span style=\"color: #0066cc;\">272-274 \u00b0C (dec.) (lit.)<\/span><\/td>\n<\/tr>\n<tr class=\"ProdSupplierGN_ProductA_2\">\n<td bgcolor=\"#FFFFFF\">Punto de ebullici\u00f3n<\/td>\n<td bgcolor=\"#FFFFFF\"><span style=\"color: #0066cc;\">348.61\u00b0C (rough estimate)<\/span><\/td>\n<\/tr>\n<tr class=\"ProdSupplierGN_ProductA_1\">\n<td class=\"td12\">densidad<\/td>\n<td bgcolor=\"#fafafa\"><span style=\"color: #0066cc;\">1.1651 (rough estimate)<\/span><\/td>\n<\/tr>\n<tr class=\"ProdSupplierGN_ProductA_2\">\n<td bgcolor=\"#FFFFFF\">\u00edndice de refracci\u00f3n<\/td>\n<td bgcolor=\"#FFFFFF\"><span style=\"color: #0066cc;\">1.7610 (estimate)<\/span><\/td>\n<\/tr>\n<tr class=\"ProdSupplierGN_ProductA_1\">\n<td class=\"td12\">storage temp.<\/td>\n<td bgcolor=\"#fafafa\"><span style=\"color: #0066cc;\">2-8\u00b0C<\/span><\/td>\n<\/tr>\n<tr class=\"ProdSupplierGN_ProductA_2\">\n<td bgcolor=\"#FFFFFF\">solubility<\/td>\n<td bgcolor=\"#FFFFFF\"><span style=\"color: #0066cc;\">Slightly soluble in water, soluble in methanol and in propylene glycol.<\/span><\/td>\n<\/tr>\n<tr class=\"ProdSupplierGN_ProductA_1\">\n<td class=\"td12\">pka<\/td>\n<td bgcolor=\"#fafafa\"><span style=\"color: #0066cc;\">4.61(at 25\u2103)<\/span><\/td>\n<\/tr>\n<tr class=\"ProdSupplierGN_ProductA_2\">\n<td bgcolor=\"#FFFFFF\">formulario<\/td>\n<td bgcolor=\"#FFFFFF\"><span style=\"color: #0066cc;\">Solid<\/span><\/td>\n<\/tr>\n<tr class=\"ProdSupplierGN_ProductA_1\">\n<td class=\"td12\">color<\/td>\n<td bgcolor=\"#fafafa\"><span style=\"color: #0066cc;\">Blanco<\/span><\/td>\n<\/tr>\n<tr class=\"ProdSupplierGN_ProductA_2\">\n<td bgcolor=\"#FFFFFF\">Water Solubility<\/td>\n<td bgcolor=\"#FFFFFF\"><span style=\"color: #0066cc;\">Soluble in water (2.2 mg\/ml), 100% ethanol (29 mg\/ml), propylene glycol, acetone, DMSO (6.5 mg\/ml), and methanol.<\/span><\/td>\n<\/tr>\n<tr class=\"ProdSupplierGN_ProductA_1\">\n<td class=\"td12\">Merck<\/td>\n<td bgcolor=\"#fafafa\"><span style=\"color: #0066cc;\">14,6203<\/span><\/td>\n<\/tr>\n<tr class=\"ProdSupplierGN_ProductA_2\">\n<td bgcolor=\"#FFFFFF\">BCS Class<\/td>\n<td bgcolor=\"#FFFFFF\"><span style=\"color: #0066cc;\">3<\/span><\/td>\n<\/tr>\n<tr class=\"ProdSupplierGN_ProductA_1\">\n<td class=\"td12\">Estabilidad:<\/td>\n<td bgcolor=\"#fafafa\"><span style=\"color: #0066cc;\">Stable for 2 years from date of purchase as supplied. Protect from moisture. Solutions in DMSO or ethanol may be stored at -20\u00b0C for up to 3 months.<\/span><\/td>\n<\/tr>\n<tr class=\"ProdSupplierGN_ProductA_2\">\n<td bgcolor=\"#FFFFFF\">InChIKey<\/td>\n<td bgcolor=\"#FFFFFF\"><span style=\"color: #0066cc;\">ZFMITUMMTDLWHR-UHFFFAOYSA-N<\/span><\/td>\n<\/tr>\n<tr class=\"ProdSupplierGN_ProductA_1\">\n<td class=\"td12\">CAS DataBase Reference<\/td>\n<td bgcolor=\"#fafafa\"><span style=\"color: #0066cc;\">38304-91-5(CAS DataBase Reference)<\/span><\/td>\n<\/tr>\n<tr class=\"ProdSupplierGN_ProductA_2\">\n<td bgcolor=\"#FFFFFF\">NIST Chemistry Reference<\/td>\n<td bgcolor=\"#FFFFFF\"><span style=\"color: #0066cc;\">Minoxidil(38304-91-5)<\/span><\/td>\n<\/tr>\n<\/tbody>\n<\/table>\n<\/div>\n<p>&nbsp;<\/p>","protected":false},"excerpt":{"rendered":"<p>El minoxidil es un tipo de f\u00e1rmaco oral que se utiliza cl\u00ednicamente para reducir la presi\u00f3n arterial, y tambi\u00e9n se denomina Loniten y piperidina diamina. El minoxidil es un f\u00e1rmaco antihipertensivo que se utiliza cl\u00ednicamente para tratar la hipertensi\u00f3n primaria o renal intratable. Tambi\u00e9n puede utilizarse para tratar la hipertensi\u00f3n grave que no responde bien a otros f\u00e1rmacos antihipertensivos, pero es necesario utilizarlo en combinaci\u00f3n con f\u00e1rmacos diur\u00e9ticos para evitar la retenci\u00f3n de agua y sodio, y el uso combinado con bloqueadores de los receptores beta puede aumentar sus efectos curativos y reducir los efectos adversos. El minoxidil tambi\u00e9n se utiliza para prevenir la alopecia de tipo graso y en el ganado.<\/p>","protected":false},"featured_media":4059,"comment_status":"closed","ping_status":"closed","template":"","meta":[],"product_brand":[],"product_cat":[22],"product_tag":[24],"class_list":{"0":"post-3998","1":"product","2":"type-product","3":"status-publish","4":"has-post-thumbnail","6":"product_cat-daily-chemicals","7":"product_tag-daily-chemicals","9":"first","10":"instock","11":"shipping-taxable","12":"product-type-simple"},"_links":{"self":[{"href":"https:\/\/chemneo.com\/es\/wp-json\/wp\/v2\/product\/3998","targetHints":{"allow":["GET"]}}],"collection":[{"href":"https:\/\/chemneo.com\/es\/wp-json\/wp\/v2\/product"}],"about":[{"href":"https:\/\/chemneo.com\/es\/wp-json\/wp\/v2\/types\/product"}],"replies":[{"embeddable":true,"href":"https:\/\/chemneo.com\/es\/wp-json\/wp\/v2\/comments?post=3998"}],"wp:featuredmedia":[{"embeddable":true,"href":"https:\/\/chemneo.com\/es\/wp-json\/wp\/v2\/media\/4059"}],"wp:attachment":[{"href":"https:\/\/chemneo.com\/es\/wp-json\/wp\/v2\/media?parent=3998"}],"wp:term":[{"taxonomy":"product_brand","embeddable":true,"href":"https:\/\/chemneo.com\/es\/wp-json\/wp\/v2\/product_brand?post=3998"},{"taxonomy":"product_cat","embeddable":true,"href":"https:\/\/chemneo.com\/es\/wp-json\/wp\/v2\/product_cat?post=3998"},{"taxonomy":"product_tag","embeddable":true,"href":"https:\/\/chemneo.com\/es\/wp-json\/wp\/v2\/product_tag?post=3998"}],"curies":[{"name":"wp","href":"https:\/\/api.w.org\/{rel}","templated":true}]}}