{"id":4002,"date":"2024-08-28T03:02:58","date_gmt":"2024-08-28T03:02:58","guid":{"rendered":"https:\/\/chemneo.com\/?post_type=product&#038;p=4002"},"modified":"2024-08-28T03:04:21","modified_gmt":"2024-08-28T03:04:21","slug":"palmitoyl-tripeptide-38-cas-1447824-23-8","status":"publish","type":"product","link":"https:\/\/chemneo.com\/es\/product\/4002.html","title":{"rendered":"Palmitoil Trip\u00e9ptido-38 CAS# 1447824-23-8"},"content":{"rendered":"<p>Palmitoil Trip\u00e9ptido-38 CAS# 1447824-23-8<\/p>\n<div id=\"ContentPlaceHolder1_ProductProperty\">\n<table border=\"0\" width=\"100%\" cellspacing=\"0\" cellpadding=\"0\" align=\"center\">\n<tbody>\n<tr>\n<td class=\"td6\" bgcolor=\"DEEEF4\" width=\"611\" height=\"23\">Palmitoyl Tripeptide-38 Basic information<\/td>\n<\/tr>\n<\/tbody>\n<\/table>\n<table border=\"0\" width=\"100%\" cellspacing=\"1\" cellpadding=\"2\" bgcolor=\"d5d5d5\">\n<tbody>\n<tr class=\"ProdSupplierGN_ProductA_2\">\n<td class=\"td1\">Product Name:<\/td>\n<td bgcolor=\"#fafafa\">Palmitoyl Tripeptide-38<\/td>\n<\/tr>\n<tr class=\"ProdSupplierGN_ProductA_2\">\n<td bgcolor=\"#FFFFFF\">Synonyms:<\/td>\n<td bgcolor=\"#FFFFFF\"><span>Palmitoyl Tripeptide 38<\/span>;<span>matrixyl synthe6<\/span>;<span>Matrixyl synthsis<\/span>;<span>Palmitoyl Tripeptide 38 USP\/EP\/BP<\/span>;<span>Safe Shipment and Fast Delivery Palmitoyl Tripeptide 38 Powder CAS 1447824-23-8 From Biocar<\/span>;<span>matrixyl synthe6 Matrixyl synthsis<\/span>;<span>High purity CAS 1447824-23-8 Palmitoyl Tripeptide 38 in stock<\/span><\/td>\n<\/tr>\n<tr class=\"ProdSupplierGN_ProductA_1\">\n<td class=\"td1\">CAS:<\/td>\n<td bgcolor=\"#fafafa\"><b>1447824-23-8<\/b><\/td>\n<\/tr>\n<tr class=\"ProdSupplierGN_ProductA_2\">\n<td bgcolor=\"#FFFFFF\">MF:<\/td>\n<td bgcolor=\"#FFFFFF\"><\/td>\n<\/tr>\n<tr class=\"ProdSupplierGN_ProductA_1\">\n<td class=\"td1\">MW:<\/td>\n<td bgcolor=\"#fafafa\">0<\/td>\n<\/tr>\n<tr class=\"ProdSupplierGN_ProductA_2\">\n<td bgcolor=\"#FFFFFF\">EINECS:<\/td>\n<td bgcolor=\"#FFFFFF\">7824-223-8<\/td>\n<\/tr>\n<tr class=\"ProdSupplierGN_ProductA_1\">\n<td class=\"td1\">Product Categories:<\/td>\n<td bgcolor=\"#fafafa\"><\/td>\n<\/tr>\n<tr class=\"ProdSupplierGN_ProductA_1\">\n<td class=\"td1\">Mol File:<\/td>\n<td bgcolor=\"#fafafa\">Mol File<\/td>\n<\/tr>\n<tr class=\"ProdSupplierGN_ProductA_2\">\n<td colspan=\"2\" align=\"center\" bgcolor=\"#FFFFFF\"><\/td>\n<\/tr>\n<\/tbody>\n<\/table>\n<\/div>\n<div id=\"ContentPlaceHolder1_ProductChemPropertyA\">\n<table border=\"0\" width=\"100%\" cellspacing=\"0\" cellpadding=\"0\" align=\"center\">\n<tbody>\n<tr>\n<td bgcolor=\"64B7D7\" height=\"1\"><\/td>\n<\/tr>\n<tr>\n<td class=\"td6\" bgcolor=\"DEEEF4\" width=\"611\" height=\"23\">Palmitoyl Tripeptide-38 Chemical Properties<\/td>\n<\/tr>\n<\/tbody>\n<\/table>\n<table border=\"0\" width=\"100%\" cellspacing=\"1\" cellpadding=\"2\" bgcolor=\"d5d5d5\">\n<tbody>\n<tr class=\"ProdSupplierGN_ProductA_1\">\n<td class=\"td12\">solubility<\/td>\n<td bgcolor=\"#fafafa\"><span style=\"color: #0066cc;\">soluble in Glycol<\/span><\/td>\n<\/tr>\n<tr class=\"ProdSupplierGN_ProductA_2\">\n<td bgcolor=\"#FFFFFF\">color<\/td>\n<td bgcolor=\"#FFFFFF\"><span style=\"color: #0066cc;\">white powder<\/span><\/td>\n<\/tr>\n<\/tbody>\n<\/table>\n<\/div>\n<div id=\"ContentPlaceHolder1_ProductChemSafePropertyA\">\n<table border=\"0\" width=\"100%\" cellspacing=\"0\" cellpadding=\"0\" align=\"center\">\n<tbody>\n<tr>\n<td bgcolor=\"64B7D7\" height=\"1\"><\/td>\n<\/tr>\n<tr>\n<td class=\"td6\" bgcolor=\"DEEEF4\" width=\"611\" height=\"23\">Informaci\u00f3n de seguridad<\/td>\n<\/tr>\n<\/tbody>\n<\/table>\n<\/div>\n<div id=\"ContentPlaceHolder1_ProductMSDS\">\n<table border=\"0\" width=\"100%\" cellspacing=\"0\" cellpadding=\"0\" align=\"center\">\n<tbody>\n<tr>\n<td bgcolor=\"64B7D7\" height=\"1\"><\/td>\n<\/tr>\n<tr>\n<td class=\"td6\" bgcolor=\"DEEEF4\" width=\"611\" height=\"23\"><span id=\"ContentPlaceHolder1_MSDStitle\">Informaci\u00f3n MSDS<\/span><\/td>\n<\/tr>\n<\/tbody>\n<\/table>\n<div><\/div>\n<\/div>\n<div id=\"ContentPlaceHolder1_ProductApplication\">\n<table border=\"0\" width=\"100%\" cellspacing=\"0\" cellpadding=\"0\" align=\"center\">\n<tbody>\n<tr>\n<td bgcolor=\"64B7D7\" height=\"1\"><\/td>\n<\/tr>\n<tr>\n<td class=\"td6\" bgcolor=\"DEEEF4\" width=\"611\" height=\"23\">Palmitoyl Tripeptide-38 Usage And Synthesis<\/td>\n<\/tr>\n<\/tbody>\n<\/table>\n<table border=\"0\" width=\"100%\" cellspacing=\"1\" cellpadding=\"2\" bgcolor=\"d5d5d5\">\n<tbody>\n<tr class=\"ProdSupplierGN_ProductA_1\">\n<td class=\"td12\" valign=\"top\">Descripci\u00f3n<\/td>\n<td bgcolor=\"#fafafa\"><span style=\"color: #0066cc;\">Palmitoyl Tripeptide-38 is a three-chain amino acid popular in cosmeceutical skin care formulations because its power to penetrate deep into the dermis to boost the production of collagen types 1,3 &amp; 4. Not only this the peptide promotes the synthesis of Hyaluronic Acid, and will assist the body\u2019s natural regeneration process helping skin retain its suppleness. A powerful peptide found in both the Peptide Lip Therapy &amp; Hyaluronic Acid Lip Booster.<\/span><\/td>\n<\/tr>\n<tr class=\"ProdSupplierGN_ProductA_2\">\n<td valign=\"top\" bgcolor=\"\">Characteristics<\/td>\n<td bgcolor=\"#FFFFFF\"><span style=\"color: #0066cc;\">Palmitoyl Tripeptide-38 is derived from the tripeptide KMK naturally found in collagen VI and laminins. Palmitoyl Tripeptide-38 stimulates the synthesis of 6 major constituents of skin matrix and dermal-epidermal junction (collagen I, II, IV, fibronectin, hyaluronic acid and laminin5). Palmitoyl Tripeptide-38 rebuilds the skin network that keeps the skin smooth.<br \/>\nUse level: 0.001-0.005 % (maximum dose: 0.02 %, slightly soluble in water)<\/span><\/td>\n<\/tr>\n<tr class=\"ProdSupplierGN_ProductA_1\">\n<td class=\"td12\" valign=\"top\">benefits<\/td>\n<td bgcolor=\"#fafafa\"><span style=\"color: #0066cc;\">Cosmetic benefits<br \/>\nEven out skin relief and smoothes wrinkles from the inside by rebuilding the skin where it is needed, particularly on the forehead and crow\u2019s feet.<\/span><\/td>\n<\/tr>\n<tr class=\"ProdSupplierGN_ProductA_2\">\n<td valign=\"top\" bgcolor=\"\">Biological Functions<\/td>\n<td bgcolor=\"#FFFFFF\"><span style=\"color: #0066cc;\">palmitoyl tripeptide-38 is a matrikine-mimetic compound that regulates cell activity, wound repair and collagen tissue remodeling. it stimulates six major constituents of the skin matrix and the dermal-epidermal junction to plump fine lines and boost skin repair.<\/span><\/td>\n<\/tr>\n<\/tbody>\n<\/table>\n<\/div>","protected":false},"excerpt":{"rendered":"<p>Palmlyl tritenptide-38 consiste en tres amino\u00e1cidos y es un lipptide oxidado hidr\u00f3geno. La inspiraci\u00f3n de este p\u00e9ptido proviene de un tres p\u00e9ptidos en la existencia natural en el col\u00e1geno VI y la capa de prote\u00edna adhesiva. Puede reconstruir la piel desde el interior para suavizar la piel lisa de las arrugas, especialmente para las l\u00edneas eardronic, patas de gallo, l\u00edneas de la cabeza y las l\u00edneas del cuello.<\/p>\n<p>Palmitoyl Tripeptide-38 tiene un efecto similar en Matrikine, y es una cadena de amino\u00e1cidos, que ha demostrado para aumentar la piel y el componente epid\u00e9rmico (como el col\u00e1geno (incluyendo la cinta I, III y IV), fibrina, \u00e1cido hialur\u00f3nico). (agua reservada) y la adhesi\u00f3n de la capa 5 (la funci\u00f3n de las c\u00e9lulas, las c\u00e9lulas, el crecimiento y la diferenciaci\u00f3n). Por lo tanto, la palma -p\u00e9ptido 38 promover la regeneraci\u00f3n de la piel, hacer las arrugas y la piel suave, y retrasar la aparici\u00f3n de envejecimiento. Adem\u00e1s, puede complementar profundamente la nutrici\u00f3n, desvanecer las l\u00edneas de los labios y aumentar la elasticidad.<\/p>","protected":false},"featured_media":4066,"comment_status":"closed","ping_status":"closed","template":"","meta":[],"product_brand":[],"product_cat":[22],"product_tag":[24],"class_list":{"0":"post-4002","1":"product","2":"type-product","3":"status-publish","4":"has-post-thumbnail","6":"product_cat-daily-chemicals","7":"product_tag-daily-chemicals","9":"first","10":"instock","11":"shipping-taxable","12":"product-type-simple"},"_links":{"self":[{"href":"https:\/\/chemneo.com\/es\/wp-json\/wp\/v2\/product\/4002","targetHints":{"allow":["GET"]}}],"collection":[{"href":"https:\/\/chemneo.com\/es\/wp-json\/wp\/v2\/product"}],"about":[{"href":"https:\/\/chemneo.com\/es\/wp-json\/wp\/v2\/types\/product"}],"replies":[{"embeddable":true,"href":"https:\/\/chemneo.com\/es\/wp-json\/wp\/v2\/comments?post=4002"}],"wp:featuredmedia":[{"embeddable":true,"href":"https:\/\/chemneo.com\/es\/wp-json\/wp\/v2\/media\/4066"}],"wp:attachment":[{"href":"https:\/\/chemneo.com\/es\/wp-json\/wp\/v2\/media?parent=4002"}],"wp:term":[{"taxonomy":"product_brand","embeddable":true,"href":"https:\/\/chemneo.com\/es\/wp-json\/wp\/v2\/product_brand?post=4002"},{"taxonomy":"product_cat","embeddable":true,"href":"https:\/\/chemneo.com\/es\/wp-json\/wp\/v2\/product_cat?post=4002"},{"taxonomy":"product_tag","embeddable":true,"href":"https:\/\/chemneo.com\/es\/wp-json\/wp\/v2\/product_tag?post=4002"}],"curies":[{"name":"wp","href":"https:\/\/api.w.org\/{rel}","templated":true}]}}