{"id":4193,"date":"2024-08-28T03:06:35","date_gmt":"2024-08-28T03:06:35","guid":{"rendered":"https:\/\/chemneo.com\/?post_type=product&#038;p=4193"},"modified":"2024-08-28T03:07:25","modified_gmt":"2024-08-28T03:07:25","slug":"2-propenoic-acid-2-methyl-butyl-ester-polymer-cas-25322-99-0","status":"publish","type":"product","link":"https:\/\/chemneo.com\/es\/product\/4193.html","title":{"rendered":"\u00c1cido 2-propenoico, 2-metil-, \u00e9ster but\u00edlico, pol\u00edmero CAS #25322-99-0"},"content":{"rendered":"<p>2-Propenoic acid, 2-methyl-, butyl ester, polymer CAS #25322-99-0<\/p>\n<div id=\"ContentPlaceHolder1_ProductProperty\">\n<table border=\"0\" width=\"100%\" cellspacing=\"0\" cellpadding=\"0\" align=\"center\">\n<tbody>\n<tr>\n<td bgcolor=\"64B7D7\" height=\"1\"><\/td>\n<\/tr>\n<tr>\n<td class=\"td6\" bgcolor=\"DEEEF4\" width=\"611\" height=\"23\">2-Propenoic acid, 2-methyl-, butyl ester, polymer with butyl 2-propenoate and methyl 2-methyl-2-propenoate Basic information<\/td>\n<\/tr>\n<\/tbody>\n<\/table>\n<table border=\"0\" width=\"100%\" cellspacing=\"1\" cellpadding=\"2\" bgcolor=\"d5d5d5\">\n<tbody>\n<tr class=\"ProdSupplierGN_ProductA_2\">\n<td class=\"td1\">Product Name:<\/td>\n<td bgcolor=\"#fafafa\">2-Propenoic acid, 2-methyl-, butyl ester, polymer with butyl 2-propenoate and methyl 2-methyl-2-propenoate<\/td>\n<\/tr>\n<tr class=\"ProdSupplierGN_ProductA_2\">\n<td bgcolor=\"#FFFFFF\">Synonyms:<\/td>\n<td bgcolor=\"#FFFFFF\">2-Propenoic acid, 2-methyl-, butyl ester, polymer with butyl 2-propenoate and methyl 2-methyl-2-propenoate;Butyl 2-methyl-2-propenoate polymer with butyl 2-propenoate and methyl 2-methyl-2-propenoate<\/td>\n<\/tr>\n<tr class=\"ProdSupplierGN_ProductA_1\">\n<td class=\"td1\">CAS:<\/td>\n<td bgcolor=\"#fafafa\"><b>25322-99-0<\/b><\/td>\n<\/tr>\n<tr class=\"ProdSupplierGN_ProductA_2\">\n<td bgcolor=\"#FFFFFF\">MF:<\/td>\n<td bgcolor=\"#FFFFFF\">C20H34O6<\/td>\n<\/tr>\n<tr class=\"ProdSupplierGN_ProductA_1\">\n<td class=\"td1\">MW:<\/td>\n<td bgcolor=\"#fafafa\">370.49<\/td>\n<\/tr>\n<tr class=\"ProdSupplierGN_ProductA_2\">\n<td bgcolor=\"#FFFFFF\">EINECS:<\/td>\n<td bgcolor=\"#FFFFFF\"><\/td>\n<\/tr>\n<tr class=\"ProdSupplierGN_ProductA_1\">\n<td class=\"td1\">Product Categories:<\/td>\n<td bgcolor=\"#fafafa\">Polymers<\/td>\n<\/tr>\n<tr class=\"ProdSupplierGN_ProductA_1\">\n<td class=\"td1\">Mol File:<\/td>\n<td bgcolor=\"#fafafa\">25322-99-0.mol<\/td>\n<\/tr>\n<tr class=\"ProdSupplierGN_ProductA_2\">\n<td colspan=\"2\" align=\"center\" bgcolor=\"#FFFFFF\"><img decoding=\"async\" src=\"https:\/\/www.chemicalbook.com\/CAS\/20211123\/GIF\/25322-99-0.gif\" alt=\"2-Propenoic acid, 2-methyl-, butyl ester, polymer with butyl 2-propenoate and methyl 2-methyl-2-propenoate Structure\" title=\"\"><\/td>\n<\/tr>\n<\/tbody>\n<\/table>\n<\/div>\n<div id=\"ContentPlaceHolder1_ProductChemPropertyA\">\n<table border=\"0\" width=\"100%\" cellspacing=\"0\" cellpadding=\"0\" align=\"center\">\n<tbody>\n<tr>\n<td bgcolor=\"64B7D7\" height=\"1\"><\/td>\n<\/tr>\n<tr>\n<td class=\"td6\" bgcolor=\"DEEEF4\" width=\"611\" height=\"23\">2-Propenoic acid, 2-methyl-, butyl ester, polymer with butyl 2-propenoate and methyl 2-methyl-2-propenoate Chemical Properties<\/td>\n<\/tr>\n<\/tbody>\n<\/table>\n<table border=\"0\" width=\"100%\" cellspacing=\"1\" cellpadding=\"2\" bgcolor=\"d5d5d5\">\n<tbody>\n<tr class=\"ProdSupplierGN_ProductA_1\">\n<td class=\"td12\">Sistema de registro de sustancias de la EPA<\/td>\n<td bgcolor=\"#fafafa\"><span style=\"color: #0066cc;\">Butyl acrylate methyl methacrylate butyl methacrylate polymer (25322-99-0)<\/span><\/td>\n<\/tr>\n<\/tbody>\n<\/table>\n<\/div>","protected":false},"excerpt":{"rendered":"<p>Se polimeriza a partir de acrilato de 2-metil-2-butilo.<br \/>\nEn cuanto a sus propiedades f\u00edsicas, su estado puede ser s\u00f3lido o l\u00edquido, dependiendo de factores como el peso molecular y el grado de polimerizaci\u00f3n. Suele tener cierta viscosidad. Desde el punto de vista qu\u00edmico, es relativamente estable, pero puede reaccionar en determinadas condiciones, como temperaturas elevadas y entornos con \u00e1cidos y \u00e1lcalis fuertes. Este pol\u00edmero tiene una amplia gama de aplicaciones industriales. Por ejemplo, en el campo de los revestimientos, puede utilizarse para mejorar la adherencia, la resistencia al agua y la resistencia a la corrosi\u00f3n qu\u00edmica de los revestimientos; en la industria de los adhesivos, ayuda a mejorar la viscosidad y la durabilidad de los adhesivos. .<\/p>","protected":false},"featured_media":4245,"comment_status":"closed","ping_status":"closed","template":"","meta":[],"product_brand":[],"product_cat":[18],"product_tag":[19],"class_list":{"0":"post-4193","1":"product","2":"type-product","3":"status-publish","4":"has-post-thumbnail","6":"product_cat-petroleum-additives","7":"product_tag-petroleum-additives","9":"first","10":"instock","11":"shipping-taxable","12":"product-type-simple"},"_links":{"self":[{"href":"https:\/\/chemneo.com\/es\/wp-json\/wp\/v2\/product\/4193","targetHints":{"allow":["GET"]}}],"collection":[{"href":"https:\/\/chemneo.com\/es\/wp-json\/wp\/v2\/product"}],"about":[{"href":"https:\/\/chemneo.com\/es\/wp-json\/wp\/v2\/types\/product"}],"replies":[{"embeddable":true,"href":"https:\/\/chemneo.com\/es\/wp-json\/wp\/v2\/comments?post=4193"}],"wp:featuredmedia":[{"embeddable":true,"href":"https:\/\/chemneo.com\/es\/wp-json\/wp\/v2\/media\/4245"}],"wp:attachment":[{"href":"https:\/\/chemneo.com\/es\/wp-json\/wp\/v2\/media?parent=4193"}],"wp:term":[{"taxonomy":"product_brand","embeddable":true,"href":"https:\/\/chemneo.com\/es\/wp-json\/wp\/v2\/product_brand?post=4193"},{"taxonomy":"product_cat","embeddable":true,"href":"https:\/\/chemneo.com\/es\/wp-json\/wp\/v2\/product_cat?post=4193"},{"taxonomy":"product_tag","embeddable":true,"href":"https:\/\/chemneo.com\/es\/wp-json\/wp\/v2\/product_tag?post=4193"}],"curies":[{"name":"wp","href":"https:\/\/api.w.org\/{rel}","templated":true}]}}