{"id":4514,"date":"2024-11-13T11:00:07","date_gmt":"2024-11-13T03:00:07","guid":{"rendered":"https:\/\/chemneo.com\/product\/4514.html"},"modified":"2024-11-13T11:00:08","modified_gmt":"2024-11-13T03:00:08","slug":"3-hydroxybutyric-acid-cas-625-71-8","status":"publish","type":"product","link":"https:\/\/chemneo.com\/es\/product\/4514.html","title":{"rendered":"\u00c1cido 3-hidroxibut\u00edrico CAS 625-71-8"},"content":{"rendered":"<p>Descripci\u00f3n<\/p>\n<p>\t3-Hydroxybutyric acid Details<br \/>\nChemical Name: 3-Hydroxybutyric acid<br \/>\nCAS No.: 625-71-8<br \/>\nMolecular Formula: C4H8O3<br \/>\nMolecular Weight: 104.1<br \/>\nMolecular\u00a0Structure:<\/p>\n<p>Aspecto: Polvo blanco<br \/>\nTypical\u00a0Properties<\/p>\n<p>Melting point<br \/>\n49\u00b0C<\/p>\n<p>Punto de ebullici\u00f3n<br \/>\n118-120 \u00b0C\/2 mmHg (lit.)<\/p>\n<p>Punto de inflamaci\u00f3n<br \/>\n>230\u00a0\u00b0F<\/p>\n<p>Densidad<br \/>\n1.266<\/p>\n<p>\u00cdndice de refracci\u00f3n<br \/>\nn20\/D 1.443(lit.)<\/p>\n<p>\u00a0<br \/>\n3-Hydroxybutyric acid Usage<br \/>\n3-Hydroxybutyric acid\u00a0is used in enantioselective synthesis of D-(\u2212)-3-hydroxybutyric acid\u00a0by Escherichia coli.<br \/>\nPackaging and Shipping<br \/>\nPacking: 25KG\/Drum<br \/>\n3-Hydroxybutyric acid Storage<br \/>\nKeep in a well-closed, light-resistant, dry and cool place.<\/p>","protected":false},"excerpt":{"rendered":"<p>Chemical Name: 3-Hydroxybutyric acid<br \/>\nCAS No.: 625-71-8<br \/>\nMolecular Formula: C4H8O3<br \/>\nMolecular Weight: 104.1<br \/>\nAspecto: Polvo blanco<\/p>","protected":false},"featured_media":4513,"comment_status":"open","ping_status":"closed","template":"","meta":[],"product_brand":[],"product_cat":[17],"product_tag":[],"class_list":{"0":"post-4514","1":"product","2":"type-product","3":"status-publish","4":"has-post-thumbnail","6":"product_cat-uncategorized","8":"first","9":"instock","10":"shipping-taxable","11":"product-type-simple"},"_links":{"self":[{"href":"https:\/\/chemneo.com\/es\/wp-json\/wp\/v2\/product\/4514","targetHints":{"allow":["GET"]}}],"collection":[{"href":"https:\/\/chemneo.com\/es\/wp-json\/wp\/v2\/product"}],"about":[{"href":"https:\/\/chemneo.com\/es\/wp-json\/wp\/v2\/types\/product"}],"replies":[{"embeddable":true,"href":"https:\/\/chemneo.com\/es\/wp-json\/wp\/v2\/comments?post=4514"}],"wp:featuredmedia":[{"embeddable":true,"href":"https:\/\/chemneo.com\/es\/wp-json\/wp\/v2\/media\/4513"}],"wp:attachment":[{"href":"https:\/\/chemneo.com\/es\/wp-json\/wp\/v2\/media?parent=4514"}],"wp:term":[{"taxonomy":"product_brand","embeddable":true,"href":"https:\/\/chemneo.com\/es\/wp-json\/wp\/v2\/product_brand?post=4514"},{"taxonomy":"product_cat","embeddable":true,"href":"https:\/\/chemneo.com\/es\/wp-json\/wp\/v2\/product_cat?post=4514"},{"taxonomy":"product_tag","embeddable":true,"href":"https:\/\/chemneo.com\/es\/wp-json\/wp\/v2\/product_tag?post=4514"}],"curies":[{"name":"wp","href":"https:\/\/api.w.org\/{rel}","templated":true}]}}