{"id":4518,"date":"2024-11-13T11:00:10","date_gmt":"2024-11-13T03:00:10","guid":{"rendered":"https:\/\/chemneo.com\/product\/4518.html"},"modified":"2024-11-13T11:00:11","modified_gmt":"2024-11-13T03:00:11","slug":"d-pantothenic-acid-cas-79-83-4","status":"publish","type":"product","link":"https:\/\/chemneo.com\/es\/product\/4518.html","title":{"rendered":"\u00c1CIDO D-PANTOT\u00c9NICO CAS 79-83-4"},"content":{"rendered":"<p>Descripci\u00f3n<\/p>\n<p>\tD-PANTOTHENIC ACID\u00a0Details<br \/>\nChemical Name: D-PANTOTHENIC ACID<br \/>\nCAS No.: 79-83-4<br \/>\nMolecular Formula: C9H17NO5<br \/>\nMolecular Weight: 219.24<br \/>\nMolecular\u00a0Structure:<\/p>\n<p>Appearance: Colorless or Light Yellow Oily Liquid<br \/>\nTypical\u00a0Properties<\/p>\n<p>Melting point<br \/>\n178-179\u2103<\/p>\n<p>Punto de ebullici\u00f3n<br \/>\n360.05\u00b0C (rough estimate)<\/p>\n<p>Solubilidad<br \/>\nDMSO (a little), methanol (a little), water (a little)<\/p>\n<p>Densidad<br \/>\n1.266<\/p>\n<p>\u00cdndice de refracci\u00f3n<br \/>\n1.4315 (estimate)<\/p>\n<p>\u00a0<br \/>\nD-PANTOTHENIC ACID Usage<br \/>\nD-pantothenic acid is widely used in biochemical research and drug research.<br \/>\nIt is used as feed additives, medicines and food additives. Sodium pantothenate is also used in beverage additives, but it is highly hygroscopic, so pantothenic acid is now used instead.<br \/>\nPackaging and Shipping<br \/>\nPacking: 25KG\/Drum<br \/>\nD-PANTOTHENIC ACID Storage<br \/>\nKeep in a well-closed, light-resistant, dry and cool place.<\/p>","protected":false},"excerpt":{"rendered":"<p>Chemical Name: D-PANTOTHENIC ACID<br \/>\nCAS No.: 79-83-4<br \/>\nMolecular Formula: C9H17NO5<br \/>\nMolecular Weight: 219.24<br \/>\nAppearance: Colorless or Light Yellow Oily Liquid<\/p>","protected":false},"featured_media":4517,"comment_status":"open","ping_status":"closed","template":"","meta":[],"product_brand":[],"product_cat":[17],"product_tag":[],"class_list":{"0":"post-4518","1":"product","2":"type-product","3":"status-publish","4":"has-post-thumbnail","6":"product_cat-uncategorized","8":"first","9":"instock","10":"shipping-taxable","11":"product-type-simple"},"_links":{"self":[{"href":"https:\/\/chemneo.com\/es\/wp-json\/wp\/v2\/product\/4518","targetHints":{"allow":["GET"]}}],"collection":[{"href":"https:\/\/chemneo.com\/es\/wp-json\/wp\/v2\/product"}],"about":[{"href":"https:\/\/chemneo.com\/es\/wp-json\/wp\/v2\/types\/product"}],"replies":[{"embeddable":true,"href":"https:\/\/chemneo.com\/es\/wp-json\/wp\/v2\/comments?post=4518"}],"wp:featuredmedia":[{"embeddable":true,"href":"https:\/\/chemneo.com\/es\/wp-json\/wp\/v2\/media\/4517"}],"wp:attachment":[{"href":"https:\/\/chemneo.com\/es\/wp-json\/wp\/v2\/media?parent=4518"}],"wp:term":[{"taxonomy":"product_brand","embeddable":true,"href":"https:\/\/chemneo.com\/es\/wp-json\/wp\/v2\/product_brand?post=4518"},{"taxonomy":"product_cat","embeddable":true,"href":"https:\/\/chemneo.com\/es\/wp-json\/wp\/v2\/product_cat?post=4518"},{"taxonomy":"product_tag","embeddable":true,"href":"https:\/\/chemneo.com\/es\/wp-json\/wp\/v2\/product_tag?post=4518"}],"curies":[{"name":"wp","href":"https:\/\/api.w.org\/{rel}","templated":true}]}}