{"id":4547,"date":"2024-11-13T11:00:36","date_gmt":"2024-11-13T03:00:36","guid":{"rendered":"https:\/\/chemneo.com\/product\/4547.html"},"modified":"2024-11-13T11:00:36","modified_gmt":"2024-11-13T03:00:36","slug":"oxirane-methyl-polymer-with-oxirane-dodecyl-ether-cas-68238-81-3","status":"publish","type":"product","link":"https:\/\/chemneo.com\/es\/product\/4547.html","title":{"rendered":"Oxirano, metil-, pol\u00edmero con oxirano, dodecil \u00e9ter Cas 68238-81-3"},"content":{"rendered":"<p>Descripci\u00f3n<\/p>\n<p>\tChemical Name:\u00a0Oxirane, methyl-, polymer with oxirane, dodecyl ether<br \/>\nCAS No.: 68238-81-3<br \/>\nMolecular Fomula: C17H36O3<br \/>\nMolecular weight: 288.46600<br \/>\nAspecto: L\u00edquido transparente<br \/>\nEnsayo: 99.0%min<br \/>\nOxirane, methyl-, polymer with oxirane, dodecyl ether Typical Properties<\/p>\n<p>ITEMS<br \/>\nSPECIFICATION<\/p>\n<p>Apariencia<br \/>\nTransparent liquid<\/p>\n<p>Solubilidad<br \/>\nwater soluble<\/p>\n<p>pH<br \/>\n5-7<\/p>\n<p>Contenido<br \/>\n\u226599.0min<\/p>\n<p>\u00a0<br \/>\nOxirane, methyl-, polymer with oxirane, dodecyl ether application:<br \/>\nIt is used as a penetrant<br \/>\nOxirane, methyl-, polymer with oxirane, dodecyl ether Packaging and Shipping\u00a0<br \/>\n50KG\/ Drum<br \/>\nOxirane, methyl-, polymer with oxirane, dodecyl ether Storage<br \/>\nKeep closed and store in a dry and ventilated place.<\/p>","protected":false},"excerpt":{"rendered":"<p>Chemical Name: Oxirane, methyl-, polymer with oxirane, dodecyl ether<br \/>\nCas No.: 68238-81-3<br \/>\nMolecular Fomula: C17H36O3<br \/>\nMolecular Weight: 288.46594<\/p>","protected":false},"featured_media":0,"comment_status":"open","ping_status":"closed","template":"","meta":[],"product_brand":[],"product_cat":[17],"product_tag":[],"class_list":{"0":"post-4547","1":"product","2":"type-product","3":"status-publish","5":"product_cat-uncategorized","7":"first","8":"instock","9":"shipping-taxable","10":"product-type-simple"},"_links":{"self":[{"href":"https:\/\/chemneo.com\/es\/wp-json\/wp\/v2\/product\/4547","targetHints":{"allow":["GET"]}}],"collection":[{"href":"https:\/\/chemneo.com\/es\/wp-json\/wp\/v2\/product"}],"about":[{"href":"https:\/\/chemneo.com\/es\/wp-json\/wp\/v2\/types\/product"}],"replies":[{"embeddable":true,"href":"https:\/\/chemneo.com\/es\/wp-json\/wp\/v2\/comments?post=4547"}],"wp:attachment":[{"href":"https:\/\/chemneo.com\/es\/wp-json\/wp\/v2\/media?parent=4547"}],"wp:term":[{"taxonomy":"product_brand","embeddable":true,"href":"https:\/\/chemneo.com\/es\/wp-json\/wp\/v2\/product_brand?post=4547"},{"taxonomy":"product_cat","embeddable":true,"href":"https:\/\/chemneo.com\/es\/wp-json\/wp\/v2\/product_cat?post=4547"},{"taxonomy":"product_tag","embeddable":true,"href":"https:\/\/chemneo.com\/es\/wp-json\/wp\/v2\/product_tag?post=4547"}],"curies":[{"name":"wp","href":"https:\/\/api.w.org\/{rel}","templated":true}]}}