{"id":4555,"date":"2024-11-13T11:00:44","date_gmt":"2024-11-13T03:00:44","guid":{"rendered":"https:\/\/chemneo.com\/product\/4555.html"},"modified":"2024-11-13T11:00:45","modified_gmt":"2024-11-13T03:00:45","slug":"ethyl-hexanoate-cas-123-66-0","status":"publish","type":"product","link":"https:\/\/chemneo.com\/es\/product\/4555.html","title":{"rendered":"Hexanoato de etilo CAS 123-66-0"},"content":{"rendered":"<p>Descripci\u00f3n<\/p>\n<p>\tEthyl Hexanoate\u00a0Details<br \/>\nNombre qu\u00edmico: Hexanoato de etilo<br \/>\nSin\u00f3nimos: Caproato de etilo; \u00c9ster et\u00edlico del \u00e1cido caproico; Acetato de etilo y butilo; \u00c9ter capr\u00f3nico; \u00c9ster et\u00edlico del \u00e1cido hexanoico<br \/>\nN\u00ba CAS: 123-66-0<br \/>\nF\u00f3rmula molecular: C8H16O2<br \/>\nPeso molecular: 144,21<br \/>\nMolecular\u00a0Structure:<\/p>\n<p>Aspecto: L\u00edquido<br \/>\nEthyl Hexanoate\u00a0Typical Properties<\/p>\n<p>Melting point<br \/>\n-67\u00b0C<\/p>\n<p>Punto de ebullici\u00f3n<br \/>\n168 \u00b0C (lit.)<\/p>\n<p>Densidad<br \/>\n0.869 g\/mL at 25 \u00b0C (lit.)<\/p>\n<p>Apariencia<br \/>\nL\u00edquido<\/p>\n<p>Colour<br \/>\nColorless<\/p>\n<p>Punto de inflamaci\u00f3n<br \/>\n121\u00a0\u00b0F<\/p>\n<p>Vapor Pressure<br \/>\n4hPa at 25\u2103<\/p>\n<p>Refractive index<br \/>\nn20\/D 1.407<\/p>\n<p>Vapor density<br \/>\n5 (vs air)<\/p>\n<p>Ethyl Hexanoate\u00a0Usage<br \/>\n\u00a0It is mainly used for organic synthesis and preparation of food flavors. It is often used to prepare fruity edible flavors such as banana, apple, and pineapple.<br \/>\nEthyl Hexanoate\u00a0Packaging and Shipping<br \/>\nPacking: 25KG\/Drum<br \/>\nEthyl Hexanoate\u00a0Storage<br \/>\nKeep in a well-closed, light-resistant, dry and cool place.<\/p>","protected":false},"excerpt":{"rendered":"<p>Nombre qu\u00edmico: Hexanoato de etilo<br \/>\nSin\u00f3nimos: Caproato de etilo; \u00c9ster et\u00edlico del \u00e1cido caproico; Acetato de etilo y butilo; \u00c9ter capr\u00f3nico; \u00c9ster et\u00edlico del \u00e1cido hexanoico<br \/>\nN\u00ba CAS: 123-66-0<br \/>\nF\u00f3rmula molecular: C8H16O2<br \/>\nPeso molecular: 144,21<\/p>","protected":false},"featured_media":4554,"comment_status":"open","ping_status":"closed","template":"","meta":[],"product_brand":[],"product_cat":[17],"product_tag":[],"class_list":{"0":"post-4555","1":"product","2":"type-product","3":"status-publish","4":"has-post-thumbnail","6":"product_cat-uncategorized","8":"first","9":"instock","10":"shipping-taxable","11":"product-type-simple"},"_links":{"self":[{"href":"https:\/\/chemneo.com\/es\/wp-json\/wp\/v2\/product\/4555","targetHints":{"allow":["GET"]}}],"collection":[{"href":"https:\/\/chemneo.com\/es\/wp-json\/wp\/v2\/product"}],"about":[{"href":"https:\/\/chemneo.com\/es\/wp-json\/wp\/v2\/types\/product"}],"replies":[{"embeddable":true,"href":"https:\/\/chemneo.com\/es\/wp-json\/wp\/v2\/comments?post=4555"}],"wp:featuredmedia":[{"embeddable":true,"href":"https:\/\/chemneo.com\/es\/wp-json\/wp\/v2\/media\/4554"}],"wp:attachment":[{"href":"https:\/\/chemneo.com\/es\/wp-json\/wp\/v2\/media?parent=4555"}],"wp:term":[{"taxonomy":"product_brand","embeddable":true,"href":"https:\/\/chemneo.com\/es\/wp-json\/wp\/v2\/product_brand?post=4555"},{"taxonomy":"product_cat","embeddable":true,"href":"https:\/\/chemneo.com\/es\/wp-json\/wp\/v2\/product_cat?post=4555"},{"taxonomy":"product_tag","embeddable":true,"href":"https:\/\/chemneo.com\/es\/wp-json\/wp\/v2\/product_tag?post=4555"}],"curies":[{"name":"wp","href":"https:\/\/api.w.org\/{rel}","templated":true}]}}