{"id":4562,"date":"2024-11-13T11:00:51","date_gmt":"2024-11-13T03:00:51","guid":{"rendered":"https:\/\/chemneo.com\/product\/4562.html"},"modified":"2024-11-13T11:00:51","modified_gmt":"2024-11-13T03:00:51","slug":"propargyl-3-sulfopropyl-ether-sodium-salt-cas-30290-53-0","status":"publish","type":"product","link":"https:\/\/chemneo.com\/es\/product\/4562.html","title":{"rendered":"Sal s\u00f3dica de propargil-3-sulfopropil \u00e9ter Cas 30290-53-0"},"content":{"rendered":"<p>Descripci\u00f3n<\/p>\n<p>\tPropargyl-3-sulfopropyl ether sodium salt\u00a0Quick Details<br \/>\nChemical Name: Propargyl-3-sulfopropyl ether sodium salt<br \/>\nCAS No.: 30290-53-0<br \/>\nMF: C6H11NaO4S<br \/>\nMW: 202.2<br \/>\nAspecto: L\u00edquido amarillo claro<br \/>\nPropargyl-3-sulfopropyl ether sodium saltTypical\u00a0Properties<\/p>\n<p>Test\u00a0item<br \/>\nEspecificaci\u00f3n <\/p>\n<p>Apariencia<br \/>\nLight yellow liquid<\/p>\n<p>Ensayo<br \/>\n\u226599%<\/p>\n<p>Densidad<br \/>\n1.21 at 20\u2103<\/p>\n<p>LogP<br \/>\n-4.1<\/p>\n<p>\u00a0<br \/>\nPropargyl-3-sulfopropyl ether sodium salt Application<br \/>\nNickel plating brightener, combined with PPS,PPS-OHM to produce leveling effect. It is used to prepare nickel plating additives to improve the effect of polishing and leveling<br \/>\nPropargyl-3-sulfopropyl ether sodium salt Packaging and Shipping<br \/>\n200kg\/drum<br \/>\nPropargyl-3-sulfopropyl ether sodium salt Storage<br \/>\nKeep closed and store in a dry and ventilated place<\/p>","protected":false},"excerpt":{"rendered":"<p>Chemical Name: Propargyl-3-sulfopropyl ether sodium salt<br \/>\nCas No.: 30290-53-0<br \/>\nMolecular Fomula: C6H11NaO4S<br \/>\nMolecular Weight: 202.2<br \/>\nAspecto: L\u00edquido amarillo claro<\/p>","protected":false},"featured_media":0,"comment_status":"open","ping_status":"closed","template":"","meta":[],"product_brand":[],"product_cat":[17],"product_tag":[],"class_list":{"0":"post-4562","1":"product","2":"type-product","3":"status-publish","5":"product_cat-uncategorized","7":"first","8":"instock","9":"shipping-taxable","10":"product-type-simple"},"_links":{"self":[{"href":"https:\/\/chemneo.com\/es\/wp-json\/wp\/v2\/product\/4562","targetHints":{"allow":["GET"]}}],"collection":[{"href":"https:\/\/chemneo.com\/es\/wp-json\/wp\/v2\/product"}],"about":[{"href":"https:\/\/chemneo.com\/es\/wp-json\/wp\/v2\/types\/product"}],"replies":[{"embeddable":true,"href":"https:\/\/chemneo.com\/es\/wp-json\/wp\/v2\/comments?post=4562"}],"wp:attachment":[{"href":"https:\/\/chemneo.com\/es\/wp-json\/wp\/v2\/media?parent=4562"}],"wp:term":[{"taxonomy":"product_brand","embeddable":true,"href":"https:\/\/chemneo.com\/es\/wp-json\/wp\/v2\/product_brand?post=4562"},{"taxonomy":"product_cat","embeddable":true,"href":"https:\/\/chemneo.com\/es\/wp-json\/wp\/v2\/product_cat?post=4562"},{"taxonomy":"product_tag","embeddable":true,"href":"https:\/\/chemneo.com\/es\/wp-json\/wp\/v2\/product_tag?post=4562"}],"curies":[{"name":"wp","href":"https:\/\/api.w.org\/{rel}","templated":true}]}}