{"id":4620,"date":"2024-11-13T11:01:45","date_gmt":"2024-11-13T03:01:45","guid":{"rendered":"https:\/\/chemneo.com\/product\/4620.html"},"modified":"2024-11-13T11:01:47","modified_gmt":"2024-11-13T03:01:47","slug":"2r-2-deoxy-2-fluoro-2-methyl-d-erythropentonic-acid-y-lactone-35-dibenzoate-cas-874638-80-9","status":"publish","type":"product","link":"https:\/\/chemneo.com\/es\/product\/4620.html","title":{"rendered":"(2R) -2-Deoxi-2-Fluoro-2-Metil-D-Eritropent\u00f3nico \u00c1cido y-Lactona 3,5-Dibenzoato CAS 874638-80-9"},"content":{"rendered":"<p>Descripci\u00f3n<\/p>\n<p>\t(2R) -2-Deoxy-2-Fluoro-2-Methyl-D-Erythropentonic Acid Y-Lactone 3,5-Dibenzoate Quick Details<br \/>\nChemical Name:\u00a0(2R) -2-Deoxy-2-Fluoro-2-Methyl-D-Erythropentonic Acid y-Lactone 3,5-Dibenzoate<br \/>\nCas No.: 874638-80-9<br \/>\nMolecular Fomula:\u00a0C20H17Fo6<br \/>\nEstructura qu\u00edmica:<br \/>\nMolecular Weight:\u00a0372.35<br \/>\nAspecto: polvo blanco<br \/>\nAssay\uff1a98.5%\u00a0Min<br \/>\n(2R) -2-Deoxy-2-Fluoro-2-Methyl-D-Erythropentonic Acid Y-Lactone 3,5-Dibenzoate\u00a0Typical Properties<\/p>\n<p>Items<br \/>\nEspecificaci\u00f3n<\/p>\n<p>Assay\u00a0%<br \/>\n\u2265\u00a098.50<\/p>\n<p>Punto de fusi\u00f3n<br \/>\n133 \u2103<\/p>\n<p>Punto de ebullici\u00f3n<br \/>\n458.6 \u00b1 34.0 \u2103<\/p>\n<p>Densidad<br \/>\n1.33<\/p>\n<p>Solubilidad<br \/>\nHcv Polymerase Inhibitor Or Intermediate<\/p>\n<p>(2R) -2-Deoxy-2-Fluoro-2-Methyl-D-Erythropentonic Acid Y-Lactone 3,5-Dibenzoate\u00a0Application:<br \/>\nUsed As Raw Material For Anti Hepatitis C.<br \/>\n(2R) -2-Deoxy-2-Fluoro-2-Methyl-D-Erythropentonic Acid Y-Lactone 3,5-Dibenzoate\u00a0Packaging And Shipping\u00a0<br \/>\n1g, 10g, 100g, 200g, 1kg, 5kg\uff0c5Kg\/Bottle\uff1b<\/p>","protected":false},"excerpt":{"rendered":"<p>Chemical Name:\u00a0(2R) -2-Deoxy-2-Fluoro-2-Methyl-D-Erythropentonic Acid y-Lactone 3,5-Dibenzoate<br \/>\nCas No.:\u00a0874638-80-9<br \/>\nMolecular Weight:\u00a0372.35<br \/>\nAspecto: polvo blanco<br \/>\nAssay\uff1a98.5%\u00a0Min<\/p>","protected":false},"featured_media":4619,"comment_status":"open","ping_status":"closed","template":"","meta":[],"product_brand":[],"product_cat":[17],"product_tag":[],"class_list":{"0":"post-4620","1":"product","2":"type-product","3":"status-publish","4":"has-post-thumbnail","6":"product_cat-uncategorized","8":"first","9":"instock","10":"shipping-taxable","11":"product-type-simple"},"_links":{"self":[{"href":"https:\/\/chemneo.com\/es\/wp-json\/wp\/v2\/product\/4620","targetHints":{"allow":["GET"]}}],"collection":[{"href":"https:\/\/chemneo.com\/es\/wp-json\/wp\/v2\/product"}],"about":[{"href":"https:\/\/chemneo.com\/es\/wp-json\/wp\/v2\/types\/product"}],"replies":[{"embeddable":true,"href":"https:\/\/chemneo.com\/es\/wp-json\/wp\/v2\/comments?post=4620"}],"wp:featuredmedia":[{"embeddable":true,"href":"https:\/\/chemneo.com\/es\/wp-json\/wp\/v2\/media\/4619"}],"wp:attachment":[{"href":"https:\/\/chemneo.com\/es\/wp-json\/wp\/v2\/media?parent=4620"}],"wp:term":[{"taxonomy":"product_brand","embeddable":true,"href":"https:\/\/chemneo.com\/es\/wp-json\/wp\/v2\/product_brand?post=4620"},{"taxonomy":"product_cat","embeddable":true,"href":"https:\/\/chemneo.com\/es\/wp-json\/wp\/v2\/product_cat?post=4620"},{"taxonomy":"product_tag","embeddable":true,"href":"https:\/\/chemneo.com\/es\/wp-json\/wp\/v2\/product_tag?post=4620"}],"curies":[{"name":"wp","href":"https:\/\/api.w.org\/{rel}","templated":true}]}}