{"id":4624,"date":"2024-11-13T11:01:49","date_gmt":"2024-11-13T03:01:49","guid":{"rendered":"https:\/\/chemneo.com\/product\/4624.html"},"modified":"2024-11-13T11:01:50","modified_gmt":"2024-11-13T03:01:50","slug":"3-4-chlorophenylglutaric-acid-cas-35271-74-0","status":"publish","type":"product","link":"https:\/\/chemneo.com\/es\/product\/4624.html","title":{"rendered":"\u00c1cido 3-(4-clorofenil)glut\u00e1rico CAS 35271-74-0"},"content":{"rendered":"<p>Descripci\u00f3n<\/p>\n<p>\t3-(4-CHLOROPHENYL)GLUTARIC ACID\u00a0Quick Details<br \/>\nChemical Name:\u00a03-(4-Chlorophenyl)glutaric acid<br \/>\nCAS No.:\u00a035271-74-0<br \/>\nMolecular Fomula:\u00a0C11H11ClO4<br \/>\nEstructura qu\u00edmica:<\/p>\n<p>Molecular weight:\u00a0242.66<br \/>\nAppearance:\u00a0Yellow brown solid<br \/>\nEnsayo\uff1a99 % min<br \/>\n3-(4-CHLOROPHENYL)GLUTARIC ACID\u00a0Typical Properties<\/p>\n<p>ITEMS<br \/>\nSPECIFICATION<\/p>\n<p>Assay\u00a0%<br \/>\n\u2265\u00a099.0<\/p>\n<p>Densidad<br \/>\n1.396 \u00b1 0.06 g\/cm3<\/p>\n<p>Punto de ebullici\u00f3n<br \/>\n394.4 \u00b1 27.0 \u00b0C<\/p>\n<p>Acidity coefficient (pKa)<br \/>\n4.01\u00a0\u00b1\u00a00.10<\/p>\n<p>Solubilidad<br \/>\nDissolve in dimethyl sulfoxide. Slightly soluble in methanol.<\/p>\n<p>3-(4-CHLOROPHENYL)GLUTARIC ACID\u00a0Application:<br \/>\nWidely used in scientific research, teaching, and industrial production as an important component in fields such as chemical reagents, active pharmaceutical ingredients, and biopharmaceuticals.<br \/>\n3-(4-CHLOROPHENYL)GLUTARIC ACID\u00a0Packaging and Shipping\u00a0<br \/>\n25KG\/Cardboard Drum<\/p>","protected":false},"excerpt":{"rendered":"<p>Chemical Name:\u00a03-(4-Chlorophenyl)glutaric acid<br \/>\nCAS No.:\u00a035271-74-0<br \/>\nMolecular Fomula:\u00a0C11H11ClO4<br \/>\nMolecular weight:\u00a0242.66<br \/>\nAppearance:\u00a0Yellow brown solid<br \/>\nEnsayo\uff1a99 % min<\/p>","protected":false},"featured_media":4623,"comment_status":"open","ping_status":"closed","template":"","meta":[],"product_brand":[],"product_cat":[17],"product_tag":[],"class_list":{"0":"post-4624","1":"product","2":"type-product","3":"status-publish","4":"has-post-thumbnail","6":"product_cat-uncategorized","8":"first","9":"instock","10":"shipping-taxable","11":"product-type-simple"},"_links":{"self":[{"href":"https:\/\/chemneo.com\/es\/wp-json\/wp\/v2\/product\/4624","targetHints":{"allow":["GET"]}}],"collection":[{"href":"https:\/\/chemneo.com\/es\/wp-json\/wp\/v2\/product"}],"about":[{"href":"https:\/\/chemneo.com\/es\/wp-json\/wp\/v2\/types\/product"}],"replies":[{"embeddable":true,"href":"https:\/\/chemneo.com\/es\/wp-json\/wp\/v2\/comments?post=4624"}],"wp:featuredmedia":[{"embeddable":true,"href":"https:\/\/chemneo.com\/es\/wp-json\/wp\/v2\/media\/4623"}],"wp:attachment":[{"href":"https:\/\/chemneo.com\/es\/wp-json\/wp\/v2\/media?parent=4624"}],"wp:term":[{"taxonomy":"product_brand","embeddable":true,"href":"https:\/\/chemneo.com\/es\/wp-json\/wp\/v2\/product_brand?post=4624"},{"taxonomy":"product_cat","embeddable":true,"href":"https:\/\/chemneo.com\/es\/wp-json\/wp\/v2\/product_cat?post=4624"},{"taxonomy":"product_tag","embeddable":true,"href":"https:\/\/chemneo.com\/es\/wp-json\/wp\/v2\/product_tag?post=4624"}],"curies":[{"name":"wp","href":"https:\/\/api.w.org\/{rel}","templated":true}]}}